{"id":14625,"date":"2025-02-24T22:46:52","date_gmt":"2025-02-24T21:46:52","guid":{"rendered":"https:\/\/staviori.com.pl\/product\/zlote-kolczyki-kzx6456\/"},"modified":"2026-04-10T08:43:19","modified_gmt":"2026-04-10T06:43:19","slug":"zlote-kolczyki-kzx6456","status":"publish","type":"product","link":"https:\/\/staviori.com.pl\/cs\/product\/zlote-kolczyki-kzx6456\/","title":{"rendered":"24mm zlat\u00e9 kruhov\u00e9 n\u00e1u\u0161nice"},"content":{"rendered":"<p>Model: KXX6456<br \/>\nHmotnost p\u0159ibli\u017en\u011b 1,20 g<\/p>\n<p>N\u00e1u\u0161nice.<br \/>\n\u017dlut\u00e9 zlato 0,333.<br \/>\n\u015arednica 24 mm.<br \/>\nTlou\u0161\u0165ka 2 mm.<\/p>","protected":false},"excerpt":{"rendered":"<p>Kolczyki ko\u0142a z \u017c\u00f3\u0142tego z\u0142ota to ponadczasowy dodatek, kt\u00f3ry podkre\u015bli subteln\u0105 elegancj\u0119 ka\u017cdej stylizacji. Klasyczny kszta\u0142t oraz delikatny po\u0142ysk sprawiaj\u0105, \u017ce s\u0105 one idealnym wyborem zar\u00f3wno na co dzie\u0144, jak i na wyj\u0105tkowe okazje. Te lekkie i wygodne kolczyki dodadz\u0105 blasku ka\u017cdej kobiecie, podkre\u015blaj\u0105c jej naturalne pi\u0119kno.<\/p>","protected":false},"featured_media":14626,"comment_status":"closed","ping_status":"closed","template":"","meta":{"om_disable_all_campaigns":false},"product_brand":[2284,2350],"product_cat":[199,2044,1930],"product_tag":[2543,2660,3102,2682,3884,3885,3886,2683,2522],"class_list":{"0":"post-14625","1":"product","2":"type-product","3":"status-publish","4":"has-post-thumbnail","6":"product_brand-staviori","7":"product_brand-verona","8":"product_cat-kolczyki","9":"product_cat-zlote-kolczyki","10":"product_cat-zloto-2","11":"product_tag-bizuteria-zlota","12":"product_tag-eleganckie-kolczyki","13":"product_tag-kolczyki-damskie","14":"product_tag-kolczyki-kola","15":"product_tag-kxx6456","16":"product_tag-kzx6456","17":"product_tag-xha1278","18":"product_tag-zlote-kolczyki","19":"product_tag-zolte-zloto","20":"pa_grubosc-2mm","21":"pa_kolor-zolte","22":"pa_kruszec-zloto","23":"pa_proba-0-333","24":"pa_srednica-24mm","25":"pa_waga-120g","26":"pa_zapiecie-szarnir","28":"first","29":"instock","30":"purchasable","31":"product-type-simple"},"aioseo_notices":[],"_links":{"self":[{"href":"https:\/\/staviori.com.pl\/cs\/wp-json\/wp\/v2\/product\/14625","targetHints":{"allow":["GET"]}}],"collection":[{"href":"https:\/\/staviori.com.pl\/cs\/wp-json\/wp\/v2\/product"}],"about":[{"href":"https:\/\/staviori.com.pl\/cs\/wp-json\/wp\/v2\/types\/product"}],"replies":[{"embeddable":true,"href":"https:\/\/staviori.com.pl\/cs\/wp-json\/wp\/v2\/comments?post=14625"}],"wp:featuredmedia":[{"embeddable":true,"href":"https:\/\/staviori.com.pl\/cs\/wp-json\/wp\/v2\/media\/14626"}],"wp:attachment":[{"href":"https:\/\/staviori.com.pl\/cs\/wp-json\/wp\/v2\/media?parent=14625"}],"wp:term":[{"taxonomy":"product_brand","embeddable":true,"href":"https:\/\/staviori.com.pl\/cs\/wp-json\/wp\/v2\/product_brand?post=14625"},{"taxonomy":"product_cat","embeddable":true,"href":"https:\/\/staviori.com.pl\/cs\/wp-json\/wp\/v2\/product_cat?post=14625"},{"taxonomy":"product_tag","embeddable":true,"href":"https:\/\/staviori.com.pl\/cs\/wp-json\/wp\/v2\/product_tag?post=14625"}],"curies":[{"name":"wp","href":"https:\/\/api.w.org\/{rel}","templated":true}]}}