{"id":14623,"date":"2025-02-24T22:46:52","date_gmt":"2025-02-24T21:46:52","guid":{"rendered":"https:\/\/staviori.com.pl\/product\/zlote-kolczyki-kzx6391\/"},"modified":"2026-03-16T10:17:22","modified_gmt":"2026-03-16T09:17:22","slug":"zlote-kolczyki-kzx6391","status":"publish","type":"product","link":"https:\/\/staviori.com.pl\/cs\/product\/zlote-kolczyki-kzx6391\/","title":{"rendered":"Zlat\u00e9 n\u00e1u\u0161nice mal\u00e9 kuli\u010dky 2 mm 333"},"content":{"rendered":"<p>Model: KXX6391<br \/>\nWaga ok. 0,45g<\/p>\n<p>N\u00e1u\u0161nice.<br \/>\n\u017dlut\u00e9 zlato 0,333.<br \/>\n\u015arednica 2 mm.<\/p>","protected":false},"excerpt":{"rendered":"<p>Subtelne kolczyki sztyfty wykonane z \u017c\u00f3\u0142tego z\u0142ota to klasyka, kt\u00f3ra nigdy nie wychodzi z mody. Ich minimalistyczny design w formie delikatnych kuleczek doskonale sprawdzi si\u0119 zar\u00f3wno na co dzie\u0144, jak i jako elegancki dodatek do wieczorowych stylizacji. Idealne dla kobiet ceni\u0105cych uniwersalno\u015b\u0107, wygod\u0119 i ponadczasowy blask z\u0142ota.<\/p>","protected":false},"featured_media":18531,"comment_status":"closed","ping_status":"closed","template":"","meta":{"om_disable_all_campaigns":false},"product_brand":[2284,2350],"product_cat":[199,2044,1930],"product_tag":[2565,3889,3102,2931,3285,2708,3888,2668,2700,2522],"class_list":{"0":"post-14623","1":"product","2":"type-product","3":"status-publish","4":"has-post-thumbnail","6":"product_brand-staviori","7":"product_brand-verona","8":"product_cat-kolczyki","9":"product_cat-zlote-kolczyki","10":"product_cat-zloto-2","11":"product_tag-delikatna-bizuteria","12":"product_tag-fa15675","13":"product_tag-kolczyki-damskie","14":"product_tag-kolczyki-dla-dziecka","15":"product_tag-kolczyki-kulki","16":"product_tag-kolczyki-zlote","17":"product_tag-kxx6391","18":"product_tag-minimalistyczne-kolczyki","19":"product_tag-sztyfty","20":"product_tag-zolte-zloto","21":"pa_kolor-zolte","22":"pa_kruszec-zloto","23":"pa_proba-0-333","24":"pa_srednica-2mm","25":"pa_waga-045g","26":"pa_zapiecie-sztyft","28":"first","29":"instock","30":"purchasable","31":"product-type-simple"},"aioseo_notices":[],"_links":{"self":[{"href":"https:\/\/staviori.com.pl\/cs\/wp-json\/wp\/v2\/product\/14623","targetHints":{"allow":["GET"]}}],"collection":[{"href":"https:\/\/staviori.com.pl\/cs\/wp-json\/wp\/v2\/product"}],"about":[{"href":"https:\/\/staviori.com.pl\/cs\/wp-json\/wp\/v2\/types\/product"}],"replies":[{"embeddable":true,"href":"https:\/\/staviori.com.pl\/cs\/wp-json\/wp\/v2\/comments?post=14623"}],"wp:featuredmedia":[{"embeddable":true,"href":"https:\/\/staviori.com.pl\/cs\/wp-json\/wp\/v2\/media\/18531"}],"wp:attachment":[{"href":"https:\/\/staviori.com.pl\/cs\/wp-json\/wp\/v2\/media?parent=14623"}],"wp:term":[{"taxonomy":"product_brand","embeddable":true,"href":"https:\/\/staviori.com.pl\/cs\/wp-json\/wp\/v2\/product_brand?post=14623"},{"taxonomy":"product_cat","embeddable":true,"href":"https:\/\/staviori.com.pl\/cs\/wp-json\/wp\/v2\/product_cat?post=14623"},{"taxonomy":"product_tag","embeddable":true,"href":"https:\/\/staviori.com.pl\/cs\/wp-json\/wp\/v2\/product_tag?post=14623"}],"curies":[{"name":"wp","href":"https:\/\/api.w.org\/{rel}","templated":true}]}}