{"id":14619,"date":"2025-02-24T22:46:52","date_gmt":"2025-02-24T21:46:52","guid":{"rendered":"https:\/\/staviori.com.pl\/product\/zlote-kolczyki-kzx5481\/"},"modified":"2026-04-09T22:01:18","modified_gmt":"2026-04-09T20:01:18","slug":"zlote-kolczyki-kzx5481","status":"publish","type":"product","link":"https:\/\/staviori.com.pl\/cs\/product\/zlote-kolczyki-kzx5481\/","title":{"rendered":"Zlat\u00e9 velk\u00e9 kruhov\u00e9 n\u00e1u\u0161nice 4cm"},"content":{"rendered":"<p>Model: KZX5481<br \/>\nHmotnost p\u0159ibli\u017en\u011b 1,50 g<\/p>\n<p>N\u00e1u\u0161nice.<br \/>\n\u017dlut\u00e9 zlato 0,585.<br \/>\n\u015arednica 44 mm.<\/p>","protected":false},"excerpt":{"rendered":"<p>Model: KZX5481 Waga ok. 1,50g Kolczyki. \u017b\u00f3\u0142te Z\u0142oto 0,585. \u015arednica 44 mm.<\/p>","protected":false},"featured_media":3244,"comment_status":"closed","ping_status":"closed","template":"","meta":{"om_disable_all_campaigns":false},"product_brand":[2284,2350],"product_cat":[199,2044,1930],"product_tag":[3891,3776,2682,3890,2683],"class_list":{"0":"post-14619","1":"product","2":"type-product","3":"status-publish","4":"has-post-thumbnail","6":"product_brand-staviori","7":"product_brand-verona","8":"product_cat-kolczyki","9":"product_cat-zlote-kolczyki","10":"product_cat-zloto-2","11":"product_tag-duze-kola","12":"product_tag-eleganckie","13":"product_tag-kolczyki-kola","14":"product_tag-kzx5481","15":"product_tag-zlote-kolczyki","16":"pa_kolor-zolte","17":"pa_kruszec-zloto","18":"pa_proba-0-585","19":"pa_srednica-44mm","20":"pa_waga-150g","21":"pa_zapiecie-bigiel-zamniety","23":"first","24":"instock","25":"purchasable","26":"product-type-simple"},"aioseo_notices":[],"_links":{"self":[{"href":"https:\/\/staviori.com.pl\/cs\/wp-json\/wp\/v2\/product\/14619","targetHints":{"allow":["GET"]}}],"collection":[{"href":"https:\/\/staviori.com.pl\/cs\/wp-json\/wp\/v2\/product"}],"about":[{"href":"https:\/\/staviori.com.pl\/cs\/wp-json\/wp\/v2\/types\/product"}],"replies":[{"embeddable":true,"href":"https:\/\/staviori.com.pl\/cs\/wp-json\/wp\/v2\/comments?post=14619"}],"wp:featuredmedia":[{"embeddable":true,"href":"https:\/\/staviori.com.pl\/cs\/wp-json\/wp\/v2\/media\/3244"}],"wp:attachment":[{"href":"https:\/\/staviori.com.pl\/cs\/wp-json\/wp\/v2\/media?parent=14619"}],"wp:term":[{"taxonomy":"product_brand","embeddable":true,"href":"https:\/\/staviori.com.pl\/cs\/wp-json\/wp\/v2\/product_brand?post=14619"},{"taxonomy":"product_cat","embeddable":true,"href":"https:\/\/staviori.com.pl\/cs\/wp-json\/wp\/v2\/product_cat?post=14619"},{"taxonomy":"product_tag","embeddable":true,"href":"https:\/\/staviori.com.pl\/cs\/wp-json\/wp\/v2\/product_tag?post=14619"}],"curies":[{"name":"wp","href":"https:\/\/api.w.org\/{rel}","templated":true}]}}