{"id":14618,"date":"2025-02-24T22:46:52","date_gmt":"2025-02-24T21:46:52","guid":{"rendered":"https:\/\/staviori.com.pl\/product\/zlote-kolczyki-kzx5194\/"},"modified":"2026-02-11T00:08:51","modified_gmt":"2026-02-10T23:08:51","slug":"zlote-kolczyki-kzx5194","status":"publish","type":"product","link":"https:\/\/staviori.com.pl\/cs\/product\/zlote-kolczyki-kzx5194\/","title":{"rendered":"Zlat\u00e9 15mm kruhov\u00e9 n\u00e1u\u0161nice 333"},"content":{"rendered":"<p>Model: KXX5194<br \/>\nWaga ok. 0,35g<\/p>\n<p>N\u00e1u\u0161nice.<br \/>\n\u017dlut\u00e9 zlato 0,333.<br \/>\nPr\u016fm\u011br 15 mm.<\/p>","protected":false},"excerpt":{"rendered":"<p>Delikatne kolczyki ko\u0142a wykonane z \u017c\u00f3\u0142tego z\u0142ota to idealna propozycja dla mi\u0142o\u015bniczek klasyki i minimalizmu. Ich subtelny blask pi\u0119knie roz\u015bwietla twarz, a lekka forma sprawia, \u017ce s\u0105 niezwykle wygodne w noszeniu na co dzie\u0144. To uniwersalny dodatek, kt\u00f3ry doskonale uzupe\u0142ni zar\u00f3wno codzienne, jak i bardziej eleganckie stylizacje.<\/p>","protected":false},"featured_media":3242,"comment_status":"closed","ping_status":"closed","template":"","meta":{"om_disable_all_campaigns":false},"product_brand":[2284,2350],"product_cat":[199,2044,1930],"product_tag":[3503,3102,2682,3894,2996,2384,3893,2683,2522],"class_list":{"0":"post-14618","1":"product","2":"type-product","3":"status-publish","4":"has-post-thumbnail","6":"product_brand-staviori","7":"product_brand-verona","8":"product_cat-kolczyki","9":"product_cat-zlote-kolczyki","10":"product_cat-zloto-2","11":"product_tag-codzienne-kolczyki","12":"product_tag-kolczyki-damskie","13":"product_tag-kolczyki-kola","14":"product_tag-kxx5194","15":"product_tag-lekkie-kolczyki","16":"product_tag-minimalistyczna-bizuteria","17":"product_tag-xka1886","18":"product_tag-zlote-kolczyki","19":"product_tag-zolte-zloto","20":"pa_kolor-zolte","21":"pa_kruszec-zloto","22":"pa_proba-0-333","23":"pa_srednica-15mm","24":"pa_waga-038g","25":"pa_zapiecie-bigiel-zamniety","27":"first","28":"instock","29":"purchasable","30":"product-type-simple"},"aioseo_notices":[],"_links":{"self":[{"href":"https:\/\/staviori.com.pl\/cs\/wp-json\/wp\/v2\/product\/14618","targetHints":{"allow":["GET"]}}],"collection":[{"href":"https:\/\/staviori.com.pl\/cs\/wp-json\/wp\/v2\/product"}],"about":[{"href":"https:\/\/staviori.com.pl\/cs\/wp-json\/wp\/v2\/types\/product"}],"replies":[{"embeddable":true,"href":"https:\/\/staviori.com.pl\/cs\/wp-json\/wp\/v2\/comments?post=14618"}],"wp:featuredmedia":[{"embeddable":true,"href":"https:\/\/staviori.com.pl\/cs\/wp-json\/wp\/v2\/media\/3242"}],"wp:attachment":[{"href":"https:\/\/staviori.com.pl\/cs\/wp-json\/wp\/v2\/media?parent=14618"}],"wp:term":[{"taxonomy":"product_brand","embeddable":true,"href":"https:\/\/staviori.com.pl\/cs\/wp-json\/wp\/v2\/product_brand?post=14618"},{"taxonomy":"product_cat","embeddable":true,"href":"https:\/\/staviori.com.pl\/cs\/wp-json\/wp\/v2\/product_cat?post=14618"},{"taxonomy":"product_tag","embeddable":true,"href":"https:\/\/staviori.com.pl\/cs\/wp-json\/wp\/v2\/product_tag?post=14618"}],"curies":[{"name":"wp","href":"https:\/\/api.w.org\/{rel}","templated":true}]}}