{"id":14617,"date":"2025-02-24T22:46:52","date_gmt":"2025-02-24T21:46:52","guid":{"rendered":"https:\/\/staviori.com.pl\/product\/zlote-kolczyki-kzx3554\/"},"modified":"2026-02-11T00:08:51","modified_gmt":"2026-02-10T23:08:51","slug":"zlote-kolczyki-kzx3554","status":"publish","type":"product","link":"https:\/\/staviori.com.pl\/cs\/product\/zlote-kolczyki-kzx3554\/","title":{"rendered":"Zlat\u00e9 kruhov\u00e9 n\u00e1u\u0161nice 12 mm 585"},"content":{"rendered":"<p>Model: KZX3554<br \/>\nWaga ok. 0,30g<\/p>\n<p>N\u00e1u\u0161nice.<br \/>\n\u017dlut\u00e9 zlato 0,585.<br \/>\n\u015arednica 12 mm.<br \/>\nSzeroko\u015b\u0107 1 mm.<\/p>","protected":false},"excerpt":{"rendered":"<p>Klasyczne kolczyki ko\u0142a wykonane z \u017c\u00f3\u0142tego z\u0142ota to kwintesencja subtelnej elegancji. Ich minimalistyczna forma sprawia, \u017ce s\u0105 uniwersalnym dodatkiem na ka\u017cd\u0105 okazj\u0119 \u2013 zar\u00f3wno do codziennych stylizacji, jak i na wyj\u0105tkowe wyj\u015bcia. Lekka konstrukcja gwarantuje komfort noszenia przez ca\u0142y dzie\u0144, a szlachetny blask z\u0142ota dodaje ca\u0142o\u015bci wyj\u0105tkowego uroku.<\/p>","protected":false},"featured_media":3235,"comment_status":"closed","ping_status":"closed","template":"","meta":{"om_disable_all_campaigns":false},"product_brand":[2284,2350],"product_cat":[1384,199,2044,1930,176],"product_tag":[3897,3102,2682,3895,2996,2384,3896,2683,2522],"class_list":{"0":"post-14617","1":"product","2":"type-product","3":"status-publish","4":"has-post-thumbnail","6":"product_brand-staviori","7":"product_brand-verona","8":"product_cat-bizuteria","9":"product_cat-kolczyki","10":"product_cat-zlote-kolczyki","11":"product_cat-zloto-2","12":"product_cat-zloto","13":"product_tag-eleganckie-dodatki","14":"product_tag-kolczyki-damskie","15":"product_tag-kolczyki-kola","16":"product_tag-kzx3554","17":"product_tag-lekkie-kolczyki","18":"product_tag-minimalistyczna-bizuteria","19":"product_tag-zka0122","20":"product_tag-zlote-kolczyki","21":"product_tag-zolte-zloto","22":"pa_kolor-zolte","23":"pa_kruszec-zloto","24":"pa_proba-0-585","25":"pa_srednica-12mm","26":"pa_szerokosc-1mm","27":"pa_waga-030g","28":"pa_zapiecie-szarnir","30":"first","31":"instock","32":"purchasable","33":"product-type-simple"},"aioseo_notices":[],"_links":{"self":[{"href":"https:\/\/staviori.com.pl\/cs\/wp-json\/wp\/v2\/product\/14617","targetHints":{"allow":["GET"]}}],"collection":[{"href":"https:\/\/staviori.com.pl\/cs\/wp-json\/wp\/v2\/product"}],"about":[{"href":"https:\/\/staviori.com.pl\/cs\/wp-json\/wp\/v2\/types\/product"}],"replies":[{"embeddable":true,"href":"https:\/\/staviori.com.pl\/cs\/wp-json\/wp\/v2\/comments?post=14617"}],"wp:featuredmedia":[{"embeddable":true,"href":"https:\/\/staviori.com.pl\/cs\/wp-json\/wp\/v2\/media\/3235"}],"wp:attachment":[{"href":"https:\/\/staviori.com.pl\/cs\/wp-json\/wp\/v2\/media?parent=14617"}],"wp:term":[{"taxonomy":"product_brand","embeddable":true,"href":"https:\/\/staviori.com.pl\/cs\/wp-json\/wp\/v2\/product_brand?post=14617"},{"taxonomy":"product_cat","embeddable":true,"href":"https:\/\/staviori.com.pl\/cs\/wp-json\/wp\/v2\/product_cat?post=14617"},{"taxonomy":"product_tag","embeddable":true,"href":"https:\/\/staviori.com.pl\/cs\/wp-json\/wp\/v2\/product_tag?post=14617"}],"curies":[{"name":"wp","href":"https:\/\/api.w.org\/{rel}","templated":true}]}}