{"id":14601,"date":"2025-02-24T22:46:48","date_gmt":"2025-02-24T21:46:48","guid":{"rendered":"https:\/\/staviori.com.pl\/product\/perly-ze-zlotem-kzn6622\/"},"modified":"2026-04-10T08:09:52","modified_gmt":"2026-04-10T06:09:52","slug":"perly-ze-zlotem-kzn6622","status":"publish","type":"product","link":"https:\/\/staviori.com.pl\/cs\/product\/perly-ze-zlotem-kzn6622\/","title":{"rendered":"N\u00e1u\u0161nice s 5mm perlami ze \u017elut\u00e9ho zlata"},"content":{"rendered":"<p>Model: KZN6622<br \/>\nHmotnost p\u0159ibli\u017en\u011b 1,15 g<\/p>\n<p>N\u00e1u\u0161nice.<br \/>\n\u017dlut\u00e9 zlato 0,585.<br \/>\nP\u0159\u00edrodn\u00ed sladkovodn\u00ed kultivovan\u00e9 perly.<\/p>\n<p>\u015arednica 6.5 mm.<br \/>\nGrubo\u015b\u0107 4 mm.<br \/>\n\u015arednica pere\u0142 5 mm.<\/p>","protected":false},"excerpt":{"rendered":"<p>Subtelne kolczyki-wkr\u0119tki z naturalnymi per\u0142ami hodowanymi s\u0142odkowodnymi, osadzone w delikatnej oprawie z 14-karatowego \u017c\u00f3\u0142tego z\u0142ota. Ich finezyjny, minimalistyczny kszta\u0142t podkre\u015bla klasyczn\u0105 elegancj\u0119, dodaj\u0105c blasku ka\u017cdej stylizacji \u2013 zar\u00f3wno codziennej, jak i wieczorowej. Lekka konstrukcja gwarantuje wygod\u0119 noszenia przez ca\u0142y dzie\u0144, a perfekcyjnie g\u0142adka powierzchnia pere\u0142 nadaje bi\u017cuterii wyj\u0105tkowego uroku.<\/p>","protected":false},"featured_media":14602,"comment_status":"closed","ping_status":"closed","template":"","meta":{"om_disable_all_campaigns":false},"product_brand":[2284,2350],"product_cat":[1393,1976,1930],"product_tag":[2541,2660,5363,1395,5364,2512,2522],"class_list":{"0":"post-14601","1":"product","2":"type-product","3":"status-publish","4":"has-post-thumbnail","6":"product_brand-staviori","7":"product_brand-verona","8":"product_cat-perly","9":"product_cat-perly-ze-zlotem","10":"product_cat-zloto-2","11":"product_tag-bizuteria-damska","12":"product_tag-eleganckie-kolczyki","13":"product_tag-ff19510","14":"product_tag-kolczyki-z-perlami","15":"product_tag-kzn6622","16":"product_tag-perly-hodowane-slodkowodne","17":"product_tag-zolte-zloto","18":"pa_grubosc-4mm","19":"pa_kamien-naturalne-perly-hodowane-slodkowodne","20":"pa_kolor-zolte","21":"pa_kruszec-zloto","22":"pa_proba-0-585","23":"pa_srednica-6-5mm","24":"pa_waga-115g","26":"first","27":"instock","28":"purchasable","29":"product-type-simple"},"aioseo_notices":[],"_links":{"self":[{"href":"https:\/\/staviori.com.pl\/cs\/wp-json\/wp\/v2\/product\/14601","targetHints":{"allow":["GET"]}}],"collection":[{"href":"https:\/\/staviori.com.pl\/cs\/wp-json\/wp\/v2\/product"}],"about":[{"href":"https:\/\/staviori.com.pl\/cs\/wp-json\/wp\/v2\/types\/product"}],"replies":[{"embeddable":true,"href":"https:\/\/staviori.com.pl\/cs\/wp-json\/wp\/v2\/comments?post=14601"}],"wp:featuredmedia":[{"embeddable":true,"href":"https:\/\/staviori.com.pl\/cs\/wp-json\/wp\/v2\/media\/14602"}],"wp:attachment":[{"href":"https:\/\/staviori.com.pl\/cs\/wp-json\/wp\/v2\/media?parent=14601"}],"wp:term":[{"taxonomy":"product_brand","embeddable":true,"href":"https:\/\/staviori.com.pl\/cs\/wp-json\/wp\/v2\/product_brand?post=14601"},{"taxonomy":"product_cat","embeddable":true,"href":"https:\/\/staviori.com.pl\/cs\/wp-json\/wp\/v2\/product_cat?post=14601"},{"taxonomy":"product_tag","embeddable":true,"href":"https:\/\/staviori.com.pl\/cs\/wp-json\/wp\/v2\/product_tag?post=14601"}],"curies":[{"name":"wp","href":"https:\/\/api.w.org\/{rel}","templated":true}]}}