{"id":14600,"date":"2025-02-24T22:46:48","date_gmt":"2025-02-24T21:46:48","guid":{"rendered":"https:\/\/staviori.com.pl\/product\/perly-ze-zlotem-kzn6271\/"},"modified":"2026-02-11T00:08:51","modified_gmt":"2026-02-10T23:08:51","slug":"perly-ze-zlotem-kzn6271","status":"publish","type":"product","link":"https:\/\/staviori.com.pl\/cs\/product\/perly-ze-zlotem-kzn6271\/","title":{"rendered":"Z\u00e1v\u011bsn\u00e9 perly ve 14kar\u00e1tov\u00e9m zlat\u011b"},"content":{"rendered":"<p>Model: KZN6271<br \/>\nHmotnost p\u0159ibli\u017en\u011b 3,30 g<\/p>\n<p>N\u00e1u\u0161nice.<br \/>\n\u017dlut\u00e9 zlato 0,585.<br \/>\nP\u0159\u00edrodn\u00ed sladkovodn\u00ed kultivovan\u00e9 perly.<\/p>\n<p>D\u00e9lka 20 mm.<br \/>\n\u0160\u00ed\u0159ka 7 mm.<\/p>","protected":false},"excerpt":{"rendered":"<p>Wyj\u0105tkowe kolczyki-wisz\u0105ce, w kt\u00f3rych naturalne per\u0142y hodowane s\u0142odkowodnie subtelnie ko\u0142ysz\u0105 si\u0119 w eleganckiej oprawie z 14-karatowego \u017c\u00f3\u0142tego z\u0142ota. Smuk\u0142y, op\u0142ywowy kszta\u0142t zawieszki podkre\u015bla delikatno\u015b\u0107 pere\u0142, nadaj\u0105c bi\u017cuterii lekko\u015bci i szyku. Idealne do wieczorowych stylizacji, jak i klasycznych zestaw\u00f3w na co dzie\u0144 \u2013 dodaj\u0105 kobiecego uroku i luksusowego wyko\u0144czenia ka\u017cdemu lookowi.<\/p>","protected":false},"featured_media":3213,"comment_status":"closed","ping_status":"closed","template":"","meta":{"om_disable_all_campaigns":false},"product_brand":[2284,2350],"product_cat":[1393,1976,1930],"product_tag":[5367,1395,5366,2512,5365,2771,2522],"class_list":{"0":"post-14600","1":"product","2":"type-product","3":"status-publish","4":"has-post-thumbnail","6":"product_brand-staviori","7":"product_brand-verona","8":"product_cat-perly","9":"product_cat-perly-ze-zlotem","10":"product_cat-zloto-2","11":"product_tag-elegancka-bizuteria-damska-zapytaj-czatbota-chatgpt","12":"product_tag-kolczyki-z-perlami","13":"product_tag-kzn6271","14":"product_tag-perly-hodowane-slodkowodne","15":"product_tag-pk84b","16":"product_tag-wiszace-kolczyki","17":"product_tag-zolte-zloto","18":"pa_dlugosc-20mm","19":"pa_kamien-naturalne-perly-hodowane-slodkowodne","20":"pa_kolor-zolte","21":"pa_kruszec-zloto","22":"pa_proba-0-585","23":"pa_szerokosc-7mm","24":"pa_waga-330g","26":"first","27":"instock","28":"sale","29":"purchasable","30":"product-type-simple"},"aioseo_notices":[],"_links":{"self":[{"href":"https:\/\/staviori.com.pl\/cs\/wp-json\/wp\/v2\/product\/14600","targetHints":{"allow":["GET"]}}],"collection":[{"href":"https:\/\/staviori.com.pl\/cs\/wp-json\/wp\/v2\/product"}],"about":[{"href":"https:\/\/staviori.com.pl\/cs\/wp-json\/wp\/v2\/types\/product"}],"replies":[{"embeddable":true,"href":"https:\/\/staviori.com.pl\/cs\/wp-json\/wp\/v2\/comments?post=14600"}],"wp:featuredmedia":[{"embeddable":true,"href":"https:\/\/staviori.com.pl\/cs\/wp-json\/wp\/v2\/media\/3213"}],"wp:attachment":[{"href":"https:\/\/staviori.com.pl\/cs\/wp-json\/wp\/v2\/media?parent=14600"}],"wp:term":[{"taxonomy":"product_brand","embeddable":true,"href":"https:\/\/staviori.com.pl\/cs\/wp-json\/wp\/v2\/product_brand?post=14600"},{"taxonomy":"product_cat","embeddable":true,"href":"https:\/\/staviori.com.pl\/cs\/wp-json\/wp\/v2\/product_cat?post=14600"},{"taxonomy":"product_tag","embeddable":true,"href":"https:\/\/staviori.com.pl\/cs\/wp-json\/wp\/v2\/product_tag?post=14600"}],"curies":[{"name":"wp","href":"https:\/\/api.w.org\/{rel}","templated":true}]}}