{"id":14597,"date":"2025-02-24T22:46:48","date_gmt":"2025-02-24T21:46:48","guid":{"rendered":"https:\/\/staviori.com.pl\/product\/perly-ze-zlotem-kzn4682\/"},"modified":"2026-02-11T00:08:51","modified_gmt":"2026-02-10T23:08:51","slug":"perly-ze-zlotem-kzn4682","status":"publish","type":"product","link":"https:\/\/staviori.com.pl\/cs\/product\/perly-ze-zlotem-kzn4682\/","title":{"rendered":"Perly se zlatem 585 pr\u016fm\u011br 7-8 mm"},"content":{"rendered":"<p>Model: KZN4682<br \/>\nHmotnost p\u0159ibli\u017en\u011b 1,50 g<\/p>\n<p>N\u00e1u\u0161nice.<br \/>\n\u017dlut\u00e9 zlato 0,585.<br \/>\nP\u0159\u00edrodn\u00ed sladkovodn\u00ed kultivovan\u00e9 perly.<br \/>\nKvalita A<br \/>\nPr\u016fm\u011br 7,5-8,0 mm.<\/p>","protected":false},"excerpt":{"rendered":"<p>Klasick\u00e9 puzetov\u00e9 n\u00e1u\u0161nice s p\u0159\u00edrodn\u00edmi kultivovan\u00fdmi perlami zasazen\u00fdmi do elegantn\u00edho \u017elut\u00e9ho zlata o ryzosti 0,585. Jemn\u00e9 a nad\u010dasov\u00e9 n\u00e1u\u0161nice dokonale podtrhuj\u00ed \u017eenskou jemnost a styl. Dokonal\u00e1 volba pro ka\u017edou p\u0159\u00edle\u017eitost - pro ka\u017edodenn\u00ed i v\u00fdjime\u010dn\u00e9 stylizace. Perly jsou symbolem elegance a p\u0159irozen\u00e9 kr\u00e1sy, kter\u00e1 nikdy nevyjde z m\u00f3dy.<\/p>","protected":false},"featured_media":18500,"comment_status":"closed","ping_status":"closed","template":"","meta":{"om_disable_all_campaigns":false},"product_brand":[2284,2350],"product_cat":[1393,1976,1930],"product_tag":[2628,3871,3873,2317,3831,3837,3828,3866,2665,3581,2708,3868,3862,3870,2513,3864,3869,3867,3029,3863,3865,3872,3744,3834,3750,2522],"class_list":{"0":"post-14597","1":"product","2":"type-product","3":"status-publish","4":"has-post-thumbnail","6":"product_brand-staviori","7":"product_brand-verona","8":"product_cat-perly","9":"product_cat-perly-ze-zlotem","10":"product_cat-zloto-2","11":"product_tag-bizuteria-klasyczna","12":"product_tag-classic-jewelry","13":"product_tag-cultured-pearls","14":"product_tag-elegancka-bizuteria","15":"product_tag-elegant-jewelry","16":"product_tag-elegantni-sperky","17":"product_tag-gold-earrings","18":"product_tag-klasicke-sperky","19":"product_tag-kolczyki-sztyfty","20":"product_tag-kolczyki-z-perla","21":"product_tag-kolczyki-zlote","22":"product_tag-kultivovane-perly","23":"product_tag-kzn4682","24":"product_tag-natural-pearls","25":"product_tag-naturalne-perly","26":"product_tag-nausnice-s-perlou","27":"product_tag-pearl-earrings","28":"product_tag-peckove-nausnice","29":"product_tag-perly-hodowane","30":"product_tag-pk75b","31":"product_tag-prirodni-perly","32":"product_tag-stud-earrings","33":"product_tag-yellow-gold","34":"product_tag-zlate-nausnice","35":"product_tag-zlute-zlato","36":"product_tag-zolte-zloto","37":"pa_kamien-naturalne-perly-hodowane-slodkowodne","38":"pa_kolor-zolte","39":"pa_kruszec-zloto","40":"pa_proba-0-585","41":"pa_waga-150g","42":"pa_zapiecie-sztyft","44":"first","45":"instock","46":"purchasable","47":"product-type-simple"},"aioseo_notices":[],"_links":{"self":[{"href":"https:\/\/staviori.com.pl\/cs\/wp-json\/wp\/v2\/product\/14597","targetHints":{"allow":["GET"]}}],"collection":[{"href":"https:\/\/staviori.com.pl\/cs\/wp-json\/wp\/v2\/product"}],"about":[{"href":"https:\/\/staviori.com.pl\/cs\/wp-json\/wp\/v2\/types\/product"}],"replies":[{"embeddable":true,"href":"https:\/\/staviori.com.pl\/cs\/wp-json\/wp\/v2\/comments?post=14597"}],"wp:featuredmedia":[{"embeddable":true,"href":"https:\/\/staviori.com.pl\/cs\/wp-json\/wp\/v2\/media\/18500"}],"wp:attachment":[{"href":"https:\/\/staviori.com.pl\/cs\/wp-json\/wp\/v2\/media?parent=14597"}],"wp:term":[{"taxonomy":"product_brand","embeddable":true,"href":"https:\/\/staviori.com.pl\/cs\/wp-json\/wp\/v2\/product_brand?post=14597"},{"taxonomy":"product_cat","embeddable":true,"href":"https:\/\/staviori.com.pl\/cs\/wp-json\/wp\/v2\/product_cat?post=14597"},{"taxonomy":"product_tag","embeddable":true,"href":"https:\/\/staviori.com.pl\/cs\/wp-json\/wp\/v2\/product_tag?post=14597"}],"curies":[{"name":"wp","href":"https:\/\/api.w.org\/{rel}","templated":true}]}}