{"id":14596,"date":"2025-02-24T22:46:48","date_gmt":"2025-02-24T21:46:48","guid":{"rendered":"https:\/\/staviori.com.pl\/product\/perly-ze-zlotem-kzn2180\/"},"modified":"2026-02-11T00:08:51","modified_gmt":"2026-02-10T23:08:51","slug":"perly-ze-zlotem-kzn2180","status":"publish","type":"product","link":"https:\/\/staviori.com.pl\/cs\/product\/perly-ze-zlotem-kzn2180\/","title":{"rendered":"Zlat\u00e9 \"kapky\" n\u00e1u\u0161nice s p\u0159\u00edrodn\u00edmi perlami 10-12 mm"},"content":{"rendered":"<p>Model: KZN2180<br \/>\nWaga ok. 5,30g<\/p>\n<p>N\u00e1u\u0161nice.<br \/>\n\u017dlut\u00e9 zlato 0,585.<br \/>\nP\u0159\u00edrodn\u00ed sladkovodn\u00ed kultivovan\u00e9 perly.<br \/>\nKvalita B - b\u00edl\u00e1<br \/>\n\u015arednica 10-12.5 mm.<br \/>\nD\u0142ugo\u015b\u0107 23 mm.<br \/>\nVezm\u011bte pros\u00edm na v\u011bdom\u00ed, \u017ee p\u0159\u00edrodn\u00ed perly a d\u00edlo p\u0159\u00edrody nejsou identick\u00e9 nebo dokonal\u00e9 a ka\u017ed\u00fd perlov\u00fd v\u00fdrobek se m\u016f\u017ee m\u00edrn\u011b li\u0161it.<\/p>","protected":false},"excerpt":{"rendered":"<p>Wyj\u0105tkowe kolczyki z naturalnymi per\u0142ami hodowanymi, oprawione w eleganckie \u017c\u00f3\u0142te z\u0142oto pr\u00f3by 0,585. Ka\u017cda per\u0142a zachwyca swoim unikatowym kszta\u0142tem i subtelnym, naturalnym blaskiem. Delikatny design sprawia, \u017ce kolczyki prezentuj\u0105 si\u0119 niezwykle kobieco i stylowo. To idealny wyb\u00f3r dla os\u00f3b ceni\u0105cych klasyczn\u0105 elegancj\u0119 oraz ponadczasow\u0105 urod\u0119 pere\u0142. Doskona\u0142e zar\u00f3wno na co dzie\u0144, jak i na wyj\u0105tkowe okazje.<\/p>","protected":false},"featured_media":3193,"comment_status":"closed","ping_status":"closed","template":"","meta":{"om_disable_all_campaigns":false},"product_brand":[2284,2350],"product_cat":[1393,1976,1930],"product_tag":[2541,3260,2947,3581,2708,3876,2513,3029,3877,2522],"class_list":{"0":"post-14596","1":"product","2":"type-product","3":"status-publish","4":"has-post-thumbnail","6":"product_brand-staviori","7":"product_brand-verona","8":"product_cat-perly","9":"product_cat-perly-ze-zlotem","10":"product_cat-zloto-2","11":"product_tag-bizuteria-damska","12":"product_tag-bizuteria-z-perlami","13":"product_tag-klasyczna-elegancja","14":"product_tag-kolczyki-z-perla","15":"product_tag-kolczyki-zlote","16":"product_tag-kzn2180","17":"product_tag-naturalne-perly","18":"product_tag-perly-hodowane","19":"product_tag-pk88b","20":"product_tag-zolte-zloto","21":"pa_dlugosc-23mm","22":"pa_kamien-naturalne-perly-hodowane-slodkowodne","23":"pa_kolor-zolte","24":"pa_kruszec-zloto","25":"pa_proba-0-585","26":"pa_waga-530g","27":"pa_zapiecie-angielskie","29":"first","30":"onbackorder","31":"purchasable","32":"product-type-simple"},"aioseo_notices":[],"_links":{"self":[{"href":"https:\/\/staviori.com.pl\/cs\/wp-json\/wp\/v2\/product\/14596","targetHints":{"allow":["GET"]}}],"collection":[{"href":"https:\/\/staviori.com.pl\/cs\/wp-json\/wp\/v2\/product"}],"about":[{"href":"https:\/\/staviori.com.pl\/cs\/wp-json\/wp\/v2\/types\/product"}],"replies":[{"embeddable":true,"href":"https:\/\/staviori.com.pl\/cs\/wp-json\/wp\/v2\/comments?post=14596"}],"wp:featuredmedia":[{"embeddable":true,"href":"https:\/\/staviori.com.pl\/cs\/wp-json\/wp\/v2\/media\/3193"}],"wp:attachment":[{"href":"https:\/\/staviori.com.pl\/cs\/wp-json\/wp\/v2\/media?parent=14596"}],"wp:term":[{"taxonomy":"product_brand","embeddable":true,"href":"https:\/\/staviori.com.pl\/cs\/wp-json\/wp\/v2\/product_brand?post=14596"},{"taxonomy":"product_cat","embeddable":true,"href":"https:\/\/staviori.com.pl\/cs\/wp-json\/wp\/v2\/product_cat?post=14596"},{"taxonomy":"product_tag","embeddable":true,"href":"https:\/\/staviori.com.pl\/cs\/wp-json\/wp\/v2\/product_tag?post=14596"}],"curies":[{"name":"wp","href":"https:\/\/api.w.org\/{rel}","templated":true}]}}