{"id":14577,"date":"2025-02-24T22:46:48","date_gmt":"2025-02-24T21:46:48","guid":{"rendered":"https:\/\/staviori.com.pl\/product\/kolczyk-z-brylantami-kzd6676\/"},"modified":"2026-04-08T16:40:30","modified_gmt":"2026-04-08T14:40:30","slug":"kolczyk-z-brylantami-kzd6676","status":"publish","type":"product","link":"https:\/\/staviori.com.pl\/cs\/product\/kolczyk-z-brylantami-kzd6676\/","title":{"rendered":"Klasick\u00e9 diamantov\u00e9 n\u00e1u\u0161nice"},"content":{"rendered":"<p>Model: KZD6676<br \/>\nWaga ok. 1,02g<\/p>\n<p>N\u00e1u\u0161nice.<br \/>\n\u017dlut\u00e9, b\u00edl\u00e9 zlato 0,585.<br \/>\n2 Diamenty, szlif brylantowy, o masie 0,20ct, barwa H, czysto\u015b\u0107 SI1-SI2.<\/p>\n<p>\u015arednica 5 mm.<\/p>\n<p>Kolczyki wykonane z eleganckiego dwukolorowego z\u0142ota o pr\u00f3bie 585. Elementy ozdobne w formie korony wykonano z bia\u0142ego z\u0142ota, natomiast sztyfty stworzono z \u017c\u00f3\u0142tego z\u0142ota. W centralnym punkcie korony umieszczono diament o masie 0,10ct, oszlifowany w formie brylantu. Bi\u017cuteria doskonale podkre\u015bli wyj\u0105tkowy charakter ka\u017cdej stylizacji.<\/p>","protected":false},"excerpt":{"rendered":"<p>Jemn\u00e9 n\u00e1u\u0161nice z dvoubarevn\u00e9ho zlata vzoru 585, v n\u011bm\u017e se \u017elut\u00e9 zlato dokonale snoub\u00ed s b\u00edl\u00fdm. Ozdobn\u00e1 korunka z b\u00edl\u00e9ho zlata kr\u00e1sn\u011b odhaluje brilianty o celkov\u00e9 hmotnosti 0,20 ct, kter\u00e9 n\u00e1u\u0161nic\u00edm dod\u00e1vaj\u00ed u\u0161lechtil\u00fd lesk a nad\u010dasovou eleganci. Tento klasick\u00fd design v podob\u011b jemn\u00e9 puzety podtrhne p\u0159irozenou kr\u00e1su a jedine\u010dn\u00fd styl ka\u017ed\u00e9 \u017eeny. Dokonal\u00e1 volba pro ka\u017edodenn\u00ed no\u0161en\u00ed i v\u00fdjime\u010dn\u00e9 p\u0159\u00edle\u017eitosti.<\/p>","protected":false},"featured_media":14578,"comment_status":"closed","ping_status":"closed","template":"","meta":{"om_disable_all_campaigns":false},"product_brand":[2284,2350],"product_cat":[1838,1990,199],"product_tag":[3786,2308,3781,3793,3790,2301,3780,3754,3751,2296,3745,3792,3787,3755,3710,3765,3784,3717,1394,3785,3761,3791,3794,3788,3789,3777,3744,3750,2522],"class_list":{"0":"post-14577","1":"product","2":"type-product","3":"status-publish","4":"has-post-thumbnail","6":"product_brand-staviori","7":"product_brand-verona","8":"product_cat-diamenty","9":"product_cat-kolczyk-z-brylantami","10":"product_cat-kolczyki","11":"product_tag-18918-2","12":"product_tag-biale-zloto","13":"product_tag-bile-zlato","14":"product_tag-brilianty","15":"product_tag-brilliants","16":"product_tag-brylanty","17":"product_tag-classic","18":"product_tag-darek","19":"product_tag-diamanty","20":"product_tag-diamenty","21":"product_tag-diamonds","22":"product_tag-dvoubarevne-zlato","23":"product_tag-dwukolorowe-zloto","24":"product_tag-elegance","25":"product_tag-elegancja","26":"product_tag-gift-nausnice","27":"product_tag-klasika","28":"product_tag-klasyka","29":"product_tag-kolczyki","30":"product_tag-kzd6676","31":"product_tag-prezent-earrings","32":"product_tag-rosette","33":"product_tag-rozeta","34":"product_tag-rozetka","35":"product_tag-two-tone-gold","36":"product_tag-white-gold","37":"product_tag-yellow-gold","38":"product_tag-zlute-zlato","39":"product_tag-zolte-zloto","40":"pa_barwa-h-2","41":"pa_czystosc-si1","42":"pa_kamien-diament","43":"pa_kolor-zolte","44":"pa_kruszec-zloto","45":"pa_proba-0-585","46":"pa_srednica-5mm","47":"pa_waga-102g","48":"pa_zapiecie-sztyft","50":"first","51":"instock","52":"purchasable","53":"product-type-simple"},"aioseo_notices":[],"_links":{"self":[{"href":"https:\/\/staviori.com.pl\/cs\/wp-json\/wp\/v2\/product\/14577","targetHints":{"allow":["GET"]}}],"collection":[{"href":"https:\/\/staviori.com.pl\/cs\/wp-json\/wp\/v2\/product"}],"about":[{"href":"https:\/\/staviori.com.pl\/cs\/wp-json\/wp\/v2\/types\/product"}],"replies":[{"embeddable":true,"href":"https:\/\/staviori.com.pl\/cs\/wp-json\/wp\/v2\/comments?post=14577"}],"wp:featuredmedia":[{"embeddable":true,"href":"https:\/\/staviori.com.pl\/cs\/wp-json\/wp\/v2\/media\/14578"}],"wp:attachment":[{"href":"https:\/\/staviori.com.pl\/cs\/wp-json\/wp\/v2\/media?parent=14577"}],"wp:term":[{"taxonomy":"product_brand","embeddable":true,"href":"https:\/\/staviori.com.pl\/cs\/wp-json\/wp\/v2\/product_brand?post=14577"},{"taxonomy":"product_cat","embeddable":true,"href":"https:\/\/staviori.com.pl\/cs\/wp-json\/wp\/v2\/product_cat?post=14577"},{"taxonomy":"product_tag","embeddable":true,"href":"https:\/\/staviori.com.pl\/cs\/wp-json\/wp\/v2\/product_tag?post=14577"}],"curies":[{"name":"wp","href":"https:\/\/api.w.org\/{rel}","templated":true}]}}