{"id":14569,"date":"2025-02-24T22:46:48","date_gmt":"2025-02-24T21:46:48","guid":{"rendered":"https:\/\/staviori.com.pl\/product\/kolczyk-z-brylantami-kzd6200\/"},"modified":"2026-02-11T00:08:50","modified_gmt":"2026-02-10T23:08:50","slug":"kolczyk-z-brylantami-kzd6200","status":"publish","type":"product","link":"https:\/\/staviori.com.pl\/cs\/product\/kolczyk-z-brylantami-kzd6200\/","title":{"rendered":"N\u00e1u\u0161nice ze \u017elut\u00e9ho a b\u00edl\u00e9ho zlata + diamanty"},"content":{"rendered":"<p>Model: KZD6200<br \/>\nWaga ok. 0,77g<\/p>\n<p>N\u00e1u\u0161nice.<br \/>\n\u017dlut\u00e9, b\u00edl\u00e9 zlato 0,585.<br \/>\n2 Diamenty, szlif brylantowy, o masie 0,012ct, barwa H, czysto\u015b\u0107 I1.<\/p>\n<p>\u015arednica 7 mm.<\/p>","protected":false},"excerpt":{"rendered":"<p>Eleganckie kolczyki z \u017c\u00f3\u0142tego i bia\u0142ego z\u0142ota, ozdobione subtelnymi brylantami. Ich nowoczesny, minimalistyczny design opiera si\u0119 na harmonijnym po\u0142\u0105czeniu dw\u00f3ch okr\u0119g\u00f3w i delikatnego blasku diamentu. To uniwersalna propozycja, kt\u00f3ra doskonale sprawdzi si\u0119 zar\u00f3wno na co dzie\u0144, jak i na specjalne okazje, podkre\u015blaj\u0105c wyj\u0105tkowy styl i klas\u0119 ka\u017cdej kobiety.<\/p>","protected":false},"featured_media":18474,"comment_status":"closed","ping_status":"closed","template":"","meta":{"om_disable_all_campaigns":false},"product_brand":[2284,2350],"product_cat":[1838,1990,199],"product_tag":[3774,2308,3781,3780,3754,3751,2296,3745,3776,3779,3783,3765,3784,3717,1394,3773,3778,3782,3775,3761,3777,3744,3750,2522],"class_list":{"0":"post-14569","1":"product","2":"type-product","3":"status-publish","4":"has-post-thumbnail","6":"product_brand-staviori","7":"product_brand-verona","8":"product_cat-diamenty","9":"product_cat-kolczyk-z-brylantami","10":"product_cat-kolczyki","11":"product_tag-3774","12":"product_tag-biale-zloto","13":"product_tag-bile-zlato","14":"product_tag-classic","15":"product_tag-darek","16":"product_tag-diamanty","17":"product_tag-diamenty","18":"product_tag-diamonds","19":"product_tag-eleganckie","20":"product_tag-elegant","21":"product_tag-elegantni","22":"product_tag-gift-nausnice","23":"product_tag-klasika","24":"product_tag-klasyka","25":"product_tag-kolczyki","26":"product_tag-kzd6200","27":"product_tag-minimalist","28":"product_tag-minimalisticke","29":"product_tag-minimalistyczne","30":"product_tag-prezent-earrings","31":"product_tag-white-gold","32":"product_tag-yellow-gold","33":"product_tag-zlute-zlato","34":"product_tag-zolte-zloto","35":"pa_barwa-h-2","36":"pa_czystosc-i1","37":"pa_kamien-diamenty","38":"pa_kolor-zolte","39":"pa_kruszec-zloto","40":"pa_proba-0-585","41":"pa_srednica-7mm","42":"pa_waga-077g","43":"pa_zapiecie-sztyft","45":"first","46":"instock","47":"purchasable","48":"product-type-simple"},"aioseo_notices":[],"_links":{"self":[{"href":"https:\/\/staviori.com.pl\/cs\/wp-json\/wp\/v2\/product\/14569","targetHints":{"allow":["GET"]}}],"collection":[{"href":"https:\/\/staviori.com.pl\/cs\/wp-json\/wp\/v2\/product"}],"about":[{"href":"https:\/\/staviori.com.pl\/cs\/wp-json\/wp\/v2\/types\/product"}],"replies":[{"embeddable":true,"href":"https:\/\/staviori.com.pl\/cs\/wp-json\/wp\/v2\/comments?post=14569"}],"wp:featuredmedia":[{"embeddable":true,"href":"https:\/\/staviori.com.pl\/cs\/wp-json\/wp\/v2\/media\/18474"}],"wp:attachment":[{"href":"https:\/\/staviori.com.pl\/cs\/wp-json\/wp\/v2\/media?parent=14569"}],"wp:term":[{"taxonomy":"product_brand","embeddable":true,"href":"https:\/\/staviori.com.pl\/cs\/wp-json\/wp\/v2\/product_brand?post=14569"},{"taxonomy":"product_cat","embeddable":true,"href":"https:\/\/staviori.com.pl\/cs\/wp-json\/wp\/v2\/product_cat?post=14569"},{"taxonomy":"product_tag","embeddable":true,"href":"https:\/\/staviori.com.pl\/cs\/wp-json\/wp\/v2\/product_tag?post=14569"}],"curies":[{"name":"wp","href":"https:\/\/api.w.org\/{rel}","templated":true}]}}