{"id":14567,"date":"2025-02-24T22:46:44","date_gmt":"2025-02-24T21:46:44","guid":{"rendered":"https:\/\/staviori.com.pl\/product\/kolczyk-z-brylantami-kzd6000s\/"},"modified":"2026-02-11T00:08:50","modified_gmt":"2026-02-10T23:08:50","slug":"kolczyk-z-brylantami-kzd6000s","status":"publish","type":"product","link":"https:\/\/staviori.com.pl\/cs\/product\/kolczyk-z-brylantami-kzd6000s\/","title":{"rendered":"Ov\u00e1ln\u00e9 zlat\u00e9 n\u00e1u\u0161nice se saf\u00edry a diamanty"},"content":{"rendered":"<p>Model: KZD6000S<br \/>\nHmotnost p\u0159ibli\u017en\u011b 1,90 g<\/p>\n<p>N\u00e1u\u0161nice.<br \/>\n\u017dlut\u00e9 zlato 0,750.<br \/>\n44 diamant\u016f, briliantov\u00fd brus, hmotnost 0,09ct, barva G, \u010distota VS2-SI1.<br \/>\n2 saf\u00edry o hmotnosti 0,90ct.<\/p>\n<p>D\u00e9lka 8 mm.<br \/>\n\u0160\u00ed\u0159ka 6 mm.<\/p>\n<p><strong>Produkt je k dispozici pouze na vy\u017e\u00e1d\u00e1n\u00ed, doba dod\u00e1n\u00ed cca 2 t\u00fddny.<\/strong><\/p>","protected":false},"excerpt":{"rendered":"<p>Elegantn\u00ed n\u00e1u\u0161nice ze \u017elut\u00e9ho zlata 0,750, kter\u00e9 zaujmou sv\u00fdm nad\u010dasov\u00fdm stylem a precizn\u00edm zpracov\u00e1n\u00edm. Uprost\u0159ed kompozice se nach\u00e1zej\u00ed dva tmav\u011b modr\u00e9 saf\u00edry o celkov\u00e9 hmotnosti 0,90 ct, kter\u00e9 jsou obklopeny leskem 44 briliant\u016f. D\u00edky kombinaci drah\u00e9ho zlata a kamen\u016f n\u00e1u\u0161nice dokonale podtrhuj\u00ed p\u0159irozenou kr\u00e1su a dodaj\u00ed \u0161mrnc ka\u017ed\u00e9 stylizaci. Jsou luxusn\u00ed volbou pro zvl\u00e1\u0161tn\u00ed p\u0159\u00edle\u017eitosti a dokonal\u00fdm d\u00e1rkem pro milovn\u00edky klasick\u00fdch \u0161perk\u016f.<\/p>","protected":false},"featured_media":3157,"comment_status":"closed","ping_status":"closed","template":"","meta":{"om_disable_all_campaigns":false},"product_brand":[2284],"product_cat":[1803,1838,1990,6858,199],"product_tag":[2296,3710,2603,1394,3726,3727,2332,2297,2561,2522],"class_list":{"0":"post-14567","1":"product","2":"type-product","3":"status-publish","4":"has-post-thumbnail","6":"product_brand-staviori","7":"product_cat-brylanty-exclusive","8":"product_cat-diamenty","9":"product_cat-kolczyk-z-brylantami","10":"product_cat-kolczyki-brylanty-exclusive","11":"product_cat-kolczyki","12":"product_tag-diamenty","13":"product_tag-elegancja","14":"product_tag-klasyczna-bizuteria","15":"product_tag-kolczyki","16":"product_tag-kzd6000s","17":"product_tag-luksus","18":"product_tag-prezent","19":"product_tag-szafiry","20":"product_tag-szlachetne-kamienie","21":"product_tag-zolte-zloto","22":"pa_barwa-g-2","23":"pa_czystosc-vs2","24":"pa_dlugosc-8mm","25":"pa_dostawca-hosgor","26":"pa_kamien-brylanty","27":"pa_kolor-zolte","28":"pa_kruszec-zloto","29":"pa_proba-0-750","30":"pa_szerokosc-6mm","31":"pa_waga-190g","32":"pa_zapiecie-sztyft","34":"first","35":"onbackorder","36":"purchasable","37":"product-type-simple"},"aioseo_notices":[],"_links":{"self":[{"href":"https:\/\/staviori.com.pl\/cs\/wp-json\/wp\/v2\/product\/14567","targetHints":{"allow":["GET"]}}],"collection":[{"href":"https:\/\/staviori.com.pl\/cs\/wp-json\/wp\/v2\/product"}],"about":[{"href":"https:\/\/staviori.com.pl\/cs\/wp-json\/wp\/v2\/types\/product"}],"replies":[{"embeddable":true,"href":"https:\/\/staviori.com.pl\/cs\/wp-json\/wp\/v2\/comments?post=14567"}],"wp:featuredmedia":[{"embeddable":true,"href":"https:\/\/staviori.com.pl\/cs\/wp-json\/wp\/v2\/media\/3157"}],"wp:attachment":[{"href":"https:\/\/staviori.com.pl\/cs\/wp-json\/wp\/v2\/media?parent=14567"}],"wp:term":[{"taxonomy":"product_brand","embeddable":true,"href":"https:\/\/staviori.com.pl\/cs\/wp-json\/wp\/v2\/product_brand?post=14567"},{"taxonomy":"product_cat","embeddable":true,"href":"https:\/\/staviori.com.pl\/cs\/wp-json\/wp\/v2\/product_cat?post=14567"},{"taxonomy":"product_tag","embeddable":true,"href":"https:\/\/staviori.com.pl\/cs\/wp-json\/wp\/v2\/product_tag?post=14567"}],"curies":[{"name":"wp","href":"https:\/\/api.w.org\/{rel}","templated":true}]}}