{"id":14563,"date":"2025-02-24T22:46:44","date_gmt":"2025-02-24T21:46:44","guid":{"rendered":"https:\/\/staviori.com.pl\/product\/kolczyk-z-brylantami-kzd5720\/"},"modified":"2026-02-11T00:08:49","modified_gmt":"2026-02-10T23:08:49","slug":"kolczyk-z-brylantami-kzd5720","status":"publish","type":"product","link":"https:\/\/staviori.com.pl\/cs\/product\/kolczyk-z-brylantami-kzd5720\/","title":{"rendered":"Dvoubarevn\u00e9 zlat\u00e9 n\u00e1u\u0161nice s diamanty"},"content":{"rendered":"<p>Model: KZD5720<br \/>\nHmotnost p\u0159ibli\u017en\u011b 0,75 g<\/p>\n<p>N\u00e1u\u0161nice.<br \/>\n\u017dlut\u00e9 zlato 0,585.<br \/>\n2 diamanty, briliantov\u00fd brus, hmotnost 0,08ct, barva H, \u010distota I1-I2.<\/p>\n<p>Rozm\u011bry 8 \u00d7 4 mm.<\/p>","protected":false},"excerpt":{"rendered":"<p>\u00dachvatn\u00e9 n\u00e1u\u0161nice ze \u017elut\u00e9ho zlata 0,585, kter\u00e9 zaujmou sv\u00fdm decentn\u00edm, ale z\u00e1rove\u0148 modern\u00edm designem. Ka\u017edou n\u00e1u\u0161nici zdob\u00ed jisk\u0159iv\u00fd briliant, jemn\u011b zasazen\u00fd v uhlazen\u00e9m zlat\u011b. Jedn\u00e1 se o nad\u010dasovou eleganci v lehk\u00e9m, nesm\u00edrn\u011b \u017eensk\u00e9m designu - dokonal\u00e1 volba pro ka\u017edodenn\u00ed no\u0161en\u00ed i v\u00fdjime\u010dn\u00e9 p\u0159\u00edle\u017eitosti.<\/p>","protected":false},"featured_media":3140,"comment_status":"closed","ping_status":"closed","template":"","meta":{"om_disable_all_campaigns":false},"product_brand":[2284],"product_cat":[1838,1990,199],"product_tag":[3722,2296,3710,3717,1394,2667,3721,2332,3724,3723,2522],"class_list":{"0":"post-14563","1":"product","2":"type-product","3":"status-publish","4":"has-post-thumbnail","6":"product_brand-staviori","7":"product_cat-diamenty","8":"product_cat-kolczyk-z-brylantami","9":"product_cat-kolczyki","10":"product_tag-diament","11":"product_tag-diamenty","12":"product_tag-elegancja","13":"product_tag-klasyka","14":"product_tag-kolczyki","15":"product_tag-kolczyki-z-diamentami","16":"product_tag-kzd5720","17":"product_tag-prezent","18":"product_tag-staviori","19":"product_tag-zlota-bizuteria","20":"product_tag-zolte-zloto","21":"pa_barwa-h-2","22":"pa_czystosc-i1","23":"pa_dostawca-estrella","24":"pa_kamien-brylanty","25":"pa_kolor-zolte","26":"pa_kruszec-zloto","27":"pa_proba-0-585","28":"pa_waga-075g","29":"pa_wymiary-8x4mm","30":"pa_zapiecie-sztyft","32":"first","33":"instock","34":"purchasable","35":"product-type-simple"},"aioseo_notices":[],"_links":{"self":[{"href":"https:\/\/staviori.com.pl\/cs\/wp-json\/wp\/v2\/product\/14563","targetHints":{"allow":["GET"]}}],"collection":[{"href":"https:\/\/staviori.com.pl\/cs\/wp-json\/wp\/v2\/product"}],"about":[{"href":"https:\/\/staviori.com.pl\/cs\/wp-json\/wp\/v2\/types\/product"}],"replies":[{"embeddable":true,"href":"https:\/\/staviori.com.pl\/cs\/wp-json\/wp\/v2\/comments?post=14563"}],"wp:featuredmedia":[{"embeddable":true,"href":"https:\/\/staviori.com.pl\/cs\/wp-json\/wp\/v2\/media\/3140"}],"wp:attachment":[{"href":"https:\/\/staviori.com.pl\/cs\/wp-json\/wp\/v2\/media?parent=14563"}],"wp:term":[{"taxonomy":"product_brand","embeddable":true,"href":"https:\/\/staviori.com.pl\/cs\/wp-json\/wp\/v2\/product_brand?post=14563"},{"taxonomy":"product_cat","embeddable":true,"href":"https:\/\/staviori.com.pl\/cs\/wp-json\/wp\/v2\/product_cat?post=14563"},{"taxonomy":"product_tag","embeddable":true,"href":"https:\/\/staviori.com.pl\/cs\/wp-json\/wp\/v2\/product_tag?post=14563"}],"curies":[{"name":"wp","href":"https:\/\/api.w.org\/{rel}","templated":true}]}}