{"id":14560,"date":"2025-02-24T22:46:44","date_gmt":"2025-02-24T21:46:44","guid":{"rendered":"https:\/\/staviori.com.pl\/product\/kolczyk-z-brylantami-kzd5224\/"},"modified":"2026-02-11T00:08:49","modified_gmt":"2026-02-10T23:08:49","slug":"kolczyk-z-brylantami-kzd5224","status":"publish","type":"product","link":"https:\/\/staviori.com.pl\/cs\/product\/kolczyk-z-brylantami-kzd5224\/","title":{"rendered":"N\u00e1u\u0161nice ze \u017elut\u00e9ho zlata s diamanty"},"content":{"rendered":"<p>Model: KZD5224<br \/>\nHmotnost p\u0159ibli\u017en\u011b 1,10 g<\/p>\n<p>N\u00e1u\u0161nice.<br \/>\n\u017dlut\u00e9 zlato 0,585.<br \/>\n22 diamant\u016f, briliantov\u00fd brus, hmotnost 0,16ct, barva H, \u010distota I1.<\/p>\n<p>Pr\u016fm\u011br 6 mm.<br \/>\nTlou\u0161\u0165ka 3 mm.<\/p>\n<p>Produkt je k dispozici pouze na vy\u017e\u00e1d\u00e1n\u00ed, doba dod\u00e1n\u00ed cca 4 t\u00fddny.<\/p>","protected":false},"excerpt":{"rendered":"<p>Elegantn\u00ed n\u00e1u\u0161nice ze \u017elut\u00e9ho 14kar\u00e1tov\u00e9ho zlata os\u00e1zen\u00e9 22 t\u0159pytiv\u00fdmi brilianty. D\u00edky jemn\u00e9mu kv\u011btinov\u00e9mu motivu a v\u00fdrazn\u00e9mu t\u0159pytu kamen\u016f jsou tyto n\u00e1u\u0161nice ide\u00e1ln\u00ed pro zvl\u00e1\u0161tn\u00ed p\u0159\u00edle\u017eitosti i ka\u017edodenn\u00ed no\u0161en\u00ed. Jedn\u00e1 se o \u0161perk, kter\u00fd upout\u00e1 pozornost a dod\u00e1 noblesu ka\u017ed\u00e9 stylizaci. Dokonal\u00e1 kombinace nad\u010dasov\u00e9ho designu a modern\u00edho \u0161armu.<\/p>","protected":false},"featured_media":3112,"comment_status":"closed","ping_status":"closed","template":"","meta":{"om_disable_all_campaigns":false},"product_brand":[2284],"product_cat":[1838,1990,199],"product_tag":[3720,2301,2296,3710,3717,1394,3719,2332,2522],"class_list":{"0":"post-14560","1":"product","2":"type-product","3":"status-publish","4":"has-post-thumbnail","6":"product_brand-staviori","7":"product_cat-diamenty","8":"product_cat-kolczyk-z-brylantami","9":"product_cat-kolczyki","10":"product_tag-bizuteria","11":"product_tag-brylanty","12":"product_tag-diamenty","13":"product_tag-elegancja","14":"product_tag-klasyka","15":"product_tag-kolczyki","16":"product_tag-kzd5224","17":"product_tag-prezent","18":"product_tag-zolte-zloto","19":"pa_barwa-h-2","20":"pa_czystosc-i1","21":"pa_dostawca-estrella","22":"pa_grubosc-3mm","23":"pa_kamien-brylanty","24":"pa_kolor-zolte","25":"pa_kruszec-zloto","26":"pa_proba-0-585","27":"pa_srednica-6mm","28":"pa_waga-110g","29":"pa_zapiecie-sztyft","31":"first","32":"onbackorder","33":"purchasable","34":"product-type-simple"},"aioseo_notices":[],"_links":{"self":[{"href":"https:\/\/staviori.com.pl\/cs\/wp-json\/wp\/v2\/product\/14560","targetHints":{"allow":["GET"]}}],"collection":[{"href":"https:\/\/staviori.com.pl\/cs\/wp-json\/wp\/v2\/product"}],"about":[{"href":"https:\/\/staviori.com.pl\/cs\/wp-json\/wp\/v2\/types\/product"}],"replies":[{"embeddable":true,"href":"https:\/\/staviori.com.pl\/cs\/wp-json\/wp\/v2\/comments?post=14560"}],"wp:featuredmedia":[{"embeddable":true,"href":"https:\/\/staviori.com.pl\/cs\/wp-json\/wp\/v2\/media\/3112"}],"wp:attachment":[{"href":"https:\/\/staviori.com.pl\/cs\/wp-json\/wp\/v2\/media?parent=14560"}],"wp:term":[{"taxonomy":"product_brand","embeddable":true,"href":"https:\/\/staviori.com.pl\/cs\/wp-json\/wp\/v2\/product_brand?post=14560"},{"taxonomy":"product_cat","embeddable":true,"href":"https:\/\/staviori.com.pl\/cs\/wp-json\/wp\/v2\/product_cat?post=14560"},{"taxonomy":"product_tag","embeddable":true,"href":"https:\/\/staviori.com.pl\/cs\/wp-json\/wp\/v2\/product_tag?post=14560"}],"curies":[{"name":"wp","href":"https:\/\/api.w.org\/{rel}","templated":true}]}}