{"id":14549,"date":"2025-02-24T22:46:44","date_gmt":"2025-02-24T21:46:44","guid":{"rendered":"https:\/\/staviori.com.pl\/product\/bizuteria-inwestycyjna-kolczyk-kzd4016t\/"},"modified":"2026-02-11T00:08:49","modified_gmt":"2026-02-10T23:08:49","slug":"bizuteria-inwestycyjna-kolczyk-kzd4016t","status":"publish","type":"product","link":"https:\/\/staviori.com.pl\/cs\/product\/bizuteria-inwestycyjna-kolczyk-kzd4016t\/","title":{"rendered":"Exkluzivn\u011b | N\u00e1u\u0161nice srdce z 18kar\u00e1tov\u00e9ho zlata s diamanty a topasy"},"content":{"rendered":"<p>Model: KZD4016T<br \/>\nWaga ok. 2,75g<\/p>\n<p>N\u00e1u\u0161nice.<br \/>\n\u017dlut\u00e9 zlato 0,750.<br \/>\n48 Diament\u00f3w, szlif brylantowy, o masie 0,14ct., barwa G-H, czysto\u015b\u0107 SI1.<br \/>\n2 Topazy b\u0142\u0119kitne, o masie 2,23ct.<\/p>\n<p>Rozm\u011bry 18,7 \u00d7 19 mm.<br \/>\nTlou\u0161\u0165ka 16,4 mm.<\/p>\n<p>Produkt je k dispozici pouze na vy\u017e\u00e1d\u00e1n\u00ed, doba dod\u00e1n\u00ed cca 5 t\u00fddn\u016f.<\/p>","protected":false},"excerpt":{"rendered":"<p>Zachwycaj\u0105ce kolczyki z \u017c\u00f3\u0142tego z\u0142ota, kt\u00f3re ol\u015bniewaj\u0105 sercowymi topazami b\u0142\u0119kitnymi, otoczonymi subtelnym blaskiem 48 diament\u00f3w. Wyj\u0105tkowe po\u0142\u0105czenie klasyki i nowoczesno\u015bci sprawia, \u017ce s\u0105 idealnym wyborem dla kobiet ceni\u0105cych niebanaln\u0105 elegancj\u0119. Kolczyki w kszta\u0142cie serca przyci\u0105gaj\u0105 uwag\u0119 swoim unikatowym wzorem i szlachetnym po\u0142yskiem, podkre\u015blaj\u0105c urod\u0119 ka\u017cdej stylizacji. To prawdziwa bi\u017cuteryjna pere\u0142ka, kt\u00f3ra sprawi, \u017ce ka\u017cda chwila stanie si\u0119 wyj\u0105tkowa.<\/p>","protected":false},"featured_media":18462,"comment_status":"closed","ping_status":"closed","template":"","meta":{"om_disable_all_campaigns":false},"product_brand":[2284],"product_cat":[1803,199,6858],"product_tag":[3754,3751,2296,3745,3743,3755,3749,3710,3748,3746,1394,3741,2280,3747,3753,2332,1414,3752,3742,3744,3750,2522],"class_list":{"0":"post-14549","1":"product","2":"type-product","3":"status-publish","4":"has-post-thumbnail","6":"product_brand-staviori","7":"product_cat-brylanty-exclusive","8":"product_cat-kolczyki","9":"product_cat-kolczyki-brylanty-exclusive","10":"product_tag-darek","11":"product_tag-diamanty","12":"product_tag-diamenty","13":"product_tag-diamonds","14":"product_tag-earrings","15":"product_tag-elegance","16":"product_tag-elegance-nausnice","17":"product_tag-elegancja","18":"product_tag-gift","19":"product_tag-heart","20":"product_tag-kolczyki","21":"product_tag-kzd4016t","22":"product_tag-luksusowa-bizuteria","23":"product_tag-luxury-jewelry","24":"product_tag-luxusni-sperky","25":"product_tag-prezent","26":"product_tag-serce","27":"product_tag-srdce","28":"product_tag-topaz","29":"product_tag-yellow-gold","30":"product_tag-zlute-zlato","31":"product_tag-zolte-zloto","32":"pa_barwa-g-h","33":"pa_czystosc-si1","34":"pa_dostawca-draco","35":"pa_grubosc-16-4mm","36":"pa_kamien-brylanty","37":"pa_kamien-topazy-blekitne","38":"pa_kolor-zolte","39":"pa_kruszec-zloto","40":"pa_proba-0-750","41":"pa_waga-275g","42":"pa_wymiary-18-7x19mm","43":"pa_zapiecie-sztyft","45":"first","46":"onbackorder","47":"purchasable","48":"product-type-simple"},"aioseo_notices":[],"_links":{"self":[{"href":"https:\/\/staviori.com.pl\/cs\/wp-json\/wp\/v2\/product\/14549","targetHints":{"allow":["GET"]}}],"collection":[{"href":"https:\/\/staviori.com.pl\/cs\/wp-json\/wp\/v2\/product"}],"about":[{"href":"https:\/\/staviori.com.pl\/cs\/wp-json\/wp\/v2\/types\/product"}],"replies":[{"embeddable":true,"href":"https:\/\/staviori.com.pl\/cs\/wp-json\/wp\/v2\/comments?post=14549"}],"wp:featuredmedia":[{"embeddable":true,"href":"https:\/\/staviori.com.pl\/cs\/wp-json\/wp\/v2\/media\/18462"}],"wp:attachment":[{"href":"https:\/\/staviori.com.pl\/cs\/wp-json\/wp\/v2\/media?parent=14549"}],"wp:term":[{"taxonomy":"product_brand","embeddable":true,"href":"https:\/\/staviori.com.pl\/cs\/wp-json\/wp\/v2\/product_brand?post=14549"},{"taxonomy":"product_cat","embeddable":true,"href":"https:\/\/staviori.com.pl\/cs\/wp-json\/wp\/v2\/product_cat?post=14549"},{"taxonomy":"product_tag","embeddable":true,"href":"https:\/\/staviori.com.pl\/cs\/wp-json\/wp\/v2\/product_tag?post=14549"}],"curies":[{"name":"wp","href":"https:\/\/api.w.org\/{rel}","templated":true}]}}