{"id":14548,"date":"2025-02-24T22:46:39","date_gmt":"2025-02-24T21:46:39","guid":{"rendered":"https:\/\/staviori.com.pl\/product\/bizuteria-inwestycyjna-kolczyk-kzd4016\/"},"modified":"2026-02-11T00:08:49","modified_gmt":"2026-02-10T23:08:49","slug":"bizuteria-inwestycyjna-kolczyk-kzd4016","status":"publish","type":"product","link":"https:\/\/staviori.com.pl\/cs\/product\/bizuteria-inwestycyjna-kolczyk-kzd4016\/","title":{"rendered":"Exkluzivn\u011b | Kr\u00e1sn\u00e9 zelen\u00e9 diamantov\u00e9 n\u00e1u\u0161nice srdce s peridotem"},"content":{"rendered":"<p>Model: DSE1749<br \/>\nHmotnost p\u0159ibli\u017en\u011b 2,62 g<\/p>\n<p>N\u00e1u\u0161nice.<br \/>\n\u017dlut\u00e9 zlato 0,750.<br \/>\n48 diamant\u016f, briliantov\u00fd brus, hmotnost 0,14ct, barva G-H, \u010distota SI1.<br \/>\n2 peridoty o hmotnosti 2,23ct.<\/p>\n<p>Rozm\u011bry 18,7 \u00d7 19 mm.<br \/>\nTlou\u0161\u0165ka 16,4 mm.<\/p>\n<p><strong>Produkt je k dispozici pouze na vy\u017e\u00e1d\u00e1n\u00ed, doba dod\u00e1n\u00ed cca 5 t\u00fddn\u016f.<\/strong><\/p>","protected":false},"excerpt":{"rendered":"<p>\u00dachvatn\u00e9 n\u00e1u\u0161nice ze \u017elut\u00e9ho zlata 0,750, kter\u00e9 v sob\u011b spojuj\u00ed romantiku a luxusn\u00ed p\u016fvab. Jejich st\u0159ed tvo\u0159\u00ed peridot ve tvaru srdce s intenzivn\u00ed zelenou barvou o celkov\u00e9 hmotnosti 2,23 ct. Kameny obklopuje jemn\u00fd v\u011bne\u010dek 48 diamant\u016f o celkov\u00e9 hmotnosti 0,14 ct, kter\u00e9 n\u00e1u\u0161nic\u00edm dod\u00e1vaj\u00ed eleganci a z\u00e1\u0159ivost. D\u00edky jemn\u00e9mu tvaru a jedine\u010dn\u00e9mu brusu kamen\u016f vypadaj\u00ed n\u00e1u\u0161nice na uchu mimo\u0159\u00e1dn\u011b p\u016fsobiv\u011b. Skv\u011ble se hod\u00ed jako d\u00e1rek pro osobu bl\u00edzkou va\u0161emu srdci.<\/p>","protected":false},"featured_media":18430,"comment_status":"closed","ping_status":"closed","template":"","meta":{"om_disable_all_campaigns":false},"product_brand":[2284],"product_cat":[1803,6858,199],"product_tag":[2612,2296,3712,2317,1394,3711,3279,3713,1414,2522],"class_list":{"0":"post-14548","1":"product","2":"type-product","3":"status-publish","4":"has-post-thumbnail","6":"product_brand-staviori","7":"product_cat-brylanty-exclusive","8":"product_cat-kolczyki-brylanty-exclusive","9":"product_cat-kolczyki","10":"product_tag-bizuteria-z-kamieniami","11":"product_tag-diamenty","12":"product_tag-dse1749","13":"product_tag-elegancka-bizuteria","14":"product_tag-kolczyki","15":"product_tag-kzd4016","16":"product_tag-perydot","17":"product_tag-romantyczny-prezent","18":"product_tag-serce","19":"product_tag-zolte-zloto","20":"pa_barwa-g-h","21":"pa_czystosc-si1","22":"pa_dostawca-draco","23":"pa_grubosc-16-4mm","24":"pa_kamien-brylanty","25":"pa_kamien-perydoty","26":"pa_kolor-zolte","27":"pa_kruszec-zloto","28":"pa_proba-0-750","29":"pa_waga-260g","30":"pa_wymiary-18-7x19mm","31":"pa_zapiecie-sztyft","33":"first","34":"onbackorder","35":"purchasable","36":"product-type-simple"},"aioseo_notices":[],"_links":{"self":[{"href":"https:\/\/staviori.com.pl\/cs\/wp-json\/wp\/v2\/product\/14548","targetHints":{"allow":["GET"]}}],"collection":[{"href":"https:\/\/staviori.com.pl\/cs\/wp-json\/wp\/v2\/product"}],"about":[{"href":"https:\/\/staviori.com.pl\/cs\/wp-json\/wp\/v2\/types\/product"}],"replies":[{"embeddable":true,"href":"https:\/\/staviori.com.pl\/cs\/wp-json\/wp\/v2\/comments?post=14548"}],"wp:featuredmedia":[{"embeddable":true,"href":"https:\/\/staviori.com.pl\/cs\/wp-json\/wp\/v2\/media\/18430"}],"wp:attachment":[{"href":"https:\/\/staviori.com.pl\/cs\/wp-json\/wp\/v2\/media?parent=14548"}],"wp:term":[{"taxonomy":"product_brand","embeddable":true,"href":"https:\/\/staviori.com.pl\/cs\/wp-json\/wp\/v2\/product_brand?post=14548"},{"taxonomy":"product_cat","embeddable":true,"href":"https:\/\/staviori.com.pl\/cs\/wp-json\/wp\/v2\/product_cat?post=14548"},{"taxonomy":"product_tag","embeddable":true,"href":"https:\/\/staviori.com.pl\/cs\/wp-json\/wp\/v2\/product_tag?post=14548"}],"curies":[{"name":"wp","href":"https:\/\/api.w.org\/{rel}","templated":true}]}}