{"id":14546,"date":"2025-02-24T22:46:39","date_gmt":"2025-02-24T21:46:39","guid":{"rendered":"https:\/\/staviori.com.pl\/product\/bizuteria-inwestycyjna-kolczyk-kzd4014\/"},"modified":"2026-02-11T00:08:49","modified_gmt":"2026-02-10T23:08:49","slug":"bizuteria-inwestycyjna-kolczyk-kzd4014","status":"publish","type":"product","link":"https:\/\/staviori.com.pl\/cs\/product\/bizuteria-inwestycyjna-kolczyk-kzd4014\/","title":{"rendered":"Exkluzivn\u00ed | 750 zlat\u00e9 n\u00e1u\u0161nice s kor\u00e1ly a diamanty"},"content":{"rendered":"<p>Model: DSE1747<br \/>\nWaga ok. 2,66g<\/p>\n<p>N\u00e1u\u0161nice.<br \/>\n\u017dlut\u00e9 zlato 0,750.<br \/>\n48 Diament\u00f3w, szlif brylantowy, o masie 0,15ct, barwa G, czysto\u015b\u0107 SI1.<br \/>\nKoral naturalny o masie 1,95ct.<\/p>\n<p>Wymiary 8.7&#215;9.7 mm.<br \/>\nTlou\u0161\u0165ka 5,6 mm.<\/p>","protected":false},"excerpt":{"rendered":"<p>Wyj\u0105tkowe kolczyki wykonane z \u017c\u00f3\u0142tego z\u0142ota pr\u00f3by 0,750, w kt\u00f3rych g\u0142\u00f3wn\u0105 rol\u0119 graj\u0105 naturalne korale o masie 1,95 ct. Otoczone s\u0105 one aureol\u0105 48 l\u015bni\u0105cych diament\u00f3w o \u0142\u0105cznej masie 0,15 ct, tworz\u0105c elegancki kontrast i przyci\u0105gaj\u0105cy wzrok blask. Klasyczna forma w stylu retro, idealna dla kobiet ceni\u0105cych szlachetne kamienie i wyrafinowany styl.<\/p>","protected":false},"featured_media":2988,"comment_status":"closed","ping_status":"closed","template":"","meta":{"om_disable_all_campaigns":false},"product_brand":[2284],"product_cat":[1803,199,6858],"product_tag":[3695,3692,3690,1394,2667,3694,2611,3693,2280,2945,2683],"class_list":{"0":"post-14546","1":"product","2":"type-product","3":"status-publish","4":"has-post-thumbnail","6":"product_brand-staviori","7":"product_cat-brylanty-exclusive","8":"product_cat-kolczyki","9":"product_cat-kolczyki-brylanty-exclusive","10":"product_tag-bizuteria-z-koralem","11":"product_tag-dse1747","12":"product_tag-elegancki-prezent","13":"product_tag-kolczyki","14":"product_tag-kolczyki-z-diamentami","15":"product_tag-kolczyki-z-koralem","16":"product_tag-koral-naturalny","17":"product_tag-kzd4014","18":"product_tag-luksusowa-bizuteria","19":"product_tag-vintage-bizuteria","20":"product_tag-zlote-kolczyki","21":"pa_barwa-g","22":"pa_czystosc-si1","23":"pa_dostawca-draco","24":"pa_grubosc-5-6mm","25":"pa_kamien-brylanty","26":"pa_kamien-koral","27":"pa_kamien-koral-naturalny","28":"pa_kolor-zolte","29":"pa_kruszec-zloto","30":"pa_proba-0-750","31":"pa_waga-260g","32":"pa_wymiary-8-7x9-7mm","33":"pa_zapiecie-sztyft","35":"first","36":"instock","37":"purchasable","38":"product-type-simple"},"aioseo_notices":[],"_links":{"self":[{"href":"https:\/\/staviori.com.pl\/cs\/wp-json\/wp\/v2\/product\/14546","targetHints":{"allow":["GET"]}}],"collection":[{"href":"https:\/\/staviori.com.pl\/cs\/wp-json\/wp\/v2\/product"}],"about":[{"href":"https:\/\/staviori.com.pl\/cs\/wp-json\/wp\/v2\/types\/product"}],"replies":[{"embeddable":true,"href":"https:\/\/staviori.com.pl\/cs\/wp-json\/wp\/v2\/comments?post=14546"}],"wp:featuredmedia":[{"embeddable":true,"href":"https:\/\/staviori.com.pl\/cs\/wp-json\/wp\/v2\/media\/2988"}],"wp:attachment":[{"href":"https:\/\/staviori.com.pl\/cs\/wp-json\/wp\/v2\/media?parent=14546"}],"wp:term":[{"taxonomy":"product_brand","embeddable":true,"href":"https:\/\/staviori.com.pl\/cs\/wp-json\/wp\/v2\/product_brand?post=14546"},{"taxonomy":"product_cat","embeddable":true,"href":"https:\/\/staviori.com.pl\/cs\/wp-json\/wp\/v2\/product_cat?post=14546"},{"taxonomy":"product_tag","embeddable":true,"href":"https:\/\/staviori.com.pl\/cs\/wp-json\/wp\/v2\/product_tag?post=14546"}],"curies":[{"name":"wp","href":"https:\/\/api.w.org\/{rel}","templated":true}]}}