{"id":14536,"date":"2025-02-24T22:46:39","date_gmt":"2025-02-24T21:46:39","guid":{"rendered":"https:\/\/staviori.com.pl\/product\/kolczyk-z-brylantami-kzd2297\/"},"modified":"2026-02-11T00:08:49","modified_gmt":"2026-02-10T23:08:49","slug":"kolczyk-z-brylantami-kzd2297","status":"publish","type":"product","link":"https:\/\/staviori.com.pl\/cs\/product\/kolczyk-z-brylantami-kzd2297\/","title":{"rendered":"Zlat\u00e9 n\u00e1u\u0161nice se smaragdy a diamanty"},"content":{"rendered":"<p>Model: KZD2298Z<br \/>\nWaga ok. 0,80g<\/p>\n<p>N\u00e1u\u0161nice.<br \/>\n\u017dlut\u00e9 zlato 0,585.<br \/>\n2 Diamenty, szlif brylantowy, o masie 0,02ct, barwa H-I, czysto\u015b\u0107 I1.<br \/>\n2 Szmaragdy, o masie 0,30ct.<\/p>\n<p>Wymiary 3&#215;6 mm.<\/p>","protected":false},"excerpt":{"rendered":"<p>Urocze kolczyki z \u017c\u00f3\u0142tego z\u0142ota pr\u00f3by 0,585 \u0142\u0105cz\u0105 klasyk\u0119 z wyrazistym kolorem. Centralnym punktem ka\u017cdego kolczyka jest szmaragd o g\u0142\u0119bokiej, zielonej barwie, subtelnie podkre\u015blony diamentem w szlifie brylantowym. Delikatna forma i niewielki rozmiar czyni\u0105 ten model doskona\u0142ym wyborem do codziennego noszenia, jak i eleganckim dodatkiem na wyj\u0105tkowe okazje. Idealne dla kobiet ceni\u0105cych naturalne pi\u0119kno i szlachetne detale.<\/p>","protected":false},"featured_media":18385,"comment_status":"closed","ping_status":"closed","template":"","meta":{"om_disable_all_campaigns":false},"product_brand":[2284],"product_cat":[1838,1990,199],"product_tag":[2689,2317,2664,1394,2667,2826,3678,3679,2291,2683],"class_list":{"0":"post-14536","1":"product","2":"type-product","3":"status-publish","4":"has-post-thumbnail","6":"product_brand-staviori","7":"product_cat-diamenty","8":"product_cat-kolczyk-z-brylantami","9":"product_cat-kolczyki","10":"product_tag-bizuteria-z-kamieniami-szlachetnymi","11":"product_tag-elegancka-bizuteria","12":"product_tag-klasyczne-kolczyki","13":"product_tag-kolczyki","14":"product_tag-kolczyki-z-diamentami","15":"product_tag-kolczyki-ze-szmaragdami","16":"product_tag-kzd2297","17":"product_tag-kzd2298z","18":"product_tag-prezent-dla-niej","19":"product_tag-zlote-kolczyki","20":"pa_barwa-h-i","21":"pa_czystosc-i1","22":"pa_dostawca-estrella","23":"pa_kamien-diamenty","24":"pa_kamien-szmaragdy","25":"pa_kolor-zolte","26":"pa_kruszec-zloto","27":"pa_proba-0-585","28":"pa_waga-080g","29":"pa_wymiary-3x6mm","30":"pa_zapiecie-sztyft","32":"first","33":"instock","34":"purchasable","35":"product-type-simple"},"aioseo_notices":[],"_links":{"self":[{"href":"https:\/\/staviori.com.pl\/cs\/wp-json\/wp\/v2\/product\/14536","targetHints":{"allow":["GET"]}}],"collection":[{"href":"https:\/\/staviori.com.pl\/cs\/wp-json\/wp\/v2\/product"}],"about":[{"href":"https:\/\/staviori.com.pl\/cs\/wp-json\/wp\/v2\/types\/product"}],"replies":[{"embeddable":true,"href":"https:\/\/staviori.com.pl\/cs\/wp-json\/wp\/v2\/comments?post=14536"}],"wp:featuredmedia":[{"embeddable":true,"href":"https:\/\/staviori.com.pl\/cs\/wp-json\/wp\/v2\/media\/18385"}],"wp:attachment":[{"href":"https:\/\/staviori.com.pl\/cs\/wp-json\/wp\/v2\/media?parent=14536"}],"wp:term":[{"taxonomy":"product_brand","embeddable":true,"href":"https:\/\/staviori.com.pl\/cs\/wp-json\/wp\/v2\/product_brand?post=14536"},{"taxonomy":"product_cat","embeddable":true,"href":"https:\/\/staviori.com.pl\/cs\/wp-json\/wp\/v2\/product_cat?post=14536"},{"taxonomy":"product_tag","embeddable":true,"href":"https:\/\/staviori.com.pl\/cs\/wp-json\/wp\/v2\/product_tag?post=14536"}],"curies":[{"name":"wp","href":"https:\/\/api.w.org\/{rel}","templated":true}]}}