{"id":14535,"date":"2025-02-24T22:46:39","date_gmt":"2025-02-24T21:46:39","guid":{"rendered":"https:\/\/staviori.com.pl\/product\/kolczyk-z-brylantami-kzd2296\/"},"modified":"2026-02-11T00:08:49","modified_gmt":"2026-02-10T23:08:49","slug":"kolczyk-z-brylantami-kzd2296","status":"publish","type":"product","link":"https:\/\/staviori.com.pl\/cs\/product\/kolczyk-z-brylantami-kzd2296\/","title":{"rendered":"Zlat\u00e9 n\u00e1u\u0161nice se saf\u00edry a diamanty"},"content":{"rendered":"<p>Model: KZD2298S<br \/>\nWaga ok. 0,79g<\/p>\n<p>N\u00e1u\u0161nice.<br \/>\n\u017dlut\u00e9 zlato 0,585.<br \/>\n2 Diamenty, szlif achtkant, o masie 0,015ct, barwa H-J, czysto\u015b\u0107 I1-I2.<br \/>\n2 Szafiry, o masie 0,56ct.<\/p>\n<p>Wymiary 3&#215;6 mm.<\/p>","protected":false},"excerpt":{"rendered":"<p>Stylowe kolczyki z \u017c\u00f3\u0142tego z\u0142ota pr\u00f3by 0,585, ozdobione szafirami o g\u0142\u0119bokiej, granatowej barwie oraz subtelnymi diamentami w szlifie achtkant. Owalne kamienie osadzone w klasycznych \u0142apkach tworz\u0105 elegancki, ponadczasowy duet, kt\u00f3ry doskonale sprawdzi si\u0119 zar\u00f3wno na co dzie\u0144, jak i jako wyrafinowany dodatek na wiecz\u00f3r. Idealna propozycja dla kobiet ceni\u0105cych klasyk\u0119 z nut\u0105 luksusu.<\/p>","protected":false},"featured_media":18390,"comment_status":"closed","ping_status":"closed","template":"","meta":{"om_disable_all_campaigns":false},"product_brand":[2284],"product_cat":[1838,1990,199],"product_tag":[3680,3681],"class_list":{"0":"post-14535","1":"product","2":"type-product","3":"status-publish","4":"has-post-thumbnail","6":"product_brand-staviori","7":"product_cat-diamenty","8":"product_cat-kolczyk-z-brylantami","9":"product_cat-kolczyki","10":"product_tag-kzd2296","11":"product_tag-kzd2298s","12":"pa_barwa-h-j","13":"pa_czystosc-i1","14":"pa_dostawca-estrella","15":"pa_kamien-diamenty","16":"pa_kamien-szafiry","17":"pa_kolor-zolte","18":"pa_kruszec-zloto","19":"pa_proba-0-585","20":"pa_waga-079g","21":"pa_wymiary-3x6mm","22":"pa_zapiecie-sztyft","24":"first","25":"instock","26":"purchasable","27":"product-type-simple"},"aioseo_notices":[],"_links":{"self":[{"href":"https:\/\/staviori.com.pl\/cs\/wp-json\/wp\/v2\/product\/14535","targetHints":{"allow":["GET"]}}],"collection":[{"href":"https:\/\/staviori.com.pl\/cs\/wp-json\/wp\/v2\/product"}],"about":[{"href":"https:\/\/staviori.com.pl\/cs\/wp-json\/wp\/v2\/types\/product"}],"replies":[{"embeddable":true,"href":"https:\/\/staviori.com.pl\/cs\/wp-json\/wp\/v2\/comments?post=14535"}],"wp:featuredmedia":[{"embeddable":true,"href":"https:\/\/staviori.com.pl\/cs\/wp-json\/wp\/v2\/media\/18390"}],"wp:attachment":[{"href":"https:\/\/staviori.com.pl\/cs\/wp-json\/wp\/v2\/media?parent=14535"}],"wp:term":[{"taxonomy":"product_brand","embeddable":true,"href":"https:\/\/staviori.com.pl\/cs\/wp-json\/wp\/v2\/product_brand?post=14535"},{"taxonomy":"product_cat","embeddable":true,"href":"https:\/\/staviori.com.pl\/cs\/wp-json\/wp\/v2\/product_cat?post=14535"},{"taxonomy":"product_tag","embeddable":true,"href":"https:\/\/staviori.com.pl\/cs\/wp-json\/wp\/v2\/product_tag?post=14535"}],"curies":[{"name":"wp","href":"https:\/\/api.w.org\/{rel}","templated":true}]}}