{"id":14518,"date":"2025-02-24T22:46:39","date_gmt":"2025-02-24T21:46:39","guid":{"rendered":"https:\/\/staviori.com.pl\/product\/bizuteria-inwestycyjna-kolczyk-kzd1861\/"},"modified":"2026-02-11T00:08:49","modified_gmt":"2026-02-10T23:08:49","slug":"bizuteria-inwestycyjna-kolczyk-kzd1861","status":"publish","type":"product","link":"https:\/\/staviori.com.pl\/cs\/product\/bizuteria-inwestycyjna-kolczyk-kzd1861\/","title":{"rendered":"Exkluzivn\u00ed | briliantov\u00e9 zlat\u00e9 n\u00e1u\u0161nice s ametystem"},"content":{"rendered":"<p>Model: DSE0699<br \/>\nWaga ok. 2,98g<\/p>\n<p>N\u00e1u\u0161nice.<br \/>\n\u017dlut\u00e9 zlato 0,750.<br \/>\n78 Diament\u00f3w, szlif brylantowy, o masie 0,58ct, barwa G-H, czysto\u015b\u0107 SI1.<br \/>\nAmetyst, o masie 24,85ct.<\/p>\n<p>Wymiary 12&#215;36.5 mm.<\/p>\n<p><strong>Produkt je k dispozici pouze na vy\u017e\u00e1d\u00e1n\u00ed, doba dod\u00e1n\u00ed cca 5 t\u00fddn\u016f.<\/strong><\/p>","protected":false},"excerpt":{"rendered":"<p>Luxusn\u00ed n\u00e1u\u0161nice z nejkvalitn\u011bj\u0161\u00edho \u017elut\u00e9ho zlata 0.750. St\u0159edu kompozice dominuje p\u016fsobiv\u00fd fasetovan\u00fd ametyst ve tvaru kapky o hmotnosti t\u00e9m\u011b\u0159 25 ct, kter\u00fd pot\u011b\u0161\u00ed svou intenzivn\u00ed fialovou barvou. Horn\u00ed \u010d\u00e1st n\u00e1u\u0161nic pokr\u00fdv\u00e1 cel\u00fdch 78 t\u0159pytiv\u00fdch diamant\u016f, kter\u00e9 celku dod\u00e1vaj\u00ed jedine\u010dn\u00fd lesk a exkluzivn\u00ed charakter. Jedn\u00e1 se o ide\u00e1ln\u00ed volbu pro ve\u010dern\u00ed vych\u00e1zky, galave\u010dery nebo jako velkolep\u00fd d\u00e1rek.<\/p>","protected":false},"featured_media":2878,"comment_status":"closed","ping_status":"closed","template":"","meta":{"om_disable_all_campaigns":false},"product_brand":[2284],"product_cat":[1803,6858,199],"product_tag":[2472,2311,2754,2296,3709,2555,3710,1394,3708,2522],"class_list":{"0":"post-14518","1":"product","2":"type-product","3":"status-publish","4":"has-post-thumbnail","6":"product_brand-staviori","7":"product_cat-brylanty-exclusive","8":"product_cat-kolczyki-brylanty-exclusive","9":"product_cat-kolczyki","10":"product_tag-ametyst","11":"product_tag-bizuteria-luksusowa","12":"product_tag-bizuteria-wieczorowa","13":"product_tag-diamenty","14":"product_tag-dse0699","15":"product_tag-ekskluzywna-bizuteria","16":"product_tag-elegancja","17":"product_tag-kolczyki","18":"product_tag-kzd1861","19":"product_tag-zolte-zloto","20":"pa_barwa-g-h","21":"pa_czystosc-si1","22":"pa_dostawca-draco","23":"pa_kamien-ametysty","24":"pa_kamien-brylanty","25":"pa_kolor-zolte","26":"pa_kruszec-zloto","27":"pa_proba-0-750","28":"pa_waga-290g","29":"pa_wymiary-12x36-5mm","30":"pa_zapiecie-angielskie","32":"first","33":"onbackorder","34":"purchasable","35":"product-type-simple"},"aioseo_notices":[],"_links":{"self":[{"href":"https:\/\/staviori.com.pl\/cs\/wp-json\/wp\/v2\/product\/14518","targetHints":{"allow":["GET"]}}],"collection":[{"href":"https:\/\/staviori.com.pl\/cs\/wp-json\/wp\/v2\/product"}],"about":[{"href":"https:\/\/staviori.com.pl\/cs\/wp-json\/wp\/v2\/types\/product"}],"replies":[{"embeddable":true,"href":"https:\/\/staviori.com.pl\/cs\/wp-json\/wp\/v2\/comments?post=14518"}],"wp:featuredmedia":[{"embeddable":true,"href":"https:\/\/staviori.com.pl\/cs\/wp-json\/wp\/v2\/media\/2878"}],"wp:attachment":[{"href":"https:\/\/staviori.com.pl\/cs\/wp-json\/wp\/v2\/media?parent=14518"}],"wp:term":[{"taxonomy":"product_brand","embeddable":true,"href":"https:\/\/staviori.com.pl\/cs\/wp-json\/wp\/v2\/product_brand?post=14518"},{"taxonomy":"product_cat","embeddable":true,"href":"https:\/\/staviori.com.pl\/cs\/wp-json\/wp\/v2\/product_cat?post=14518"},{"taxonomy":"product_tag","embeddable":true,"href":"https:\/\/staviori.com.pl\/cs\/wp-json\/wp\/v2\/product_tag?post=14518"}],"curies":[{"name":"wp","href":"https:\/\/api.w.org\/{rel}","templated":true}]}}