{"id":14514,"date":"2025-02-24T22:46:35","date_gmt":"2025-02-24T21:46:35","guid":{"rendered":"https:\/\/staviori.com.pl\/product\/kolczyk-z-brylantami-kzd1714\/"},"modified":"2026-02-11T00:08:48","modified_gmt":"2026-02-10T23:08:48","slug":"kolczyk-z-brylantami-kzd1714","status":"publish","type":"product","link":"https:\/\/staviori.com.pl\/cs\/product\/kolczyk-z-brylantami-kzd1714\/","title":{"rendered":"Exkluzivn\u011b | 13mm n\u00e1u\u0161nice s diamanty ve \u017elut\u00e9m zlat\u011b 750"},"content":{"rendered":"<p>Model: KZD1714<br \/>\nHmotnost p\u0159ibli\u017en\u011b 1,90 g<\/p>\n<p>N\u00e1u\u0161nice.<br \/>\n\u017dlut\u00e9 zlato 0,750.<br \/>\n16 Diament\u00f3w, szlif brylantowy, o masie 0,12ct, barwa G-H, czysto\u015b\u0107 SI1.<\/p>\n<p>Wymiary 13&#215;2.2 mm<\/p>\n<p>Je\u015bli brak na magazynie &#8211; dost\u0119pne wy\u0142\u0105cznie na zam\u00f3wienie w dowolnym kolorze z\u0142ota w terminie oko\u0142o 5 tygodni.<\/p>","protected":false},"excerpt":{"rendered":"<p>Eleganckie kolczyki typu k\u00f3\u0142ka wykonane w 18-karatowym \u017c\u00f3\u0142tym z\u0142ocie, ozdobione 16 l\u015bni\u0105cymi diamentami o \u0142\u0105cznej masie 0,12 ct. Misterna oprawa z delikatnym frezowaniem podkre\u015bla blask kamieni, za\u015b klasyczny, lekko p\u0142aski profil zapewnia subtelny, ale wyrazisty akcent. Ten ponadczasowy model \u0142\u0105czy w sobie luksus i uniwersalno\u015b\u0107 \u2013 doskonale sprawdzi si\u0119 zar\u00f3wno w codziennych, jak i wieczorowych stylizacjach.<\/p>","protected":false},"featured_media":2848,"comment_status":"closed","ping_status":"closed","template":"","meta":{"om_disable_all_campaigns":false},"product_brand":[2284],"product_cat":[1803,1838,1990,6858,199],"product_tag":[2541,5370,2660,5369,5368,4331,2586],"class_list":{"0":"post-14514","1":"product","2":"type-product","3":"status-publish","4":"has-post-thumbnail","6":"product_brand-staviori","7":"product_cat-brylanty-exclusive","8":"product_cat-diamenty","9":"product_cat-kolczyk-z-brylantami","10":"product_cat-kolczyki-brylanty-exclusive","11":"product_cat-kolczyki","12":"product_tag-bizuteria-damska","13":"product_tag-diamentowe-hoop-earrings","14":"product_tag-eleganckie-kolczyki","15":"product_tag-kolczyki-diamentowe","16":"product_tag-kzd1714","17":"product_tag-zlote-kolka","18":"product_tag-zolte-zloto-18k","19":"pa_barwa-g-h","20":"pa_czystosc-si1","21":"pa_dostawca-draco","22":"pa_kamien-brylanty","23":"pa_kolor-zolte","24":"pa_kruszec-zloto","25":"pa_masa-karatowa-012ct","26":"pa_proba-0-750","27":"pa_srednica-13mm","28":"pa_waga-190g","30":"first","31":"onbackorder","32":"purchasable","33":"product-type-simple"},"aioseo_notices":[],"_links":{"self":[{"href":"https:\/\/staviori.com.pl\/cs\/wp-json\/wp\/v2\/product\/14514","targetHints":{"allow":["GET"]}}],"collection":[{"href":"https:\/\/staviori.com.pl\/cs\/wp-json\/wp\/v2\/product"}],"about":[{"href":"https:\/\/staviori.com.pl\/cs\/wp-json\/wp\/v2\/types\/product"}],"replies":[{"embeddable":true,"href":"https:\/\/staviori.com.pl\/cs\/wp-json\/wp\/v2\/comments?post=14514"}],"wp:featuredmedia":[{"embeddable":true,"href":"https:\/\/staviori.com.pl\/cs\/wp-json\/wp\/v2\/media\/2848"}],"wp:attachment":[{"href":"https:\/\/staviori.com.pl\/cs\/wp-json\/wp\/v2\/media?parent=14514"}],"wp:term":[{"taxonomy":"product_brand","embeddable":true,"href":"https:\/\/staviori.com.pl\/cs\/wp-json\/wp\/v2\/product_brand?post=14514"},{"taxonomy":"product_cat","embeddable":true,"href":"https:\/\/staviori.com.pl\/cs\/wp-json\/wp\/v2\/product_cat?post=14514"},{"taxonomy":"product_tag","embeddable":true,"href":"https:\/\/staviori.com.pl\/cs\/wp-json\/wp\/v2\/product_tag?post=14514"}],"curies":[{"name":"wp","href":"https:\/\/api.w.org\/{rel}","templated":true}]}}