{"id":14513,"date":"2025-02-24T22:46:35","date_gmt":"2025-02-24T21:46:35","guid":{"rendered":"https:\/\/staviori.com.pl\/product\/kolczyk-z-brylantami-kzd1310\/"},"modified":"2026-02-11T00:08:48","modified_gmt":"2026-02-10T23:08:48","slug":"kolczyk-z-brylantami-kzd1310","status":"publish","type":"product","link":"https:\/\/staviori.com.pl\/cs\/product\/kolczyk-z-brylantami-kzd1310\/","title":{"rendered":"Zlat\u00e9 n\u00e1u\u0161nice se saf\u00edry a diamanty"},"content":{"rendered":"<p>Model: KZD1310<br \/>\nWaga ok. 4,75g<\/p>\n<p>N\u00e1u\u0161nice.<br \/>\n\u017dlut\u00e9 zlato 0,585.<br \/>\n14 Diament\u00f3w, szlif achtkant, o masie 0,056ct, barwa H, czysto\u015b\u0107 SI2.<br \/>\n40 Szafir\u00f3w, o masie 1,44ct.<\/p>\n<p>\u015arednica 11 mm.<br \/>\nGrubo\u015b\u0107 4 mm.<\/p>\n<p>Produkt je k dispozici pouze na vy\u017e\u00e1d\u00e1n\u00ed, doba dod\u00e1n\u00ed cca 5 t\u00fddn\u016f.<\/p>","protected":false},"excerpt":{"rendered":"<p>Ol\u015bniewaj\u0105ce kolczyki-wkr\u0119tki w kszta\u0142cie kwiatowego p\u0105ka, wykonane z 14-karatowego \u017c\u00f3\u0142tego z\u0142ota, misternie zdobione 40 naturalnymi szafirami o \u0142\u0105cznej masie 1,44 ct oraz 14 drobnymi diamentami szlifu achtkant o \u0142\u0105cznej masie 0,056 ct. Ich precyzyjna forma o \u015brednicy 11 mm i delikatnym profilu podkre\u015bla g\u0142\u0119bi\u0119 intensywnego, niebieskiego odcienia szafir\u00f3w, a subtelne iskierki diament\u00f3w dodaj\u0105 bi\u017cuterii wyrafinowanego blasku. Idealne dla mi\u0142o\u015bniczek elegancji z nut\u0105 luksusu.<\/p>","protected":false},"featured_media":2836,"comment_status":"closed","ping_status":"closed","template":"","meta":{"om_disable_all_campaigns":false},"product_brand":[2284],"product_cat":[1803,1838,1990,199],"product_tag":[2689,2745,2660,2656,5371,2522],"class_list":{"0":"post-14513","1":"product","2":"type-product","3":"status-publish","4":"has-post-thumbnail","6":"product_brand-staviori","7":"product_cat-brylanty-exclusive","8":"product_cat-diamenty","9":"product_cat-kolczyk-z-brylantami","10":"product_cat-kolczyki","11":"product_tag-bizuteria-z-kamieniami-szlachetnymi","12":"product_tag-diamentowe-kolczyki","13":"product_tag-eleganckie-kolczyki","14":"product_tag-kolczyki-z-szafirami","15":"product_tag-kzd1310","16":"product_tag-zolte-zloto","17":"pa_barwa-h-2","18":"pa_czystosc-si2","19":"pa_dostawca-estrella","20":"pa_grubosc-4mm","21":"pa_kamien-diamenty","22":"pa_kamien-szafiry-naturalne","23":"pa_kolor-zolte","24":"pa_kruszec-zloto","25":"pa_proba-0-585","26":"pa_srednica-11mm","27":"pa_szlif-achtkant","28":"pa_waga-470g","30":"first","31":"instock","32":"purchasable","33":"product-type-simple"},"aioseo_notices":[],"_links":{"self":[{"href":"https:\/\/staviori.com.pl\/cs\/wp-json\/wp\/v2\/product\/14513","targetHints":{"allow":["GET"]}}],"collection":[{"href":"https:\/\/staviori.com.pl\/cs\/wp-json\/wp\/v2\/product"}],"about":[{"href":"https:\/\/staviori.com.pl\/cs\/wp-json\/wp\/v2\/types\/product"}],"replies":[{"embeddable":true,"href":"https:\/\/staviori.com.pl\/cs\/wp-json\/wp\/v2\/comments?post=14513"}],"wp:featuredmedia":[{"embeddable":true,"href":"https:\/\/staviori.com.pl\/cs\/wp-json\/wp\/v2\/media\/2836"}],"wp:attachment":[{"href":"https:\/\/staviori.com.pl\/cs\/wp-json\/wp\/v2\/media?parent=14513"}],"wp:term":[{"taxonomy":"product_brand","embeddable":true,"href":"https:\/\/staviori.com.pl\/cs\/wp-json\/wp\/v2\/product_brand?post=14513"},{"taxonomy":"product_cat","embeddable":true,"href":"https:\/\/staviori.com.pl\/cs\/wp-json\/wp\/v2\/product_cat?post=14513"},{"taxonomy":"product_tag","embeddable":true,"href":"https:\/\/staviori.com.pl\/cs\/wp-json\/wp\/v2\/product_tag?post=14513"}],"curies":[{"name":"wp","href":"https:\/\/api.w.org\/{rel}","templated":true}]}}