{"id":14512,"date":"2025-02-24T22:46:35","date_gmt":"2025-02-24T21:46:35","guid":{"rendered":"https:\/\/staviori.com.pl\/product\/kolczyk-z-brylantami-kzd0947\/"},"modified":"2026-02-11T00:08:48","modified_gmt":"2026-02-10T23:08:48","slug":"kolczyk-z-brylantami-kzd0947","status":"publish","type":"product","link":"https:\/\/staviori.com.pl\/cs\/product\/kolczyk-z-brylantami-kzd0947\/","title":{"rendered":"N\u00e1u\u0161nice ve \u017elut\u00e9m zlat\u011b s kv\u011bty, smaragdy a diamanty"},"content":{"rendered":"<p>Model: KZD0524Z<br \/>\nHmotnost p\u0159ibli\u017en\u011b 0,75 g<\/p>\n<p>N\u00e1u\u0161nice.<br \/>\n\u017dlut\u00e9 zlato 0,585.<br \/>\n2 Diamenty, szlif brylantowy, o masie 0,007ct, barwa H, czysto\u015b\u0107 I1.<br \/>\n12 Szmaragd\u00f3w, o masie 0,20ct.<\/p>\n<p>Pr\u016fm\u011br 5,5 mm.<br \/>\nTlou\u0161\u0165ka 2 mm.<\/p>","protected":false},"excerpt":{"rendered":"<p>Zjawiskowe kolczyki w kszta\u0142cie kwiatk\u00f3w wykonane z \u017c\u00f3\u0142tego z\u0142ota pr\u00f3by 0,585, kt\u00f3re urzekaj\u0105 \u015bwie\u017co\u015bci\u0105 i kolorem. Ka\u017cdy z nich zdobi sze\u015b\u0107 soczy\u015bcie zielonych szmaragd\u00f3w tworz\u0105cych p\u0142atki, a ich centrum roz\u015bwietla drobny brylantowy diament. Ta subtelna, a zarazem pe\u0142na charakteru kompozycja sprawdzi si\u0119 zar\u00f3wno na co dzie\u0144, jak i przy wyj\u0105tkowych okazjach. Idealna propozycja dla kobiet, kt\u00f3re ceni\u0105 naturaln\u0105 elegancj\u0119 i wyrafinowany styl.<\/p>","protected":false},"featured_media":2827,"comment_status":"closed","ping_status":"closed","template":"","meta":{"om_disable_all_campaigns":false},"product_brand":[2284],"product_cat":[1838,1990,199],"product_tag":[2317,3334,1394,2667,2691,3637,3660,3661,2291,2683],"class_list":{"0":"post-14512","1":"product","2":"type-product","3":"status-publish","4":"has-post-thumbnail","6":"product_brand-staviori","7":"product_cat-diamenty","8":"product_cat-kolczyk-z-brylantami","9":"product_cat-kolczyki","10":"product_tag-elegancka-bizuteria","11":"product_tag-klasyczny-styl","12":"product_tag-kolczyki","13":"product_tag-kolczyki-z-diamentami","14":"product_tag-kolczyki-z-szmaragdami","15":"product_tag-kwiatowe-kolczyki","16":"product_tag-kzd0524z","17":"product_tag-kzd0947","18":"product_tag-prezent-dla-niej","19":"product_tag-zlote-kolczyki","20":"pa_barwa-h-2","21":"pa_czystosc-i1","22":"pa_dostawca-estrella","23":"pa_grubosc-2mm","24":"pa_kamien-diament","25":"pa_kamien-szmaragdy","26":"pa_kolor-zolte","27":"pa_kruszec-zloto","28":"pa_motyw-kwiatek","29":"pa_proba-0-585","30":"pa_srednica-5-5mm","31":"pa_waga-075g","32":"pa_zapiecie-sztyft","34":"first","35":"instock","36":"purchasable","37":"product-type-simple"},"aioseo_notices":[],"_links":{"self":[{"href":"https:\/\/staviori.com.pl\/cs\/wp-json\/wp\/v2\/product\/14512","targetHints":{"allow":["GET"]}}],"collection":[{"href":"https:\/\/staviori.com.pl\/cs\/wp-json\/wp\/v2\/product"}],"about":[{"href":"https:\/\/staviori.com.pl\/cs\/wp-json\/wp\/v2\/types\/product"}],"replies":[{"embeddable":true,"href":"https:\/\/staviori.com.pl\/cs\/wp-json\/wp\/v2\/comments?post=14512"}],"wp:featuredmedia":[{"embeddable":true,"href":"https:\/\/staviori.com.pl\/cs\/wp-json\/wp\/v2\/media\/2827"}],"wp:attachment":[{"href":"https:\/\/staviori.com.pl\/cs\/wp-json\/wp\/v2\/media?parent=14512"}],"wp:term":[{"taxonomy":"product_brand","embeddable":true,"href":"https:\/\/staviori.com.pl\/cs\/wp-json\/wp\/v2\/product_brand?post=14512"},{"taxonomy":"product_cat","embeddable":true,"href":"https:\/\/staviori.com.pl\/cs\/wp-json\/wp\/v2\/product_cat?post=14512"},{"taxonomy":"product_tag","embeddable":true,"href":"https:\/\/staviori.com.pl\/cs\/wp-json\/wp\/v2\/product_tag?post=14512"}],"curies":[{"name":"wp","href":"https:\/\/api.w.org\/{rel}","templated":true}]}}