{"id":14511,"date":"2025-02-24T22:46:35","date_gmt":"2025-02-24T21:46:35","guid":{"rendered":"https:\/\/staviori.com.pl\/product\/kolczyk-z-brylantami-kzd0946\/"},"modified":"2026-02-11T00:08:48","modified_gmt":"2026-02-10T23:08:48","slug":"kolczyk-z-brylantami-kzd0946","status":"publish","type":"product","link":"https:\/\/staviori.com.pl\/cs\/product\/kolczyk-z-brylantami-kzd0946\/","title":{"rendered":"N\u00e1u\u0161nice ve \u017elut\u00e9m zlat\u011b s rub\u00edny a diamanty"},"content":{"rendered":"<p>Model: KZD0524R<br \/>\nHmotnost p\u0159ibli\u017en\u011b 0,75 g<\/p>\n<p>N\u00e1u\u0161nice.<br \/>\n\u017dlut\u00e9 zlato 0,585.<br \/>\n2 Diamenty, szlif brylantowy, o masie 0,007ct, barwa H, czysto\u015b\u0107 I1.<br \/>\n12 Rubin\u00f3w, o masie 0,25ct.<\/p>\n<p>Pr\u016fm\u011br 5,5 mm.<br \/>\nTlou\u0161\u0165ka 2 mm.<\/p>","protected":false},"excerpt":{"rendered":"<p>Zachwycaj\u0105ce kolczyki w formie kwiatk\u00f3w wykonane z \u017c\u00f3\u0142tego z\u0142ota pr\u00f3by 0,585. Sze\u015b\u0107 intensywnie czerwonych rubin\u00f3w w ka\u017cdym kolczyku tworzy delikatny kwiatowy wz\u00f3r, kt\u00f3rego centrum zdobi iskrz\u0105cy si\u0119 diament w szlifie brylantowym. Ta romantyczna kompozycja kamieni szlachetnych emanuje wdzi\u0119kiem i kobieco\u015bci\u0105. Idealny wyb\u00f3r dla mi\u0142o\u015bniczek eleganckiej i wyrazistej bi\u017cuterii.<\/p>","protected":false},"featured_media":2818,"comment_status":"closed","ping_status":"closed","template":"","meta":{"om_disable_all_campaigns":false},"product_brand":[2284],"product_cat":[1838,1990,199],"product_tag":[2855,2317,2664,1394,2667,2695,3642,3643,2291,2522],"class_list":{"0":"post-14511","1":"product","2":"type-product","3":"status-publish","4":"has-post-thumbnail","6":"product_brand-staviori","7":"product_cat-diamenty","8":"product_cat-kolczyk-z-brylantami","9":"product_cat-kolczyki","10":"product_tag-bizuteria-kwiatowa","11":"product_tag-elegancka-bizuteria","12":"product_tag-klasyczne-kolczyki","13":"product_tag-kolczyki","14":"product_tag-kolczyki-z-diamentami","15":"product_tag-kolczyki-z-rubinami","16":"product_tag-kzd0524r","17":"product_tag-kzd0946","18":"product_tag-prezent-dla-niej","19":"product_tag-zolte-zloto","20":"pa_barwa-h","21":"pa_czystosc-i1","22":"pa_dostawca-estrella","23":"pa_grubosc-2mm","24":"pa_kamien-diamenty","25":"pa_kamien-rubiny","26":"pa_kolor-zolte","27":"pa_kruszec-zloto","28":"pa_motyw-kwiatek","29":"pa_proba-0-585","30":"pa_srednica-5-5mm","31":"pa_waga-075g","32":"pa_zapiecie-sztyft","34":"first","35":"instock","36":"purchasable","37":"product-type-simple"},"aioseo_notices":[],"_links":{"self":[{"href":"https:\/\/staviori.com.pl\/cs\/wp-json\/wp\/v2\/product\/14511","targetHints":{"allow":["GET"]}}],"collection":[{"href":"https:\/\/staviori.com.pl\/cs\/wp-json\/wp\/v2\/product"}],"about":[{"href":"https:\/\/staviori.com.pl\/cs\/wp-json\/wp\/v2\/types\/product"}],"replies":[{"embeddable":true,"href":"https:\/\/staviori.com.pl\/cs\/wp-json\/wp\/v2\/comments?post=14511"}],"wp:featuredmedia":[{"embeddable":true,"href":"https:\/\/staviori.com.pl\/cs\/wp-json\/wp\/v2\/media\/2818"}],"wp:attachment":[{"href":"https:\/\/staviori.com.pl\/cs\/wp-json\/wp\/v2\/media?parent=14511"}],"wp:term":[{"taxonomy":"product_brand","embeddable":true,"href":"https:\/\/staviori.com.pl\/cs\/wp-json\/wp\/v2\/product_brand?post=14511"},{"taxonomy":"product_cat","embeddable":true,"href":"https:\/\/staviori.com.pl\/cs\/wp-json\/wp\/v2\/product_cat?post=14511"},{"taxonomy":"product_tag","embeddable":true,"href":"https:\/\/staviori.com.pl\/cs\/wp-json\/wp\/v2\/product_tag?post=14511"}],"curies":[{"name":"wp","href":"https:\/\/api.w.org\/{rel}","templated":true}]}}