{"id":14509,"date":"2025-02-24T22:46:35","date_gmt":"2025-02-24T21:46:35","guid":{"rendered":"https:\/\/staviori.com.pl\/product\/kolczyk-z-brylantami-kzd0524\/"},"modified":"2026-02-11T00:08:48","modified_gmt":"2026-02-10T23:08:48","slug":"kolczyk-z-brylantami-kzd0524s","status":"publish","type":"product","link":"https:\/\/staviori.com.pl\/cs\/product\/kolczyk-z-brylantami-kzd0524s\/","title":{"rendered":"N\u00e1u\u0161nice ve \u017elut\u00e9m zlat\u011b s kv\u011bty, saf\u00edry a diamanty"},"content":{"rendered":"<p>Model: KZD0524  ( KZD0500S )<br \/>\nWaga ok. 0,70g<\/p>\n<p>N\u00e1u\u0161nice.<br \/>\n\u017dlut\u00e9 zlato 0,585.<br \/>\n2 Diamenty, szlif brylantowy, o masie 0,007ct., barwa H, czysto\u015b\u0107 I1.<br \/>\n12 Szafir\u00f3w, o masie 0,27ct.<\/p>\n<p>Pr\u016fm\u011br 5,5 mm.<br \/>\nTlou\u0161\u0165ka 2 mm.<\/p>","protected":false},"excerpt":{"rendered":"<p>Urocze kolczyki w formie kwiatk\u00f3w wykonane z \u017c\u00f3\u0142tego z\u0142ota pr\u00f3by 0,585 zachwycaj\u0105 subtelno\u015bci\u0105 i kolorem. Ka\u017cdy kolczyk ozdobiony zosta\u0142 sze\u015bcioma szafirami o g\u0142\u0119bokiej, granatowej barwie, kt\u00f3re tworz\u0105 delikatny p\u0142atek kwiatu. W centrum b\u0142yszczy drobny diament w szlifie brylantowym, dodaj\u0105c ca\u0142o\u015bci eleganckiego blasku. Idealne jako codzienna bi\u017cuteria z nut\u0105 wyrafinowania lub jako wyj\u0105tkowy prezent dla kogo\u015b bliskiego.<\/p>","protected":false},"featured_media":2795,"comment_status":"closed","ping_status":"closed","template":"","meta":{"om_disable_all_campaigns":false},"product_brand":[2284],"product_cat":[1384,1838,1990,199,176],"product_tag":[3636,2317,1394,2667,2656,3637,3641,2291,2683],"class_list":{"0":"post-14509","1":"product","2":"type-product","3":"status-publish","4":"has-post-thumbnail","6":"product_brand-staviori","7":"product_cat-bizuteria","8":"product_cat-diamenty","9":"product_cat-kolczyk-z-brylantami","10":"product_cat-kolczyki","11":"product_cat-zloto","12":"product_tag-bizuteria-z-zoltego-zlota","13":"product_tag-elegancka-bizuteria","14":"product_tag-kolczyki","15":"product_tag-kolczyki-z-diamentami","16":"product_tag-kolczyki-z-szafirami","17":"product_tag-kwiatowe-kolczyki","18":"product_tag-kzd0524s","19":"product_tag-prezent-dla-niej","20":"product_tag-zlote-kolczyki","21":"pa_barwa-h-2","22":"pa_czystosc-i1","23":"pa_dostawca-estrella","24":"pa_grubosc-2mm","25":"pa_kamien-diamenty","26":"pa_kamien-szafiry","27":"pa_kolor-zolte","28":"pa_kruszec-zloto","29":"pa_motyw-kwiatek","30":"pa_proba-0-585","31":"pa_srednica-5-5mm","32":"pa_waga-070g","33":"pa_zapiecie-sztyft","35":"first","36":"instock","37":"purchasable","38":"product-type-simple"},"aioseo_notices":[],"_links":{"self":[{"href":"https:\/\/staviori.com.pl\/cs\/wp-json\/wp\/v2\/product\/14509","targetHints":{"allow":["GET"]}}],"collection":[{"href":"https:\/\/staviori.com.pl\/cs\/wp-json\/wp\/v2\/product"}],"about":[{"href":"https:\/\/staviori.com.pl\/cs\/wp-json\/wp\/v2\/types\/product"}],"replies":[{"embeddable":true,"href":"https:\/\/staviori.com.pl\/cs\/wp-json\/wp\/v2\/comments?post=14509"}],"wp:featuredmedia":[{"embeddable":true,"href":"https:\/\/staviori.com.pl\/cs\/wp-json\/wp\/v2\/media\/2795"}],"wp:attachment":[{"href":"https:\/\/staviori.com.pl\/cs\/wp-json\/wp\/v2\/media?parent=14509"}],"wp:term":[{"taxonomy":"product_brand","embeddable":true,"href":"https:\/\/staviori.com.pl\/cs\/wp-json\/wp\/v2\/product_brand?post=14509"},{"taxonomy":"product_cat","embeddable":true,"href":"https:\/\/staviori.com.pl\/cs\/wp-json\/wp\/v2\/product_cat?post=14509"},{"taxonomy":"product_tag","embeddable":true,"href":"https:\/\/staviori.com.pl\/cs\/wp-json\/wp\/v2\/product_tag?post=14509"}],"curies":[{"name":"wp","href":"https:\/\/api.w.org\/{rel}","templated":true}]}}