{"id":14444,"date":"2025-02-24T22:46:31","date_gmt":"2025-02-24T21:46:31","guid":{"rendered":"https:\/\/staviori.com.pl\/product\/zlote-kolczyki-kzc6470\/"},"modified":"2026-04-09T21:44:55","modified_gmt":"2026-04-09T19:44:55","slug":"zlote-kolczyki-kzc6470","status":"publish","type":"product","link":"https:\/\/staviori.com.pl\/cs\/product\/zlote-kolczyki-kzc6470\/","title":{"rendered":"Zlat\u00e9 oslniv\u00e9 n\u00e1u\u0161nice se zirkony"},"content":{"rendered":"<p>Model: KZC6470<br \/>\nHmotnost p\u0159ibli\u017en\u011b 1,30 g<\/p>\n<p>N\u00e1u\u0161nice.<br \/>\n\u017dlut\u00e9 zlato 0,585.<br \/>\nZirkonie.<\/p>\n<p>Rozm\u011bry 7 \u00d7 7 mm.<\/p>","protected":false},"excerpt":{"rendered":"<p>Ol\u015bniewaj\u0105ce kolczyki sztyfty wykonane z \u017c\u00f3\u0142tego z\u0142ota pr\u00f3by 0,585 zachwycaj\u0105 precyzj\u0105 i elegancj\u0105. Centralna, kwadratowa cyrkonia osadzona zosta\u0142a w geometrycznej ramce wysadzanej drobnymi, b\u0142yszcz\u0105cymi kamieniami, kt\u00f3re pot\u0119guj\u0105 efekt blasku. Klasyczna forma z nowoczesnym akcentem sprawia, \u017ce kolczyki doskonale pasuj\u0105 zar\u00f3wno do codziennych, jak i wieczorowych stylizacji.<\/p>","protected":false},"featured_media":18304,"comment_status":"closed","ping_status":"closed","template":"","meta":{"om_disable_all_campaigns":false},"product_brand":[2284,2350],"product_cat":[199,2044,1930],"product_tag":[3613,3614,2457,3133,3158,2665,2964,2708,3612,3595],"class_list":{"0":"post-14444","1":"product","2":"type-product","3":"status-publish","4":"has-post-thumbnail","6":"product_brand-staviori","7":"product_brand-verona","8":"product_cat-kolczyki","9":"product_cat-zlote-kolczyki","10":"product_cat-zloto-2","11":"product_tag-bizuteria-blyszczaca","12":"product_tag-fb19421","13":"product_tag-impreza","14":"product_tag-kolczyki-eleganckie","15":"product_tag-kolczyki-geometryczne","16":"product_tag-kolczyki-sztyfty","17":"product_tag-kolczyki-z-cyrkonia","18":"product_tag-kolczyki-zlote","19":"product_tag-kzc6470","20":"product_tag-zolte-zloto-0-585","21":"pa_kamien-cyrkonia","22":"pa_kolor-zolte","23":"pa_kruszec-zloto","24":"pa_proba-0-585","25":"pa_waga-130g","26":"pa_wymiary-7x7mm","27":"pa_zapiecie-sztyft","29":"first","30":"instock","31":"purchasable","32":"product-type-simple"},"aioseo_notices":[],"_links":{"self":[{"href":"https:\/\/staviori.com.pl\/cs\/wp-json\/wp\/v2\/product\/14444","targetHints":{"allow":["GET"]}}],"collection":[{"href":"https:\/\/staviori.com.pl\/cs\/wp-json\/wp\/v2\/product"}],"about":[{"href":"https:\/\/staviori.com.pl\/cs\/wp-json\/wp\/v2\/types\/product"}],"replies":[{"embeddable":true,"href":"https:\/\/staviori.com.pl\/cs\/wp-json\/wp\/v2\/comments?post=14444"}],"wp:featuredmedia":[{"embeddable":true,"href":"https:\/\/staviori.com.pl\/cs\/wp-json\/wp\/v2\/media\/18304"}],"wp:attachment":[{"href":"https:\/\/staviori.com.pl\/cs\/wp-json\/wp\/v2\/media?parent=14444"}],"wp:term":[{"taxonomy":"product_brand","embeddable":true,"href":"https:\/\/staviori.com.pl\/cs\/wp-json\/wp\/v2\/product_brand?post=14444"},{"taxonomy":"product_cat","embeddable":true,"href":"https:\/\/staviori.com.pl\/cs\/wp-json\/wp\/v2\/product_cat?post=14444"},{"taxonomy":"product_tag","embeddable":true,"href":"https:\/\/staviori.com.pl\/cs\/wp-json\/wp\/v2\/product_tag?post=14444"}],"curies":[{"name":"wp","href":"https:\/\/api.w.org\/{rel}","templated":true}]}}