{"id":14442,"date":"2025-02-24T22:46:31","date_gmt":"2025-02-24T21:46:31","guid":{"rendered":"https:\/\/staviori.com.pl\/product\/zlote-kolczyki-kzc6414\/"},"modified":"2026-04-13T07:32:38","modified_gmt":"2026-04-13T05:32:38","slug":"zlote-kolczyki-kzc6414","status":"publish","type":"product","link":"https:\/\/staviori.com.pl\/cs\/product\/zlote-kolczyki-kzc6414\/","title":{"rendered":"Zlat\u00e9 n\u00e1u\u0161nice s \u010dern\u00fdmi zirkony - otev\u0159en\u00fd n\u00e1u\u0161nicov\u00fd krou\u017eek"},"content":{"rendered":"<p>Model: KZC6414<br \/>\nHmotnost p\u0159ibli\u017en\u011b 1,35 g<\/p>\n<p>N\u00e1u\u0161nice.<br \/>\n\u017dlut\u00e9 zlato 0,585.<br \/>\nZirkonov\u00e1 \u010dern\u00e1.<\/p>\n<p>Pr\u016fm\u011br 6 mm.<\/p>","protected":false},"excerpt":{"rendered":"<p>Zmys\u0142owe kolczyki wisz\u0105ce wykonane z \u017c\u00f3\u0142tego z\u0142ota pr\u00f3by 0,585 zachwycaj\u0105 klasycznym wdzi\u0119kiem i g\u0142\u0119bi\u0105 koloru. Okr\u0105g\u0142a, czarna cyrkonia o \u015brednicy 6 mm pi\u0119knie kontrastuje ze z\u0142otem, tworz\u0105c eleganck\u0105 i wyrazist\u0105 kompozycj\u0119. Delikatne zapi\u0119cie typu bigiel otwarty zapewnia komfort noszenia i lekko\u015b\u0107 formy. Idealne zar\u00f3wno na co dzie\u0144, jak i do wieczorowych stylizacji.<\/p>","protected":false},"featured_media":10374,"comment_status":"closed","ping_status":"closed","template":"","meta":{"om_disable_all_campaigns":false},"product_brand":[2284,2350],"product_cat":[199,2044,1930],"product_tag":[3608,2877,2536,3607,2664,2770,2964,2708,3606,3598],"class_list":{"0":"post-14442","1":"product","2":"type-product","3":"status-publish","4":"has-post-thumbnail","6":"product_brand-staviori","7":"product_brand-verona","8":"product_cat-kolczyki","9":"product_cat-zlote-kolczyki","10":"product_cat-zloto-2","11":"product_tag-bigiel-otwarty","12":"product_tag-bizuteria-elegancka","13":"product_tag-czarna-cyrkonia","14":"product_tag-gc18634","15":"product_tag-klasyczne-kolczyki","16":"product_tag-kolczyki-wiszace","17":"product_tag-kolczyki-z-cyrkonia","18":"product_tag-kolczyki-zlote","19":"product_tag-kzc6414","20":"product_tag-zloto-0-585","21":"pa_kamien-cyrkonia-czarna","22":"pa_kolor-zolte","23":"pa_kruszec-zloto","24":"pa_proba-0-585","25":"pa_srednica-6mm","26":"pa_waga-135g-2","27":"pa_zapiecie-bigiel-otwarty","29":"first","30":"instock","31":"purchasable","32":"product-type-simple"},"aioseo_notices":[],"_links":{"self":[{"href":"https:\/\/staviori.com.pl\/cs\/wp-json\/wp\/v2\/product\/14442","targetHints":{"allow":["GET"]}}],"collection":[{"href":"https:\/\/staviori.com.pl\/cs\/wp-json\/wp\/v2\/product"}],"about":[{"href":"https:\/\/staviori.com.pl\/cs\/wp-json\/wp\/v2\/types\/product"}],"replies":[{"embeddable":true,"href":"https:\/\/staviori.com.pl\/cs\/wp-json\/wp\/v2\/comments?post=14442"}],"wp:featuredmedia":[{"embeddable":true,"href":"https:\/\/staviori.com.pl\/cs\/wp-json\/wp\/v2\/media\/10374"}],"wp:attachment":[{"href":"https:\/\/staviori.com.pl\/cs\/wp-json\/wp\/v2\/media?parent=14442"}],"wp:term":[{"taxonomy":"product_brand","embeddable":true,"href":"https:\/\/staviori.com.pl\/cs\/wp-json\/wp\/v2\/product_brand?post=14442"},{"taxonomy":"product_cat","embeddable":true,"href":"https:\/\/staviori.com.pl\/cs\/wp-json\/wp\/v2\/product_cat?post=14442"},{"taxonomy":"product_tag","embeddable":true,"href":"https:\/\/staviori.com.pl\/cs\/wp-json\/wp\/v2\/product_tag?post=14442"}],"curies":[{"name":"wp","href":"https:\/\/api.w.org\/{rel}","templated":true}]}}