{"id":14439,"date":"2025-02-24T22:46:31","date_gmt":"2025-02-24T21:46:31","guid":{"rendered":"https:\/\/staviori.com.pl\/product\/zlote-kolczyki-kzc6304\/"},"modified":"2026-02-11T00:08:47","modified_gmt":"2026-02-10T23:08:47","slug":"zlote-kolczyki-kzc6304","status":"publish","type":"product","link":"https:\/\/staviori.com.pl\/cs\/product\/zlote-kolczyki-kzc6304\/","title":{"rendered":"Zlat\u00e9 kor\u00e1lkov\u00e9 n\u00e1u\u0161nice 4 mm"},"content":{"rendered":"<p>Model: KZC6304<br \/>\nWaga ok. 0,21g<\/p>\n<p>N\u00e1u\u0161nice.<br \/>\n\u017dlut\u00e9 zlato 0,585.<br \/>\n\u015arednica 4 mm.<\/p>\n<p>Pi\u0119kne, klasyczne z\u0142ote kuleczki na sztyft.<br \/>\n\u015arednica 4mm. Doskona\u0142e na ka\u017cd\u0105 okazj\u0119.<\/p>","protected":false},"excerpt":{"rendered":"<p>Minimalistyczne kolczyki sztyfty w formie g\u0142adkich kuleczek wykonane z \u017c\u00f3\u0142tego z\u0142ota pr\u00f3by 0,585 to ponadczasowa propozycja dla ka\u017cdej kobiety. Ich subtelna \u015brednica 4 mm sprawia, \u017ce s\u0105 wyj\u0105tkowo delikatne i wygodne w noszeniu. Idealne do codziennych stylizacji, jak i jako elegancki akcent na bardziej formalne okazje.<\/p>","protected":false},"featured_media":10367,"comment_status":"closed","ping_status":"closed","template":"","meta":{"om_disable_all_campaigns":false},"product_brand":[2284,2350],"product_cat":[199,2044,1930],"product_tag":[3041,2858,3062,3197,2665,2606,3624,3598],"class_list":{"0":"post-14439","1":"product","2":"type-product","3":"status-publish","4":"has-post-thumbnail","6":"product_brand-staviori","7":"product_brand-verona","8":"product_cat-kolczyki","9":"product_cat-zlote-kolczyki","10":"product_cat-zloto-2","11":"product_tag-bizuteria-codzienna","12":"product_tag-delikatne-kolczyki","13":"product_tag-kolczyki-klasyczne","14":"product_tag-kolczyki-minimalistyczne","15":"product_tag-kolczyki-sztyfty","16":"product_tag-kuleczki-zlote","17":"product_tag-kzc6304","18":"product_tag-zloto-0-585","19":"pa_kolor-zolte","20":"pa_kruszec-zloto","21":"pa_proba-0-585","22":"pa_srednica-4mm","23":"pa_waga-020g","24":"pa_zapiecie-sztyft","26":"first","27":"instock","28":"purchasable","29":"product-type-simple"},"aioseo_notices":[],"_links":{"self":[{"href":"https:\/\/staviori.com.pl\/cs\/wp-json\/wp\/v2\/product\/14439","targetHints":{"allow":["GET"]}}],"collection":[{"href":"https:\/\/staviori.com.pl\/cs\/wp-json\/wp\/v2\/product"}],"about":[{"href":"https:\/\/staviori.com.pl\/cs\/wp-json\/wp\/v2\/types\/product"}],"replies":[{"embeddable":true,"href":"https:\/\/staviori.com.pl\/cs\/wp-json\/wp\/v2\/comments?post=14439"}],"wp:featuredmedia":[{"embeddable":true,"href":"https:\/\/staviori.com.pl\/cs\/wp-json\/wp\/v2\/media\/10367"}],"wp:attachment":[{"href":"https:\/\/staviori.com.pl\/cs\/wp-json\/wp\/v2\/media?parent=14439"}],"wp:term":[{"taxonomy":"product_brand","embeddable":true,"href":"https:\/\/staviori.com.pl\/cs\/wp-json\/wp\/v2\/product_brand?post=14439"},{"taxonomy":"product_cat","embeddable":true,"href":"https:\/\/staviori.com.pl\/cs\/wp-json\/wp\/v2\/product_cat?post=14439"},{"taxonomy":"product_tag","embeddable":true,"href":"https:\/\/staviori.com.pl\/cs\/wp-json\/wp\/v2\/product_tag?post=14439"}],"curies":[{"name":"wp","href":"https:\/\/api.w.org\/{rel}","templated":true}]}}