{"id":14424,"date":"2025-02-24T22:46:31","date_gmt":"2025-02-24T21:46:31","guid":{"rendered":"https:\/\/staviori.com.pl\/product\/kolczyk-z-brylantami-kzc5244\/"},"modified":"2026-04-08T16:37:27","modified_gmt":"2026-04-08T14:37:27","slug":"kolczyk-z-brylantami-kzc5244","status":"publish","type":"product","link":"https:\/\/staviori.com.pl\/cs\/product\/kolczyk-z-brylantami-kzc5244\/","title":{"rendered":"N\u00e1u\u0161nice s topasy, saf\u00edry a diamanty"},"content":{"rendered":"<p>Model: KZC5244<br \/>\nWaga ok. 3,53g<\/p>\n<p>N\u00e1u\u0161nice.<br \/>\n\u017dlut\u00e9 zlato 0,585.<br \/>\n2 Topazy b\u0142\u0119kitne, o masie 1,72ct.<br \/>\n10 Diament\u00f3w, szlif brylantowy, o masie 0,02ct., barwa H, czysto\u015b\u0107 SI1-I1.<br \/>\n12 Szafir\u00f3w, o masie 0,40ct.<\/p>\n<p>Wysoko\u015b\u0107 14.26 mm.<\/p>","protected":false},"excerpt":{"rendered":"<p>Model: KZC5244 Waga ok. 3,53g Kolczyki. \u017b\u00f3\u0142te Z\u0142oto 0,585. 2 Topazy b\u0142\u0119kitne, o masie 1,72ct. 10 Diament\u00f3w, szlif brylantowy, o masie 0,02ct., barwa H, czysto\u015b\u0107 SI1-I1. 12 Szafir\u00f3w, o masie 0,40ct. Wysoko\u015b\u0107 14.26 mm.<\/p>","protected":false},"featured_media":2744,"comment_status":"closed","ping_status":"closed","template":"","meta":{"om_disable_all_campaigns":false},"product_brand":[2284,2350],"product_cat":[1838,1990,199,2120],"product_tag":[3597,2311,2660,2686,2667,2656,2895,2708,3596,3598],"class_list":{"0":"post-14424","1":"product","2":"type-product","3":"status-publish","4":"has-post-thumbnail","6":"product_brand-staviori","7":"product_brand-verona","8":"product_cat-diamenty","9":"product_cat-kolczyk-z-brylantami","10":"product_cat-kolczyki","11":"product_cat-naszyjnik-z-brylantami","12":"product_tag-3597","13":"product_tag-bizuteria-luksusowa","14":"product_tag-eleganckie-kolczyki","15":"product_tag-kolczyki-wieczorowe","16":"product_tag-kolczyki-z-diamentami","17":"product_tag-kolczyki-z-szafirami","18":"product_tag-kolczyki-z-topazem","19":"product_tag-kolczyki-zlote","20":"product_tag-kzc5244","21":"product_tag-zloto-0-585","22":"pa_kamien-diamenty","23":"pa_kamien-szafiry","24":"pa_kamien-topazy-blekitne","25":"pa_kolor-zolte","26":"pa_kruszec-zloto","27":"pa_proba-0-585","28":"pa_waga-350g","29":"pa_wysokosc-14-26mm","30":"pa_zapiecie-angielskie","32":"first","33":"onbackorder","34":"purchasable","35":"product-type-simple"},"aioseo_notices":[],"_links":{"self":[{"href":"https:\/\/staviori.com.pl\/cs\/wp-json\/wp\/v2\/product\/14424","targetHints":{"allow":["GET"]}}],"collection":[{"href":"https:\/\/staviori.com.pl\/cs\/wp-json\/wp\/v2\/product"}],"about":[{"href":"https:\/\/staviori.com.pl\/cs\/wp-json\/wp\/v2\/types\/product"}],"replies":[{"embeddable":true,"href":"https:\/\/staviori.com.pl\/cs\/wp-json\/wp\/v2\/comments?post=14424"}],"wp:featuredmedia":[{"embeddable":true,"href":"https:\/\/staviori.com.pl\/cs\/wp-json\/wp\/v2\/media\/2744"}],"wp:attachment":[{"href":"https:\/\/staviori.com.pl\/cs\/wp-json\/wp\/v2\/media?parent=14424"}],"wp:term":[{"taxonomy":"product_brand","embeddable":true,"href":"https:\/\/staviori.com.pl\/cs\/wp-json\/wp\/v2\/product_brand?post=14424"},{"taxonomy":"product_cat","embeddable":true,"href":"https:\/\/staviori.com.pl\/cs\/wp-json\/wp\/v2\/product_cat?post=14424"},{"taxonomy":"product_tag","embeddable":true,"href":"https:\/\/staviori.com.pl\/cs\/wp-json\/wp\/v2\/product_tag?post=14424"}],"curies":[{"name":"wp","href":"https:\/\/api.w.org\/{rel}","templated":true}]}}