{"id":14414,"date":"2025-02-24T22:46:26","date_gmt":"2025-02-24T21:46:26","guid":{"rendered":"https:\/\/staviori.com.pl\/product\/zlote-kolczyki-kzc5056\/"},"modified":"2026-02-11T00:08:47","modified_gmt":"2026-02-10T23:08:47","slug":"zlote-kolczyki-kzc5056","status":"publish","type":"product","link":"https:\/\/staviori.com.pl\/cs\/product\/zlote-kolczyki-kzc5056\/","title":{"rendered":"Zlat\u00e9 n\u00e1u\u0161nice s rub\u00edny ze \u017elut\u00e9ho zlata"},"content":{"rendered":"<p>Model: KZC5056<br \/>\nHmotnost p\u0159ibli\u017en\u011b 0,60 g<\/p>\n<p>N\u00e1u\u0161nice.<br \/>\n\u017dlut\u00e9 zlato 0,585.<br \/>\n2 Rubiny, o masie 0,30ct.<\/p>\n<p>\u015arednica 3.7 mm.<\/p>\n<p>Certifik\u00e1t<\/p>","protected":false},"excerpt":{"rendered":"<p>Eleganckie kolczyki typu wkr\u0119tki wykonane z \u017c\u00f3\u0142tego z\u0142ota pr\u00f3by 0,585 z naturalnymi rubinami o masie 0,30 ct to klasyka w najlepszym wydaniu. Kamienie osadzone w sze\u015bciu delikatnych \u0142apkach podkre\u015blaj\u0105 ich szlachetny charakter i dodaj\u0105 kompozycji lekko\u015bci. To subtelna, ale niezwykle wyrafinowana ozdoba \u2013 idealna na prezent lub jako bi\u017cuteria na co dzie\u0144 dla kobiet ceni\u0105cych ponadczasow\u0105 elegancj\u0119.<\/p>","protected":false},"featured_media":18238,"comment_status":"closed","ping_status":"closed","template":"","meta":{"om_disable_all_campaigns":false},"product_brand":[2284,2350],"product_cat":[199,2044,1930],"product_tag":[3556,2664,3552,2821,3555,3559,3557,3558,2364],"class_list":{"0":"post-14414","1":"product","2":"type-product","3":"status-publish","4":"has-post-thumbnail","6":"product_brand-staviori","7":"product_brand-verona","8":"product_cat-kolczyki","9":"product_cat-zlote-kolczyki","10":"product_cat-zloto-2","11":"product_tag-3702r","12":"product_tag-klasyczne-kolczyki","13":"product_tag-kolczyki-wkretki","14":"product_tag-kolczyki-z-rubinem","15":"product_tag-kzc5056","16":"product_tag-prezent-z-rubinem","17":"product_tag-rubiny-naturalne","18":"product_tag-szlachetna-bizuteria","19":"product_tag-zloto-585","20":"pa_kamien-rubin","21":"pa_kolor-zolte","22":"pa_kruszec-zloto","23":"pa_proba-0-585","24":"pa_srednica-3-7mm","25":"pa_waga-060g","26":"pa_zapiecie-sztyft","28":"first","29":"instock","30":"purchasable","31":"product-type-simple"},"aioseo_notices":[],"_links":{"self":[{"href":"https:\/\/staviori.com.pl\/cs\/wp-json\/wp\/v2\/product\/14414","targetHints":{"allow":["GET"]}}],"collection":[{"href":"https:\/\/staviori.com.pl\/cs\/wp-json\/wp\/v2\/product"}],"about":[{"href":"https:\/\/staviori.com.pl\/cs\/wp-json\/wp\/v2\/types\/product"}],"replies":[{"embeddable":true,"href":"https:\/\/staviori.com.pl\/cs\/wp-json\/wp\/v2\/comments?post=14414"}],"wp:featuredmedia":[{"embeddable":true,"href":"https:\/\/staviori.com.pl\/cs\/wp-json\/wp\/v2\/media\/18238"}],"wp:attachment":[{"href":"https:\/\/staviori.com.pl\/cs\/wp-json\/wp\/v2\/media?parent=14414"}],"wp:term":[{"taxonomy":"product_brand","embeddable":true,"href":"https:\/\/staviori.com.pl\/cs\/wp-json\/wp\/v2\/product_brand?post=14414"},{"taxonomy":"product_cat","embeddable":true,"href":"https:\/\/staviori.com.pl\/cs\/wp-json\/wp\/v2\/product_cat?post=14414"},{"taxonomy":"product_tag","embeddable":true,"href":"https:\/\/staviori.com.pl\/cs\/wp-json\/wp\/v2\/product_tag?post=14414"}],"curies":[{"name":"wp","href":"https:\/\/api.w.org\/{rel}","templated":true}]}}