{"id":14413,"date":"2025-02-24T22:46:26","date_gmt":"2025-02-24T21:46:26","guid":{"rendered":"https:\/\/staviori.com.pl\/product\/zlote-kolczyki-kzc5048\/"},"modified":"2026-04-12T12:30:18","modified_gmt":"2026-04-12T10:30:18","slug":"zlote-kolczyki-kzc5048","status":"publish","type":"product","link":"https:\/\/staviori.com.pl\/cs\/product\/zlote-kolczyki-kzc5048\/","title":{"rendered":"Zlat\u00e9 srdcov\u00e9 n\u00e1u\u0161nice 333"},"content":{"rendered":"<p>Model: KXC5048<br \/>\nWaga ok. 0,70g<\/p>\n<p>N\u00e1u\u0161nice.<br \/>\n\u017dlut\u00e9 zlato 0,333.<\/p>\n<p>Wysoko\u015b\u0107 7 mm.<\/p>","protected":false},"excerpt":{"rendered":"<p>Subtelne kolczyki w kszta\u0142cie otwartego serca wykonane z \u017c\u00f3\u0142tego z\u0142ota pr\u00f3by 0,333 to kwintesencja delikatno\u015bci i nowoczesnego minimalizmu. Ich lekka forma i l\u015bni\u0105ce wyko\u0144czenie sprawiaj\u0105, \u017ce stanowi\u0105 idealny dodatek na co dzie\u0144 \u2013 zar\u00f3wno dla m\u0142odych dziewczyn, jak i kobiet ceni\u0105cych dyskretn\u0105 elegancj\u0119. Uniwersalny wz\u00f3r w kszta\u0142cie serca czyni je r\u00f3wnie\u017c symbolicznym i wyj\u0105tkowym prezentem.<\/p>","protected":false},"featured_media":18236,"comment_status":"closed","ping_status":"closed","template":"","meta":{"om_disable_all_campaigns":false},"product_brand":[2284,2350],"product_cat":[199,2044,1930],"product_tag":[3551,3173,3096,3552,3550,2384,3554,3553,2544],"class_list":{"0":"post-14413","1":"product","2":"type-product","3":"status-publish","4":"has-post-thumbnail","6":"product_brand-staviori","7":"product_brand-verona","8":"product_cat-kolczyki","9":"product_cat-zlote-kolczyki","10":"product_cat-zloto-2","11":"product_tag-fa13266","12":"product_tag-kolczyki-dla-dziewczynki","13":"product_tag-kolczyki-serca","14":"product_tag-kolczyki-wkretki","15":"product_tag-kxc5048","16":"product_tag-minimalistyczna-bizuteria","17":"product_tag-prezent-symboliczny","18":"product_tag-zlote-kolczyki-codzienne","19":"product_tag-zolte-zloto-333","20":"pa_kolor-zolte","21":"pa_kruszec-zloto","22":"pa_motyw-serce","23":"pa_proba-0-333","24":"pa_waga-070g","25":"pa_wysokosc-7mm","26":"pa_zapiecie-sztyft","28":"first","29":"instock","30":"purchasable","31":"product-type-simple"},"aioseo_notices":[],"_links":{"self":[{"href":"https:\/\/staviori.com.pl\/cs\/wp-json\/wp\/v2\/product\/14413","targetHints":{"allow":["GET"]}}],"collection":[{"href":"https:\/\/staviori.com.pl\/cs\/wp-json\/wp\/v2\/product"}],"about":[{"href":"https:\/\/staviori.com.pl\/cs\/wp-json\/wp\/v2\/types\/product"}],"replies":[{"embeddable":true,"href":"https:\/\/staviori.com.pl\/cs\/wp-json\/wp\/v2\/comments?post=14413"}],"wp:featuredmedia":[{"embeddable":true,"href":"https:\/\/staviori.com.pl\/cs\/wp-json\/wp\/v2\/media\/18236"}],"wp:attachment":[{"href":"https:\/\/staviori.com.pl\/cs\/wp-json\/wp\/v2\/media?parent=14413"}],"wp:term":[{"taxonomy":"product_brand","embeddable":true,"href":"https:\/\/staviori.com.pl\/cs\/wp-json\/wp\/v2\/product_brand?post=14413"},{"taxonomy":"product_cat","embeddable":true,"href":"https:\/\/staviori.com.pl\/cs\/wp-json\/wp\/v2\/product_cat?post=14413"},{"taxonomy":"product_tag","embeddable":true,"href":"https:\/\/staviori.com.pl\/cs\/wp-json\/wp\/v2\/product_tag?post=14413"}],"curies":[{"name":"wp","href":"https:\/\/api.w.org\/{rel}","templated":true}]}}