{"id":14409,"date":"2025-02-24T22:46:26","date_gmt":"2025-02-24T21:46:26","guid":{"rendered":"https:\/\/staviori.com.pl\/product\/zlote-kolczyki-kzc4823\/"},"modified":"2026-04-13T14:38:19","modified_gmt":"2026-04-13T12:38:19","slug":"zlote-kolczyki-kzc4823","status":"publish","type":"product","link":"https:\/\/staviori.com.pl\/cs\/product\/zlote-kolczyki-kzc4823\/","title":{"rendered":"Zlat\u00e9 n\u00e1u\u0161nice se zirkony 333"},"content":{"rendered":"<p>Model: KXC4823<br \/>\nHmotnost p\u0159ibli\u017en\u011b 0,90 g<\/p>\n<p>N\u00e1u\u0161nice.<br \/>\n\u017dlut\u00e9 zlato 0,333.<br \/>\nZirkonie.<\/p>\n<p>\u0160\u00ed\u0159ka 2 mm.<br \/>\nV\u00fd\u0161ka 10 mm.<\/p>","protected":false},"excerpt":{"rendered":"<p>Jemn\u00e9 n\u00e1u\u0161nice ze \u017elut\u00e9ho zlata 0,333, zdoben\u00e9 z\u00e1\u0159iv\u00fdmi zirkony, jsou decentn\u00edm n\u00e1vrhem pro ka\u017edodenn\u00ed no\u0161en\u00ed i v\u00fdjime\u010dn\u00e9 p\u0159\u00edle\u017eitosti. Jejich minimalistick\u00e1 forma v kombinaci s v\u00fdrazn\u00fdm leskem z nich \u010din\u00ed dokonal\u00fd dopln\u011bk pro elegantn\u00ed i ka\u017edodenn\u00ed styling. Jejich mal\u00e1 velikost a klasick\u00fd design z nich \u010din\u00ed univerz\u00e1ln\u00ed dopln\u011bk, kter\u00fd jim dod\u00e1 \u017eenskost a p\u016fvab.<\/p>","protected":false},"featured_media":2655,"comment_status":"closed","ping_status":"closed","template":"","meta":{"om_disable_all_campaigns":false},"product_brand":[2284,2350],"product_cat":[199,2044,1930],"product_tag":[2565,3547,2664,2674,2953,3546,2706,2544],"class_list":{"0":"post-14409","1":"product","2":"type-product","3":"status-publish","4":"has-post-thumbnail","6":"product_brand-staviori","7":"product_brand-verona","8":"product_cat-kolczyki","9":"product_cat-zlote-kolczyki","10":"product_cat-zloto-2","11":"product_tag-delikatna-bizuteria","12":"product_tag-elegancka-prostota","13":"product_tag-klasyczne-kolczyki","14":"product_tag-kolczyki-na-co-dzien","15":"product_tag-kolczyki-z-cyrkoniami","16":"product_tag-kxc4823","17":"product_tag-male-kolczyki","18":"product_tag-zolte-zloto-333","19":"pa_barwa-70","20":"pa_kamien-cyrkonia","21":"pa_kolor-zolte","22":"pa_kruszec-zloto","23":"pa_proba-0-333","24":"pa_szerokosc-2mm","25":"pa_waga-090g","26":"pa_wysokosc-10mm","27":"pa_zapiecie-angielskie","29":"first","30":"instock","31":"purchasable","32":"product-type-simple"},"aioseo_notices":[],"_links":{"self":[{"href":"https:\/\/staviori.com.pl\/cs\/wp-json\/wp\/v2\/product\/14409","targetHints":{"allow":["GET"]}}],"collection":[{"href":"https:\/\/staviori.com.pl\/cs\/wp-json\/wp\/v2\/product"}],"about":[{"href":"https:\/\/staviori.com.pl\/cs\/wp-json\/wp\/v2\/types\/product"}],"replies":[{"embeddable":true,"href":"https:\/\/staviori.com.pl\/cs\/wp-json\/wp\/v2\/comments?post=14409"}],"wp:featuredmedia":[{"embeddable":true,"href":"https:\/\/staviori.com.pl\/cs\/wp-json\/wp\/v2\/media\/2655"}],"wp:attachment":[{"href":"https:\/\/staviori.com.pl\/cs\/wp-json\/wp\/v2\/media?parent=14409"}],"wp:term":[{"taxonomy":"product_brand","embeddable":true,"href":"https:\/\/staviori.com.pl\/cs\/wp-json\/wp\/v2\/product_brand?post=14409"},{"taxonomy":"product_cat","embeddable":true,"href":"https:\/\/staviori.com.pl\/cs\/wp-json\/wp\/v2\/product_cat?post=14409"},{"taxonomy":"product_tag","embeddable":true,"href":"https:\/\/staviori.com.pl\/cs\/wp-json\/wp\/v2\/product_tag?post=14409"}],"curies":[{"name":"wp","href":"https:\/\/api.w.org\/{rel}","templated":true}]}}