{"id":14403,"date":"2025-02-24T22:46:26","date_gmt":"2025-02-24T21:46:26","guid":{"rendered":"https:\/\/staviori.com.pl\/product\/zlote-kolczyki-kxx6248\/"},"modified":"2026-02-11T00:08:47","modified_gmt":"2026-02-10T23:08:47","slug":"zlote-kolczyki-kxx6248","status":"publish","type":"product","link":"https:\/\/staviori.com.pl\/cs\/product\/zlote-kolczyki-kxx6248\/","title":{"rendered":"Zlat\u00e9 kruhov\u00e9 n\u00e1u\u0161nice s \u010dern\u00fdmi zirkony 333"},"content":{"rendered":"<p>Model: KXX6248<br \/>\nHmotnost p\u0159ibli\u017en\u011b 1,80 g<\/p>\n<p>N\u00e1u\u0161nice.<br \/>\n\u017b\u00f3\u0142te Stal 0,333.<br \/>\nZirkonov\u00e1 \u010dern\u00e1.<\/p>\n<p>Pr\u016fm\u011br 19 mm.<\/p>","protected":false},"excerpt":{"rendered":"<p>Nowoczesne kolczyki ko\u0142a wykonane z \u017c\u00f3\u0142tego z\u0142ota pr\u00f3by 0,333, ozdobione czarnymi cyrkoniami, przyci\u0105gaj\u0105 wzrok oryginalnym kontrastem i eleganck\u0105 form\u0105. Minimalistyczna obr\u0119cz o \u015brednicy 19 mm zawieszona na po\u0142yskuj\u0105cym elemencie z kamieni tworzy wyj\u0105tkowy akcent w ka\u017cdej stylizacji. To idealna propozycja dla kobiet, kt\u00f3re lubi\u0105 \u0142\u0105czy\u0107 klasyk\u0119 z nut\u0105 charakteru.<\/p>","protected":false},"featured_media":18280,"comment_status":"closed","ping_status":"closed","template":"","meta":{"om_disable_all_campaigns":false},"product_brand":[2284],"product_cat":[199,2044,1930],"product_tag":[3591,3448,2682,3196,2953,3593,2708,3592],"class_list":{"0":"post-14403","1":"product","2":"type-product","3":"status-publish","4":"has-post-thumbnail","6":"product_brand-staviori","7":"product_cat-kolczyki","8":"product_cat-zlote-kolczyki","9":"product_cat-zloto-2","10":"product_tag-bizuteria-0-333","11":"product_tag-czarne-cyrkonie","12":"product_tag-kolczyki-kola","13":"product_tag-kolczyki-nowoczesne","14":"product_tag-kolczyki-z-cyrkoniami","15":"product_tag-kolczyki-z-kontrastem","16":"product_tag-kolczyki-zlote","17":"product_tag-kxx6248","18":"pa_kamien-cyrkonia-czarna","19":"pa_kolor-zolte","20":"pa_kruszec-stal","21":"pa_proba-0-333","22":"pa_srednica-19mm","23":"pa_waga-180g","24":"pa_zapiecie-sztyft","26":"first","27":"instock","28":"purchasable","29":"product-type-simple"},"aioseo_notices":[],"_links":{"self":[{"href":"https:\/\/staviori.com.pl\/cs\/wp-json\/wp\/v2\/product\/14403","targetHints":{"allow":["GET"]}}],"collection":[{"href":"https:\/\/staviori.com.pl\/cs\/wp-json\/wp\/v2\/product"}],"about":[{"href":"https:\/\/staviori.com.pl\/cs\/wp-json\/wp\/v2\/types\/product"}],"replies":[{"embeddable":true,"href":"https:\/\/staviori.com.pl\/cs\/wp-json\/wp\/v2\/comments?post=14403"}],"wp:featuredmedia":[{"embeddable":true,"href":"https:\/\/staviori.com.pl\/cs\/wp-json\/wp\/v2\/media\/18280"}],"wp:attachment":[{"href":"https:\/\/staviori.com.pl\/cs\/wp-json\/wp\/v2\/media?parent=14403"}],"wp:term":[{"taxonomy":"product_brand","embeddable":true,"href":"https:\/\/staviori.com.pl\/cs\/wp-json\/wp\/v2\/product_brand?post=14403"},{"taxonomy":"product_cat","embeddable":true,"href":"https:\/\/staviori.com.pl\/cs\/wp-json\/wp\/v2\/product_cat?post=14403"},{"taxonomy":"product_tag","embeddable":true,"href":"https:\/\/staviori.com.pl\/cs\/wp-json\/wp\/v2\/product_tag?post=14403"}],"curies":[{"name":"wp","href":"https:\/\/api.w.org\/{rel}","templated":true}]}}