{"id":14402,"date":"2025-02-24T22:46:26","date_gmt":"2025-02-24T21:46:26","guid":{"rendered":"https:\/\/staviori.com.pl\/product\/zlote-kolczyki-kxx6235\/"},"modified":"2026-04-10T10:02:55","modified_gmt":"2026-04-10T08:02:55","slug":"zlote-kolczyki-kxx6235","status":"publish","type":"product","link":"https:\/\/staviori.com.pl\/cs\/product\/zlote-kolczyki-kxx6235\/","title":{"rendered":"Zlat\u00e9 n\u00e1u\u0161nice ve dvoubarevn\u00e9m 333 zlat\u011b"},"content":{"rendered":"<p>Model: KXX6235<br \/>\nHmotnost p\u0159ibli\u017en\u011b 1,35 g<\/p>\n<p>N\u00e1u\u0161nice.<br \/>\n\u017dlut\u00e9, b\u00edl\u00e9 zlato 0,333.<br \/>\nPr\u016fm\u011br 16 mm.<\/p>\n<p>N\u00e1u\u0161nice s k\u0159\u00eddlov\u00fdm zap\u00edn\u00e1n\u00edm, vyroben\u00e9 z dvoubarevn\u00e9ho zlata 0,333, \u010d\u00e1ste\u010dn\u011b brou\u0161en\u00e9 diamanty.<\/p>","protected":false},"excerpt":{"rendered":"<p>Elegantn\u00ed n\u00e1u\u0161nice na \u0161erpu z dvoubarevn\u00e9ho zlata 0,333 jsou dokonalou kombinac\u00ed klasiky a moderny. Jemn\u00e9 spojen\u00ed \u017elut\u00e9ho a b\u00edl\u00e9ho zlata bylo obohaceno \u010d\u00e1ste\u010dn\u00fdm osazen\u00edm diamantem, kter\u00fd dod\u00e1v\u00e1 jiskru a u\u0161lechtil\u00fd charakter. D\u00edky mal\u00e9mu pr\u016fm\u011bru 16 mm jsou tyto n\u00e1u\u0161nice mimo\u0159\u00e1dn\u011b pohodln\u00e9 a stylov\u00e9 - ide\u00e1ln\u00ed pro ka\u017edodenn\u00ed no\u0161en\u00ed i zvl\u00e1\u0161tn\u00ed p\u0159\u00edle\u017eitosti.<\/p>","protected":false},"featured_media":2614,"comment_status":"closed","ping_status":"closed","template":"","meta":{"om_disable_all_campaigns":false},"product_brand":[2284,2350],"product_cat":[199,2044,1930],"product_tag":[3591,3587,3513,3133,3437,3590,2708,3588,3589],"class_list":{"0":"post-14402","1":"product","2":"type-product","3":"status-publish","4":"has-post-thumbnail","6":"product_brand-staviori","7":"product_brand-verona","8":"product_cat-kolczyki","9":"product_cat-zlote-kolczyki","10":"product_cat-zloto-2","11":"product_tag-bizuteria-0-333","12":"product_tag-ha18407","13":"product_tag-kolczyki-dwukolorowe","14":"product_tag-kolczyki-eleganckie","15":"product_tag-kolczyki-szarnir","16":"product_tag-kolczyki-z-diamentowaniem","17":"product_tag-kolczyki-zlote","18":"product_tag-kxx6235","19":"product_tag-zolte-i-biale-zloto","20":"pa_kolor-zolte","21":"pa_kruszec-zloto","22":"pa_proba-0-333","23":"pa_srednica-16mm","24":"pa_waga-135g-2","25":"pa_zapiecie-szarnir","26":"pa_zapiecie-zatrzaskowe","28":"first","29":"instock","30":"purchasable","31":"product-type-simple"},"aioseo_notices":[],"_links":{"self":[{"href":"https:\/\/staviori.com.pl\/cs\/wp-json\/wp\/v2\/product\/14402","targetHints":{"allow":["GET"]}}],"collection":[{"href":"https:\/\/staviori.com.pl\/cs\/wp-json\/wp\/v2\/product"}],"about":[{"href":"https:\/\/staviori.com.pl\/cs\/wp-json\/wp\/v2\/types\/product"}],"replies":[{"embeddable":true,"href":"https:\/\/staviori.com.pl\/cs\/wp-json\/wp\/v2\/comments?post=14402"}],"wp:featuredmedia":[{"embeddable":true,"href":"https:\/\/staviori.com.pl\/cs\/wp-json\/wp\/v2\/media\/2614"}],"wp:attachment":[{"href":"https:\/\/staviori.com.pl\/cs\/wp-json\/wp\/v2\/media?parent=14402"}],"wp:term":[{"taxonomy":"product_brand","embeddable":true,"href":"https:\/\/staviori.com.pl\/cs\/wp-json\/wp\/v2\/product_brand?post=14402"},{"taxonomy":"product_cat","embeddable":true,"href":"https:\/\/staviori.com.pl\/cs\/wp-json\/wp\/v2\/product_cat?post=14402"},{"taxonomy":"product_tag","embeddable":true,"href":"https:\/\/staviori.com.pl\/cs\/wp-json\/wp\/v2\/product_tag?post=14402"}],"curies":[{"name":"wp","href":"https:\/\/api.w.org\/{rel}","templated":true}]}}