{"id":14398,"date":"2025-02-24T22:46:26","date_gmt":"2025-02-24T21:46:26","guid":{"rendered":"https:\/\/staviori.com.pl\/product\/zlote-kolczyki-kxx5460\/"},"modified":"2026-02-11T00:08:46","modified_gmt":"2026-02-10T23:08:46","slug":"zlote-kolczyki-kxx5460","status":"publish","type":"product","link":"https:\/\/staviori.com.pl\/cs\/product\/zlote-kolczyki-kxx5460\/","title":{"rendered":"Zlat\u00e9 kruhov\u00e9 n\u00e1u\u0161nice 4cm vzorek 333"},"content":{"rendered":"<p>Model: KXX5460<br \/>\nHmotnost p\u0159ibli\u017en\u011b 1,10 g<\/p>\n<p>N\u00e1u\u0161nice.<br \/>\n\u017dlut\u00e9 zlato 0,333.<\/p>\n<p>\u015arednica 40 mm.<\/p>","protected":false},"excerpt":{"rendered":"<p>Klasyczne kolczyki ko\u0142a wykonane z \u017c\u00f3\u0142tego z\u0142ota pr\u00f3by 0,333 to ponadczasowy dodatek, kt\u00f3ry nigdy nie wychodzi z mody. Ich delikatna, lekka forma o \u015brednicy 40 mm sprawia, \u017ce doskonale komponuj\u0105 si\u0119 zar\u00f3wno z casualowymi stylizacjami, jak i eleganckimi kreacjami. Idealne dla kobiet, kt\u00f3re ceni\u0105 prostot\u0119 i uniwersalno\u015b\u0107 w bi\u017cuterii.<\/p>","protected":false},"featured_media":2608,"comment_status":"closed","ping_status":"closed","template":"","meta":{"om_disable_all_campaigns":false},"product_brand":[2284,2350],"product_cat":[199,2044,1930],"product_tag":[3041,3102,3062,2682,2708,3584,2668,3583,3577],"class_list":{"0":"post-14398","1":"product","2":"type-product","3":"status-publish","4":"has-post-thumbnail","6":"product_brand-staviori","7":"product_brand-verona","8":"product_cat-kolczyki","9":"product_cat-zlote-kolczyki","10":"product_cat-zloto-2","11":"product_tag-bizuteria-codzienna","12":"product_tag-kolczyki-damskie","13":"product_tag-kolczyki-klasyczne","14":"product_tag-kolczyki-kola","15":"product_tag-kolczyki-zlote","16":"product_tag-kxx5460","17":"product_tag-minimalistyczne-kolczyki","18":"product_tag-xka1160","19":"product_tag-zloto-0-333","20":"pa_kolor-zolte","21":"pa_kruszec-zloto","22":"pa_proba-0-333","23":"pa_srednica-40mm","24":"pa_waga-110g","25":"pa_zapiecie-szarnir","27":"first","28":"instock","29":"purchasable","30":"product-type-simple"},"aioseo_notices":[],"_links":{"self":[{"href":"https:\/\/staviori.com.pl\/cs\/wp-json\/wp\/v2\/product\/14398","targetHints":{"allow":["GET"]}}],"collection":[{"href":"https:\/\/staviori.com.pl\/cs\/wp-json\/wp\/v2\/product"}],"about":[{"href":"https:\/\/staviori.com.pl\/cs\/wp-json\/wp\/v2\/types\/product"}],"replies":[{"embeddable":true,"href":"https:\/\/staviori.com.pl\/cs\/wp-json\/wp\/v2\/comments?post=14398"}],"wp:featuredmedia":[{"embeddable":true,"href":"https:\/\/staviori.com.pl\/cs\/wp-json\/wp\/v2\/media\/2608"}],"wp:attachment":[{"href":"https:\/\/staviori.com.pl\/cs\/wp-json\/wp\/v2\/media?parent=14398"}],"wp:term":[{"taxonomy":"product_brand","embeddable":true,"href":"https:\/\/staviori.com.pl\/cs\/wp-json\/wp\/v2\/product_brand?post=14398"},{"taxonomy":"product_cat","embeddable":true,"href":"https:\/\/staviori.com.pl\/cs\/wp-json\/wp\/v2\/product_cat?post=14398"},{"taxonomy":"product_tag","embeddable":true,"href":"https:\/\/staviori.com.pl\/cs\/wp-json\/wp\/v2\/product_tag?post=14398"}],"curies":[{"name":"wp","href":"https:\/\/api.w.org\/{rel}","templated":true}]}}