{"id":14394,"date":"2025-02-24T22:46:22","date_gmt":"2025-02-24T21:46:22","guid":{"rendered":"https:\/\/staviori.com.pl\/product\/bizuteria-inwestycyjna-kolczyk-kxd4011\/"},"modified":"2026-02-11T00:08:46","modified_gmt":"2026-02-10T23:08:46","slug":"bizuteria-inwestycyjna-kolczyk-kxd4011","status":"publish","type":"product","link":"https:\/\/staviori.com.pl\/cs\/product\/bizuteria-inwestycyjna-kolczyk-kxd4011\/","title":{"rendered":"Exkluzivn\u011b | kr\u00e1sn\u00e9 kruhov\u00e9 n\u00e1u\u0161nice z b\u00edl\u00e9ho a \u010dern\u00e9ho zlata 750 s diamanty"},"content":{"rendered":"<p>Model: DDE1383<br \/>\nWaga ok. 8,73g<\/p>\n<p>N\u00e1u\u0161nice.<br \/>\nBia\u0142e, Czarne* Z\u0142oto 0,750.<br \/>\n30 Diament\u00f3w, szlif brylantowy, o masie 0,24ct, barwa G-H, czysto\u015b\u0107 SI1.<br \/>\n60 Diament\u00f3w, kolor czarny, szlif brylantowy, o masie 0,55ct.<\/p>\n<p>D\u00e9lka 16 mm.<br \/>\nSzeroko\u015b\u0107 7.2 mm.<br \/>\n\u015arednica 16.4 mm.<\/p>\n<p>Produkt je k dispozici pouze na vy\u017e\u00e1d\u00e1n\u00ed, doba dod\u00e1n\u00ed cca 5 t\u00fddn\u016f.<\/p>\n<p>* \u010cern\u00e9 zlato je b\u00edl\u00e9 zlato o ryzosti 0,750 pokoven\u00e9 \u010dern\u00fdm rhodiem.<\/p>","protected":false},"excerpt":{"rendered":"<p>Eleganckie kolczyki typu kreole wykonane z po\u0142\u0105czenia 0,750 bia\u0142ego i czarnego z\u0142ota, zdobione 30 brylantami o \u0142\u0105cznej masie 0,24 ct w szlifie brylantowym oraz 60 czarnymi brylantami o \u0142\u0105cznej masie 0,55 ct. Wielowarstwowy wz\u00f3r daje efekt g\u0142\u0119bokiego kontrastu, a subtelna, zaokr\u0105glona linia podkre\u015bla wyrafinowany charakter bi\u017cuterii. Lekka konstrukcja doskonale le\u017cy na uchu, a bezpieczne zapi\u0119cie typu angielskiego zapewnia komfort noszenia.<\/p>","protected":false},"featured_media":2593,"comment_status":"closed","ping_status":"closed","template":"","meta":{"om_disable_all_campaigns":false},"product_brand":[2284],"product_cat":[1803,199,6858],"product_tag":[2308,2301,2478,2405,5374,1394,5375,5373,2280,3627],"class_list":{"0":"post-14394","1":"product","2":"type-product","3":"status-publish","4":"has-post-thumbnail","6":"product_brand-staviori","7":"product_cat-brylanty-exclusive","8":"product_cat-kolczyki","9":"product_cat-kolczyki-brylanty-exclusive","10":"product_tag-biale-zloto","11":"product_tag-brylanty","12":"product_tag-czarne-brylanty","13":"product_tag-czarne-zloto","14":"product_tag-dde1383","15":"product_tag-kolczyki","16":"product_tag-kreole","17":"product_tag-kxd4011","18":"product_tag-luksusowa-bizuteria","19":"product_tag-zapiecie-angielskie","20":"pa_barwa-g-h","21":"pa_czystosc-si1","22":"pa_dostawca-draco","23":"pa_kamien-biale-diamenty","24":"pa_kamien-czarne-diamenty","25":"pa_kolor-biale","26":"pa_kolor-czarne","27":"pa_kruszec-zloto","28":"pa_proba-0-750","29":"pa_szerokosc-7-2mm","30":"pa_szlif-brylantowy-okragly","31":"pa_waga-870g","33":"first","34":"onbackorder","35":"purchasable","36":"product-type-simple"},"aioseo_notices":[],"_links":{"self":[{"href":"https:\/\/staviori.com.pl\/cs\/wp-json\/wp\/v2\/product\/14394","targetHints":{"allow":["GET"]}}],"collection":[{"href":"https:\/\/staviori.com.pl\/cs\/wp-json\/wp\/v2\/product"}],"about":[{"href":"https:\/\/staviori.com.pl\/cs\/wp-json\/wp\/v2\/types\/product"}],"replies":[{"embeddable":true,"href":"https:\/\/staviori.com.pl\/cs\/wp-json\/wp\/v2\/comments?post=14394"}],"wp:featuredmedia":[{"embeddable":true,"href":"https:\/\/staviori.com.pl\/cs\/wp-json\/wp\/v2\/media\/2593"}],"wp:attachment":[{"href":"https:\/\/staviori.com.pl\/cs\/wp-json\/wp\/v2\/media?parent=14394"}],"wp:term":[{"taxonomy":"product_brand","embeddable":true,"href":"https:\/\/staviori.com.pl\/cs\/wp-json\/wp\/v2\/product_brand?post=14394"},{"taxonomy":"product_cat","embeddable":true,"href":"https:\/\/staviori.com.pl\/cs\/wp-json\/wp\/v2\/product_cat?post=14394"},{"taxonomy":"product_tag","embeddable":true,"href":"https:\/\/staviori.com.pl\/cs\/wp-json\/wp\/v2\/product_tag?post=14394"}],"curies":[{"name":"wp","href":"https:\/\/api.w.org\/{rel}","templated":true}]}}