{"id":14392,"date":"2025-02-24T22:46:22","date_gmt":"2025-02-24T21:46:22","guid":{"rendered":"https:\/\/staviori.com.pl\/product\/bizuteria-inwestycyjna-kolczyk-kxd3954\/"},"modified":"2026-02-11T00:08:46","modified_gmt":"2026-02-10T23:08:46","slug":"bizuteria-inwestycyjna-kolczyk-kxd3954","status":"publish","type":"product","link":"https:\/\/staviori.com.pl\/cs\/product\/bizuteria-inwestycyjna-kolczyk-kxd3954\/","title":{"rendered":"Exkluzivn\u011b | n\u00e1u\u0161nice \u0161korpion z \u010dern\u00e9ho zlata s \u010dern\u00fdmi diamanty"},"content":{"rendered":"<p>Model: DSE1332<br \/>\nWaga ok. 5,15g<\/p>\n<p>N\u00e1u\u0161nice.<br \/>\nBia\u0142e, Czarne Z\u0142oto* 0,750.<br \/>\n214 Diament\u00f3w, kolor czarny, szlif brylantowy, o masie ok. 1,07ct.<\/p>\n<p>Wymiary ok. 14&#215;17 mm.<br \/>\nGrubo\u015b\u0107 9-3.3 mm.<\/p>\n<p><strong><br \/>\nProdukt je k dispozici pouze na vy\u017e\u00e1d\u00e1n\u00ed, doba dod\u00e1n\u00ed cca 5 t\u00fddn\u016f.<\/strong><\/p>\n<p>* \u010cern\u00e9 zlato je b\u00edl\u00e9 zlato o ryzosti 0,750 pokoven\u00e9 \u010dern\u00fdm rhodiem.<\/p>","protected":false},"excerpt":{"rendered":"<p>Awangardowe kolczyki w formie skorpiona wykonane z bia\u0142ego i czarnego z\u0142ota pr\u00f3by 0,750 to odwa\u017cna bi\u017cuteryjna propozycja dla mi\u0142o\u015bnik\u00f3w unikalnych wzor\u00f3w. Bogato wysadzane 214 czarnymi brylantami o \u0142\u0105cznej masie ponad 1 ct zachwycaj\u0105 g\u0142\u0119bi\u0105 koloru i niepowtarzalnym blaskiem. Rze\u017abiarska forma, precyzja wykonania i wyrazisty charakter sprawiaj\u0105, \u017ce kolczyki te staj\u0105 si\u0119 nie tylko dodatkiem, ale r\u00f3wnie\u017c manifestem stylu. Idealne dla os\u00f3b ceni\u0105cych odwa\u017cn\u0105 elegancj\u0119 i symboliczne motywy.<\/p>","protected":false},"featured_media":18205,"comment_status":"closed","ping_status":"closed","template":"","meta":{"om_disable_all_campaigns":false},"product_brand":[2284],"product_cat":[1803,199,6858],"product_tag":[3528,2405,3530,2555,2684,3527,2681,2662,3526,3529],"class_list":{"0":"post-14392","1":"product","2":"type-product","3":"status-publish","4":"has-post-thumbnail","6":"product_brand-staviori","7":"product_cat-brylanty-exclusive","8":"product_cat-kolczyki","9":"product_cat-kolczyki-brylanty-exclusive","10":"product_tag-bizuteria-z-motywem-zwierzat","11":"product_tag-czarne-zloto","12":"product_tag-dse1332","13":"product_tag-ekskluzywna-bizuteria","14":"product_tag-kolczyki-18k","15":"product_tag-kolczyki-skorpion","16":"product_tag-kolczyki-z-bialego-zlota","17":"product_tag-kolczyki-z-czarnymi-diamentami","18":"product_tag-kxd3954","19":"product_tag-odwazna-bizuteria","20":"pa_barwa-czarne","21":"pa_dostawca-draco","22":"pa_grubosc-9-3-3mm","23":"pa_kamien-czarne-diamenty","24":"pa_kolor-biale","25":"pa_kolor-czarne","26":"pa_kruszec-zloto","27":"pa_motyw-skorpion","28":"pa_proba-0-750","29":"pa_waga-515g","30":"pa_wymiary-14x17mm","32":"first","33":"onbackorder","34":"purchasable","35":"product-type-simple"},"aioseo_notices":[],"_links":{"self":[{"href":"https:\/\/staviori.com.pl\/cs\/wp-json\/wp\/v2\/product\/14392","targetHints":{"allow":["GET"]}}],"collection":[{"href":"https:\/\/staviori.com.pl\/cs\/wp-json\/wp\/v2\/product"}],"about":[{"href":"https:\/\/staviori.com.pl\/cs\/wp-json\/wp\/v2\/types\/product"}],"replies":[{"embeddable":true,"href":"https:\/\/staviori.com.pl\/cs\/wp-json\/wp\/v2\/comments?post=14392"}],"wp:featuredmedia":[{"embeddable":true,"href":"https:\/\/staviori.com.pl\/cs\/wp-json\/wp\/v2\/media\/18205"}],"wp:attachment":[{"href":"https:\/\/staviori.com.pl\/cs\/wp-json\/wp\/v2\/media?parent=14392"}],"wp:term":[{"taxonomy":"product_brand","embeddable":true,"href":"https:\/\/staviori.com.pl\/cs\/wp-json\/wp\/v2\/product_brand?post=14392"},{"taxonomy":"product_cat","embeddable":true,"href":"https:\/\/staviori.com.pl\/cs\/wp-json\/wp\/v2\/product_cat?post=14392"},{"taxonomy":"product_tag","embeddable":true,"href":"https:\/\/staviori.com.pl\/cs\/wp-json\/wp\/v2\/product_tag?post=14392"}],"curies":[{"name":"wp","href":"https:\/\/api.w.org\/{rel}","templated":true}]}}