{"id":14390,"date":"2025-02-24T22:46:22","date_gmt":"2025-02-24T21:46:22","guid":{"rendered":"https:\/\/staviori.com.pl\/product\/bizuteria-inwestycyjna-kolczyk-kxd3488\/"},"modified":"2026-02-11T00:08:46","modified_gmt":"2026-02-10T23:08:46","slug":"bizuteria-inwestycyjna-kolczyk-kxd3488","status":"publish","type":"product","link":"https:\/\/staviori.com.pl\/cs\/product\/bizuteria-inwestycyjna-kolczyk-kxd3488\/","title":{"rendered":"Exkluzivn\u011b | n\u00e1u\u0161nice z \u010dern\u00e9ho a \u017elut\u00e9ho zlata s diamanty"},"content":{"rendered":"<p>Model: DDE0479B<br \/>\nHmotnost p\u0159ibli\u017en\u011b 11,90 g<\/p>\n<p>N\u00e1u\u0161nice.<br \/>\n\u017b\u00f3\u0142te, Czarne Z\u0142oto* 0,750.<br \/>\n62 Diamenty, szlif brylantowy, o masie ok. 0,39ct, barwa G-H, czysto\u015b\u0107 SI1.<br \/>\n206 Diament\u00f3w, kolor czarny, szlif brylantowy, o masie ok. 2,58ct.<\/p>\n<p>\u015arednica 17 mm.<br \/>\nD\u0142ugo\u015b\u0107 36 mm.<\/p>\n<p><strong>Produkt je k dispozici pouze na vy\u017e\u00e1d\u00e1n\u00ed, doba dod\u00e1n\u00ed cca 5 t\u00fddn\u016f.<\/strong><\/p>\n<p>* \u010cern\u00e9 zlato je b\u00edl\u00e9 zlato o ryzosti 0,750 pokoven\u00e9 \u010dern\u00fdm rhodiem.<\/p>","protected":false},"excerpt":{"rendered":"<p>Fenomen\u00e1ln\u00ed n\u00e1u\u0161nice z 18kar\u00e1tov\u00e9ho zlata v kontrastn\u00ed kombinaci \u017elut\u00e9ho a \u010dern\u00e9ho proveden\u00ed, kter\u00e9 p\u0159itahuje pozornost a zaujme svou originalitou. Luxusn\u00ed design vych\u00e1z\u00ed z motivu t\u0159\u00ed spojen\u00fdch krou\u017ek\u016f, z nich\u017e ka\u017ed\u00fd je bohat\u011b os\u00e1zen diamanty - v klasick\u00e9 b\u00edl\u00e9 a syt\u011b \u010dern\u00e9 barv\u011b. A\u017e 268 kamen\u016f o celkov\u00e9 hmotnosti t\u00e9m\u011b\u0159 3 ct vytv\u00e1\u0159\u00ed v\u00fdjime\u010dn\u00fd efekt lesku a hloubky. N\u00e1u\u0161nice jsou vynikaj\u00edc\u00ed volbou pro \u017eeny, kter\u00e9 maj\u00ed r\u00e1dy v\u00fdrazn\u00e9 \u0161perky a nekompromisn\u00ed styl.<\/p>","protected":false},"featured_media":18199,"comment_status":"closed","ping_status":"closed","template":"","meta":{"om_disable_all_campaigns":false},"product_brand":[2284],"product_cat":[1803,6858,199],"product_tag":[2311,3522,2555,2684,2770,2672,2977,2662,3523],"class_list":{"0":"post-14390","1":"product","2":"type-product","3":"status-publish","4":"has-post-thumbnail","6":"product_brand-staviori","7":"product_cat-brylanty-exclusive","8":"product_cat-kolczyki-brylanty-exclusive","9":"product_cat-kolczyki","10":"product_tag-bizuteria-luksusowa","11":"product_tag-dde0479b","12":"product_tag-ekskluzywna-bizuteria","13":"product_tag-kolczyki-18k","14":"product_tag-kolczyki-wiszace","15":"product_tag-kolczyki-z-brylantami","16":"product_tag-kolczyki-z-czarnego-zlota","17":"product_tag-kolczyki-z-czarnymi-diamentami","18":"product_tag-kxd3488","19":"pa_barwa-czarne","20":"pa_dlugosc-36mm","21":"pa_dostawca-draco","22":"pa_kamien-czarne-diamenty","23":"pa_kolor-czarne","24":"pa_kolor-zolte","25":"pa_kruszec-zloto","26":"pa_proba-0-750","27":"pa_srednica-17mm","28":"pa_waga-1190g","29":"pa_zapiecie-angielskie","31":"first","32":"onbackorder","33":"purchasable","34":"product-type-simple"},"aioseo_notices":[],"_links":{"self":[{"href":"https:\/\/staviori.com.pl\/cs\/wp-json\/wp\/v2\/product\/14390","targetHints":{"allow":["GET"]}}],"collection":[{"href":"https:\/\/staviori.com.pl\/cs\/wp-json\/wp\/v2\/product"}],"about":[{"href":"https:\/\/staviori.com.pl\/cs\/wp-json\/wp\/v2\/types\/product"}],"replies":[{"embeddable":true,"href":"https:\/\/staviori.com.pl\/cs\/wp-json\/wp\/v2\/comments?post=14390"}],"wp:featuredmedia":[{"embeddable":true,"href":"https:\/\/staviori.com.pl\/cs\/wp-json\/wp\/v2\/media\/18199"}],"wp:attachment":[{"href":"https:\/\/staviori.com.pl\/cs\/wp-json\/wp\/v2\/media?parent=14390"}],"wp:term":[{"taxonomy":"product_brand","embeddable":true,"href":"https:\/\/staviori.com.pl\/cs\/wp-json\/wp\/v2\/product_brand?post=14390"},{"taxonomy":"product_cat","embeddable":true,"href":"https:\/\/staviori.com.pl\/cs\/wp-json\/wp\/v2\/product_cat?post=14390"},{"taxonomy":"product_tag","embeddable":true,"href":"https:\/\/staviori.com.pl\/cs\/wp-json\/wp\/v2\/product_tag?post=14390"}],"curies":[{"name":"wp","href":"https:\/\/api.w.org\/{rel}","templated":true}]}}