{"id":14386,"date":"2025-02-24T22:46:22","date_gmt":"2025-02-24T21:46:22","guid":{"rendered":"https:\/\/staviori.com.pl\/product\/kolczyk-z-brylantami-kxd1897r\/"},"modified":"2026-02-11T00:08:46","modified_gmt":"2026-02-10T23:08:46","slug":"kolczyk-z-brylantami-kxd1897r","status":"publish","type":"product","link":"https:\/\/staviori.com.pl\/cs\/product\/kolczyk-z-brylantami-kxd1897r\/","title":{"rendered":"Mot\u00fdl\u00ed n\u00e1u\u0161nice s diamanty v r\u016f\u017eov\u00e9m zlat\u011b"},"content":{"rendered":"<p>Model: KZD1800R<br \/>\nHmotnost p\u0159ibli\u017en\u011b 0,84 g<\/p>\n<p>N\u00e1u\u0161nice.<br \/>\nB\u00edl\u00e9, r\u016f\u017eov\u00e9 zlato 0,585.<br \/>\n2 diamanty, achtkantov\u00fd brus, hmotnost 0,006ct, barva H, \u010distota I1.<\/p>\n<p>Rozm\u011bry 7 \u00d7 7 mm.<\/p>","protected":false},"excerpt":{"rendered":"<p>Kr\u00e1sn\u00e9 n\u00e1u\u0161nice ve tvaru v\u00e1\u017eky z dvoubarevn\u00e9ho zlata 0.585 - harmonick\u00e1 kombinace h\u0159ejiv\u00e9ho r\u016f\u017eov\u00e9ho zlata a elegantn\u00edho b\u00edl\u00e9ho zlata. Jemn\u011b zdoben\u00e9 dv\u011bma drobn\u00fdmi diamanty s achtkantov\u00fdm brusem dod\u00e1vaj\u00ed n\u00e1u\u0161nic\u00edm jemn\u00fd t\u0159pyt a noblesu. D\u00edky sv\u00e9 lehkosti a jedine\u010dn\u00e9mu tvaru jsou ide\u00e1ln\u00ed volbou pro \u017eeny, kter\u00e9 oce\u0148uj\u00ed p\u0159\u00edrodu, jemnost a origin\u00e1ln\u00ed styl. Skv\u011ble se hod\u00ed jako d\u00e1rek i pro ka\u017edodenn\u00ed no\u0161en\u00ed.<\/p>","protected":false},"featured_media":2538,"comment_status":"closed","ping_status":"closed","template":"","meta":{"om_disable_all_campaigns":false},"product_brand":[2284],"product_cat":[1838,1990,199],"product_tag":[3514,3515,3513,3178,3512,2667,3516,3511,3510,2683],"class_list":{"0":"post-14386","1":"product","2":"type-product","3":"status-publish","4":"has-post-thumbnail","6":"product_brand-staviori","7":"product_cat-diamenty","8":"product_cat-kolczyk-z-brylantami","9":"product_cat-kolczyki","10":"product_tag-bizuteria-przyrodnicza","11":"product_tag-kolczyki-14k","12":"product_tag-kolczyki-dwukolorowe","13":"product_tag-kolczyki-motylki","14":"product_tag-kolczyki-wazki","15":"product_tag-kolczyki-z-diamentami","16":"product_tag-kolczyki-z-rozowym-zlotem","17":"product_tag-kxd1897r","18":"product_tag-kzd1800r","19":"product_tag-zlote-kolczyki","20":"pa_barwa-h-2","21":"pa_czystosc-i1","22":"pa_dostawca-estrella","23":"pa_kamien-diament","24":"pa_kolor-biale","25":"pa_kruszec-zloto","26":"pa_motyw-motylek","27":"pa_proba-0-585","28":"pa_waga-085g","29":"pa_wymiary-7x7mm","30":"pa_zapiecie-sztyft","32":"first","33":"instock","34":"purchasable","35":"product-type-simple"},"aioseo_notices":[],"_links":{"self":[{"href":"https:\/\/staviori.com.pl\/cs\/wp-json\/wp\/v2\/product\/14386","targetHints":{"allow":["GET"]}}],"collection":[{"href":"https:\/\/staviori.com.pl\/cs\/wp-json\/wp\/v2\/product"}],"about":[{"href":"https:\/\/staviori.com.pl\/cs\/wp-json\/wp\/v2\/types\/product"}],"replies":[{"embeddable":true,"href":"https:\/\/staviori.com.pl\/cs\/wp-json\/wp\/v2\/comments?post=14386"}],"wp:featuredmedia":[{"embeddable":true,"href":"https:\/\/staviori.com.pl\/cs\/wp-json\/wp\/v2\/media\/2538"}],"wp:attachment":[{"href":"https:\/\/staviori.com.pl\/cs\/wp-json\/wp\/v2\/media?parent=14386"}],"wp:term":[{"taxonomy":"product_brand","embeddable":true,"href":"https:\/\/staviori.com.pl\/cs\/wp-json\/wp\/v2\/product_brand?post=14386"},{"taxonomy":"product_cat","embeddable":true,"href":"https:\/\/staviori.com.pl\/cs\/wp-json\/wp\/v2\/product_cat?post=14386"},{"taxonomy":"product_tag","embeddable":true,"href":"https:\/\/staviori.com.pl\/cs\/wp-json\/wp\/v2\/product_tag?post=14386"}],"curies":[{"name":"wp","href":"https:\/\/api.w.org\/{rel}","templated":true}]}}