{"id":14378,"date":"2025-02-24T22:46:22","date_gmt":"2025-02-24T21:46:22","guid":{"rendered":"https:\/\/staviori.com.pl\/product\/kolczyk-z-brylantami-kxd0757\/"},"modified":"2026-02-11T00:08:45","modified_gmt":"2026-02-10T23:08:45","slug":"kolczyk-z-brylantami-kxd0757","status":"publish","type":"product","link":"https:\/\/staviori.com.pl\/cs\/product\/kolczyk-z-brylantami-kxd0757\/","title":{"rendered":"N\u00e1u\u0161nice se smaragdy a diamanty"},"content":{"rendered":"<p>Model: KZD0757Z<br \/>\nHmotnost p\u0159ibli\u017en\u011b 1,20 g<\/p>\n<p>N\u00e1u\u0161nice.<br \/>\n\u017dlut\u00e9, b\u00edl\u00e9 zlato 0,585.<br \/>\n24 diamant\u016f, briliantov\u00fd brus, hmotnost 0,10ct, barva H, \u010distota I1.<br \/>\n2 smaragdy o hmotnosti 0,40 ct.<\/p>\n<p>Rozm\u011bry 6 \u00d7 7 mm.<br \/>\nTlou\u0161\u0165ka 5 mm.<\/p>","protected":false},"excerpt":{"rendered":"<p>Oslniv\u00e9 n\u00e1u\u0161nice ze \u017elut\u00e9ho a b\u00edl\u00e9ho zlata zdoben\u00e9 intenzivn\u011b zelen\u00fdmi smaragdy o celkov\u00e9 hmotnosti 0,40 ct, obklopen\u00e9 jemn\u00fdm t\u0159pytem 24 diamant\u016f. Jejich klasick\u00fd tvar s n\u00e1dechem luxusu dokonale podtrhuje \u017eenskou eleganci a nad\u010dasov\u00fd styl. Jedn\u00e1 se o v\u00fdjime\u010dnou volbu pro \u017eeny, kter\u00e9 ocen\u00ed rafinovan\u00e9 \u0161perky s charakterem.<\/p>","protected":false},"featured_media":18210,"comment_status":"closed","ping_status":"closed","template":"","meta":{"om_disable_all_campaigns":false},"product_brand":[2284],"product_cat":[1838,1990,199],"product_tag":[3532,2660,2698,2928,3533,2667,3531,2683],"class_list":{"0":"post-14378","1":"product","2":"type-product","3":"status-publish","4":"has-post-thumbnail","6":"product_brand-staviori","7":"product_cat-diamenty","8":"product_cat-kolczyk-z-brylantami","9":"product_cat-kolczyki","10":"product_tag-bizuteria-z-szmaragdem","11":"product_tag-eleganckie-kolczyki","12":"product_tag-kolczyki-na-prezent","13":"product_tag-kolczyki-szmaragdowe","14":"product_tag-kolczyki-z-bialego-i-zoltego-zlota","15":"product_tag-kolczyki-z-diamentami","16":"product_tag-kzd0757","17":"product_tag-zlote-kolczyki","18":"pa_barwa-h","19":"pa_czystosc-i1","20":"pa_grubosc-5mm","21":"pa_kamien-diamenty","22":"pa_kamien-szmaragdy","23":"pa_kolor-zolte","24":"pa_kruszec-zloto","25":"pa_proba-0-585","26":"pa_waga-120g","27":"pa_wymiary-6x7mm","29":"first","30":"onbackorder","31":"purchasable","32":"product-type-simple"},"aioseo_notices":[],"_links":{"self":[{"href":"https:\/\/staviori.com.pl\/cs\/wp-json\/wp\/v2\/product\/14378","targetHints":{"allow":["GET"]}}],"collection":[{"href":"https:\/\/staviori.com.pl\/cs\/wp-json\/wp\/v2\/product"}],"about":[{"href":"https:\/\/staviori.com.pl\/cs\/wp-json\/wp\/v2\/types\/product"}],"replies":[{"embeddable":true,"href":"https:\/\/staviori.com.pl\/cs\/wp-json\/wp\/v2\/comments?post=14378"}],"wp:featuredmedia":[{"embeddable":true,"href":"https:\/\/staviori.com.pl\/cs\/wp-json\/wp\/v2\/media\/18210"}],"wp:attachment":[{"href":"https:\/\/staviori.com.pl\/cs\/wp-json\/wp\/v2\/media?parent=14378"}],"wp:term":[{"taxonomy":"product_brand","embeddable":true,"href":"https:\/\/staviori.com.pl\/cs\/wp-json\/wp\/v2\/product_brand?post=14378"},{"taxonomy":"product_cat","embeddable":true,"href":"https:\/\/staviori.com.pl\/cs\/wp-json\/wp\/v2\/product_cat?post=14378"},{"taxonomy":"product_tag","embeddable":true,"href":"https:\/\/staviori.com.pl\/cs\/wp-json\/wp\/v2\/product_tag?post=14378"}],"curies":[{"name":"wp","href":"https:\/\/api.w.org\/{rel}","templated":true}]}}