{"id":14371,"date":"2025-02-24T22:46:18","date_gmt":"2025-02-24T21:46:18","guid":{"rendered":"https:\/\/staviori.com.pl\/product\/zlote-kolczyki-kxc6693\/"},"modified":"2026-04-10T10:10:38","modified_gmt":"2026-04-10T08:10:38","slug":"zlote-kolczyki-kxc6693","status":"publish","type":"product","link":"https:\/\/staviori.com.pl\/cs\/product\/zlote-kolczyki-kxc6693\/","title":{"rendered":"Vzorek 333 zlat\u00e9 n\u00e1u\u0161nice huggie"},"content":{"rendered":"<p>Model: KXC6693<br \/>\nWaga ok. 1,09g<\/p>\n<p>N\u00e1u\u0161nice.<br \/>\n\u017dlut\u00e9 zlato 0,333.<\/p>\n<p>D\u0142ugo\u015b\u0107 12 mm.<br \/>\nSzeroko\u015b\u0107 3 mm.<\/p>","protected":false},"excerpt":{"rendered":"<p>Subtelne kolczyki typu huggie o prostok\u0105tnym przekroju, wykonane z 8-karatowego \u017c\u00f3\u0142tego z\u0142ota 0,333. Kompaktowy kszta\u0142t (d\u0142. 12 mm, szer. 3 mm) nadaje im eleganckiej dyskrecji, a g\u0142adka, wypolerowana powierzchnia pi\u0119knie odbija \u015bwiat\u0142o. Wyposa\u017cone w wygodne, zawiasowe zapi\u0119cie, idealnie przylegaj\u0105 do ucha, zapewniaj\u0105c komfort noszenia przez ca\u0142y dzie\u0144.<\/p>","protected":false},"featured_media":20116,"comment_status":"closed","ping_status":"closed","template":"","meta":{"om_disable_all_campaigns":false},"product_brand":[2284,2350],"product_cat":[199,2044,1930],"product_tag":[5384,3503,5391,5390,5388,1394,5389,2384,2683],"class_list":{"0":"post-14371","1":"product","2":"type-product","3":"status-publish","4":"has-post-thumbnail","6":"product_brand-staviori","7":"product_brand-verona","8":"product_cat-kolczyki","9":"product_cat-zlote-kolczyki","10":"product_cat-zloto-2","11":"product_tag-333-zloto","12":"product_tag-codzienne-kolczyki","13":"product_tag-dyskretne-kolczyki","14":"product_tag-huggie","15":"product_tag-jx20512","16":"product_tag-kolczyki","17":"product_tag-kxc6693","18":"product_tag-minimalistyczna-bizuteria","19":"product_tag-zlote-kolczyki","20":"pa_dlugosc-12mm","21":"pa_kolor-zolte","22":"pa_kruszec-zloto","23":"pa_proba-0-333","24":"pa_szerokosc-3mm","25":"pa_waga-109g","26":"pa_zapiecie-angielskie","28":"first","29":"instock","30":"purchasable","31":"product-type-simple"},"aioseo_notices":[],"_links":{"self":[{"href":"https:\/\/staviori.com.pl\/cs\/wp-json\/wp\/v2\/product\/14371","targetHints":{"allow":["GET"]}}],"collection":[{"href":"https:\/\/staviori.com.pl\/cs\/wp-json\/wp\/v2\/product"}],"about":[{"href":"https:\/\/staviori.com.pl\/cs\/wp-json\/wp\/v2\/types\/product"}],"replies":[{"embeddable":true,"href":"https:\/\/staviori.com.pl\/cs\/wp-json\/wp\/v2\/comments?post=14371"}],"wp:featuredmedia":[{"embeddable":true,"href":"https:\/\/staviori.com.pl\/cs\/wp-json\/wp\/v2\/media\/20116"}],"wp:attachment":[{"href":"https:\/\/staviori.com.pl\/cs\/wp-json\/wp\/v2\/media?parent=14371"}],"wp:term":[{"taxonomy":"product_brand","embeddable":true,"href":"https:\/\/staviori.com.pl\/cs\/wp-json\/wp\/v2\/product_brand?post=14371"},{"taxonomy":"product_cat","embeddable":true,"href":"https:\/\/staviori.com.pl\/cs\/wp-json\/wp\/v2\/product_cat?post=14371"},{"taxonomy":"product_tag","embeddable":true,"href":"https:\/\/staviori.com.pl\/cs\/wp-json\/wp\/v2\/product_tag?post=14371"}],"curies":[{"name":"wp","href":"https:\/\/api.w.org\/{rel}","templated":true}]}}