{"id":14365,"date":"2025-02-24T22:46:18","date_gmt":"2025-02-24T21:46:18","guid":{"rendered":"https:\/\/staviori.com.pl\/product\/zlote-kolczyki-kxc6675\/"},"modified":"2026-02-11T00:08:45","modified_gmt":"2026-02-10T23:08:45","slug":"zlote-kolczyki-kxc6675","status":"publish","type":"product","link":"https:\/\/staviori.com.pl\/cs\/product\/zlote-kolczyki-kxc6675\/","title":{"rendered":"Zlat\u00e9 dvojit\u00e9 kruhov\u00e9 n\u00e1u\u0161nice se zirkony vzorek 333"},"content":{"rendered":"<p>Model: KXC6675<br \/>\nHmotnost p\u0159ibli\u017en\u011b 1,35 g<\/p>\n<p>N\u00e1u\u0161nice.<br \/>\n\u017dlut\u00e9 zlato 0,333.<br \/>\nZirkonie.<\/p>\n<p>D\u0142ugo\u015b\u0107 30 mm.<\/p>","protected":false},"excerpt":{"rendered":"<p>Eleganckie kolczyki-ko\u0142a zdobione rz\u0119dem l\u015bni\u0105cych cyrkonii, wykonane z 8-karatowego \u017c\u00f3\u0142tego z\u0142ota 0,333. Klasyczny kszta\u0142t ko\u0142a o d\u0142ugo\u015bci 30 mm zosta\u0142 wzbogacony delikatnym akcentem kamieni, kt\u00f3re subtelnie roz\u015bwietlaj\u0105 twarz i dodaj\u0105 szyku. Idealne zar\u00f3wno na co dzie\u0144, jak i na wieczorne wyj\u015bcia, \u0142\u0105cz\u0105 w sobie uniwersalno\u015b\u0107 i delikatn\u0105 elegancj\u0119.<\/p>","protected":false},"featured_media":14366,"comment_status":"closed","ping_status":"closed","template":"","meta":{"om_disable_all_campaigns":false},"product_brand":[2284,2350],"product_cat":[199,2044,1930],"product_tag":[3720,2454,2660,5385,1394,2682,5386,2683],"class_list":{"0":"post-14365","1":"product","2":"type-product","3":"status-publish","4":"has-post-thumbnail","6":"product_brand-staviori","7":"product_brand-verona","8":"product_cat-kolczyki","9":"product_cat-zlote-kolczyki","10":"product_cat-zloto-2","11":"product_tag-bizuteria","12":"product_tag-cyrkonia","13":"product_tag-eleganckie-kolczyki","14":"product_tag-hb18793","15":"product_tag-kolczyki","16":"product_tag-kolczyki-kola","17":"product_tag-kxc6675","18":"product_tag-zlote-kolczyki","19":"pa_dlugosc-30mm","20":"pa_kamien-cyrkonia","21":"pa_kolor-zolte","22":"pa_kruszec-zloto","23":"pa_proba-0-333","24":"pa_waga-135g-2","26":"first","27":"instock","28":"purchasable","29":"product-type-simple"},"aioseo_notices":[],"_links":{"self":[{"href":"https:\/\/staviori.com.pl\/cs\/wp-json\/wp\/v2\/product\/14365","targetHints":{"allow":["GET"]}}],"collection":[{"href":"https:\/\/staviori.com.pl\/cs\/wp-json\/wp\/v2\/product"}],"about":[{"href":"https:\/\/staviori.com.pl\/cs\/wp-json\/wp\/v2\/types\/product"}],"replies":[{"embeddable":true,"href":"https:\/\/staviori.com.pl\/cs\/wp-json\/wp\/v2\/comments?post=14365"}],"wp:featuredmedia":[{"embeddable":true,"href":"https:\/\/staviori.com.pl\/cs\/wp-json\/wp\/v2\/media\/14366"}],"wp:attachment":[{"href":"https:\/\/staviori.com.pl\/cs\/wp-json\/wp\/v2\/media?parent=14365"}],"wp:term":[{"taxonomy":"product_brand","embeddable":true,"href":"https:\/\/staviori.com.pl\/cs\/wp-json\/wp\/v2\/product_brand?post=14365"},{"taxonomy":"product_cat","embeddable":true,"href":"https:\/\/staviori.com.pl\/cs\/wp-json\/wp\/v2\/product_cat?post=14365"},{"taxonomy":"product_tag","embeddable":true,"href":"https:\/\/staviori.com.pl\/cs\/wp-json\/wp\/v2\/product_tag?post=14365"}],"curies":[{"name":"wp","href":"https:\/\/api.w.org\/{rel}","templated":true}]}}