{"id":14359,"date":"2025-02-24T22:46:18","date_gmt":"2025-02-24T21:46:18","guid":{"rendered":"https:\/\/staviori.com.pl\/product\/zlote-kolczyki-kxc6656\/"},"modified":"2026-02-11T00:08:45","modified_gmt":"2026-02-10T23:08:45","slug":"zlote-kolczyki-kxc6656","status":"publish","type":"product","link":"https:\/\/staviori.com.pl\/cs\/product\/zlote-kolczyki-kxc6656\/","title":{"rendered":"zlat\u00e9 kv\u011btinov\u00e9 n\u00e1u\u0161nice se zirkony, zlato 333"},"content":{"rendered":"<p>Model: KXC6656<br \/>\nHmotnost p\u0159ibli\u017en\u011b 0,93 g<\/p>\n<p>N\u00e1u\u0161nice.<br \/>\n\u017dlut\u00e9 zlato 0,333.<br \/>\nZirkonie.<\/p>\n<p>\u015arednica 11 mm.<\/p>","protected":false},"excerpt":{"rendered":"<p>Model: KXC6656 Waga ok. 0,93g Kolczyki. \u017b\u00f3\u0142te Z\u0142oto 0,333. Cyrkonia. \u015arednica 11 mm.<\/p>","protected":false},"featured_media":14360,"comment_status":"closed","ping_status":"closed","template":"","meta":{"om_disable_all_campaigns":false},"product_brand":[2284,2350],"product_cat":[199,2044,1930],"product_tag":[2377,2858,6805,6750,6804,2724,2964,2708,6807,6806,6532,4387],"class_list":{"0":"post-14359","1":"product","2":"type-product","3":"status-publish","4":"has-post-thumbnail","6":"product_brand-staviori","7":"product_brand-verona","8":"product_cat-kolczyki","9":"product_cat-zlote-kolczyki","10":"product_cat-zloto-2","11":"product_tag-2377","12":"product_tag-delikatne-kolczyki","13":"product_tag-floral-earrings","14":"product_tag-gold-333","15":"product_tag-gold-flower-earrings","16":"product_tag-kolczyki-kwiaty","17":"product_tag-kolczyki-z-cyrkonia","18":"product_tag-kolczyki-zlote","19":"product_tag-nausnice-kvetiny","20":"product_tag-ohrringe-blume","21":"product_tag-yellow-gold-jewelry","22":"product_tag-zloto-0","23":"pa_kamien-cyrkonia","24":"pa_kolor-zolte","25":"pa_kruszec-zloto","26":"pa_motyw-kwiatek","27":"pa_proba-0-333","28":"pa_srednica-11mm","29":"pa_waga-090g","31":"first","32":"instock","33":"purchasable","34":"product-type-simple"},"aioseo_notices":[],"_links":{"self":[{"href":"https:\/\/staviori.com.pl\/cs\/wp-json\/wp\/v2\/product\/14359","targetHints":{"allow":["GET"]}}],"collection":[{"href":"https:\/\/staviori.com.pl\/cs\/wp-json\/wp\/v2\/product"}],"about":[{"href":"https:\/\/staviori.com.pl\/cs\/wp-json\/wp\/v2\/types\/product"}],"replies":[{"embeddable":true,"href":"https:\/\/staviori.com.pl\/cs\/wp-json\/wp\/v2\/comments?post=14359"}],"wp:featuredmedia":[{"embeddable":true,"href":"https:\/\/staviori.com.pl\/cs\/wp-json\/wp\/v2\/media\/14360"}],"wp:attachment":[{"href":"https:\/\/staviori.com.pl\/cs\/wp-json\/wp\/v2\/media?parent=14359"}],"wp:term":[{"taxonomy":"product_brand","embeddable":true,"href":"https:\/\/staviori.com.pl\/cs\/wp-json\/wp\/v2\/product_brand?post=14359"},{"taxonomy":"product_cat","embeddable":true,"href":"https:\/\/staviori.com.pl\/cs\/wp-json\/wp\/v2\/product_cat?post=14359"},{"taxonomy":"product_tag","embeddable":true,"href":"https:\/\/staviori.com.pl\/cs\/wp-json\/wp\/v2\/product_tag?post=14359"}],"curies":[{"name":"wp","href":"https:\/\/api.w.org\/{rel}","templated":true}]}}