{"id":14345,"date":"2025-02-24T22:46:18","date_gmt":"2025-02-24T21:46:18","guid":{"rendered":"https:\/\/staviori.com.pl\/product\/zlote-kolczyki-kxc6649\/"},"modified":"2026-04-09T21:53:20","modified_gmt":"2026-04-09T19:53:20","slug":"zlote-kolczyki-kxc6649","status":"publish","type":"product","link":"https:\/\/staviori.com.pl\/cs\/product\/zlote-kolczyki-kxc6649\/","title":{"rendered":"Velk\u00e9 zlat\u00e9 n\u00e1u\u0161nice ze \u017elut\u00e9ho zlata 333"},"content":{"rendered":"<p>Model: KXC6649<br \/>\nWaga ok. 2,27g<\/p>\n<p>N\u00e1u\u0161nice.<br \/>\n\u017dlut\u00e9 zlato 0,333.<\/p>","protected":false},"excerpt":{"rendered":"<p>Subtelne kolczyki dmuchane w kszta\u0142cie kropli, wykonane z 8-karatowego \u017c\u00f3\u0142tego z\u0142ota 0,333. Ich g\u0142adka, wypuk\u0142a forma w po\u0142\u0105czeniu z minimalistycznym zapi\u0119ciem typu angielskiego tworzy efektowny, a jednocze\u015bnie lekki dodatek. Doskonale uzupe\u0142ni\u0105 zar\u00f3wno codzienne, jak i wieczorowe stylizacje, nie obci\u0105\u017caj\u0105c ucha.<\/p>","protected":false},"featured_media":14346,"comment_status":"closed","ping_status":"closed","template":"","meta":{"om_disable_all_campaigns":false},"product_brand":[2284,2350],"product_cat":[199,2044,1930],"product_tag":[3720,5381,5379,1394,5380,2996,4329,2683],"class_list":{"0":"post-14345","1":"product","2":"type-product","3":"status-publish","4":"has-post-thumbnail","6":"product_brand-staviori","7":"product_brand-verona","8":"product_cat-kolczyki","9":"product_cat-zlote-kolczyki","10":"product_cat-zloto-2","11":"product_tag-bizuteria","12":"product_tag-dmuchane-kolczyki","13":"product_tag-jx20398","14":"product_tag-kolczyki","15":"product_tag-kxc6649","16":"product_tag-lekkie-kolczyki","17":"product_tag-minimalizm","18":"product_tag-zlote-kolczyki","19":"pa_kolor-zolte","20":"pa_kruszec-zloto","21":"pa_proba-0-333","22":"pa_waga-227g","24":"first","25":"instock","26":"purchasable","27":"product-type-simple"},"aioseo_notices":[],"_links":{"self":[{"href":"https:\/\/staviori.com.pl\/cs\/wp-json\/wp\/v2\/product\/14345","targetHints":{"allow":["GET"]}}],"collection":[{"href":"https:\/\/staviori.com.pl\/cs\/wp-json\/wp\/v2\/product"}],"about":[{"href":"https:\/\/staviori.com.pl\/cs\/wp-json\/wp\/v2\/types\/product"}],"replies":[{"embeddable":true,"href":"https:\/\/staviori.com.pl\/cs\/wp-json\/wp\/v2\/comments?post=14345"}],"wp:featuredmedia":[{"embeddable":true,"href":"https:\/\/staviori.com.pl\/cs\/wp-json\/wp\/v2\/media\/14346"}],"wp:attachment":[{"href":"https:\/\/staviori.com.pl\/cs\/wp-json\/wp\/v2\/media?parent=14345"}],"wp:term":[{"taxonomy":"product_brand","embeddable":true,"href":"https:\/\/staviori.com.pl\/cs\/wp-json\/wp\/v2\/product_brand?post=14345"},{"taxonomy":"product_cat","embeddable":true,"href":"https:\/\/staviori.com.pl\/cs\/wp-json\/wp\/v2\/product_cat?post=14345"},{"taxonomy":"product_tag","embeddable":true,"href":"https:\/\/staviori.com.pl\/cs\/wp-json\/wp\/v2\/product_tag?post=14345"}],"curies":[{"name":"wp","href":"https:\/\/api.w.org\/{rel}","templated":true}]}}