{"id":14341,"date":"2025-02-24T22:46:18","date_gmt":"2025-02-24T21:46:18","guid":{"rendered":"https:\/\/staviori.com.pl\/product\/zlote-kolczyki-kxc6636\/"},"modified":"2026-04-10T20:43:01","modified_gmt":"2026-04-10T18:43:01","slug":"zlote-kolczyki-kxc6636","status":"publish","type":"product","link":"https:\/\/staviori.com.pl\/cs\/product\/zlote-kolczyki-kxc6636\/","title":{"rendered":"Zlat\u00e9 n\u00e1u\u0161nice se zirkony pro d\u00edt\u011b"},"content":{"rendered":"<p>Model: KXC6636<br \/>\nHmotnost p\u0159ibli\u017en\u011b 1,20 g<\/p>\n<p>N\u00e1u\u0161nice.<br \/>\n\u017dlut\u00e9 zlato 0,333.<br \/>\nZirkonie.<\/p>\n<p>D\u0142ugo\u015b\u0107 10 mm.<br \/>\nSzeroko\u015b\u0107 2.7 mm.<br \/>\n\u015arednica 4.9 mm.<\/p>\n<p>Kolczyki wykonane z 8-karatowego z\u0142ota (pr\u00f3ba 0,333) oraz cyrkonii. Model przedstawia fragment ko\u0142a ozdobiony cyrkoniami, przymocowany do bigla angielskiego. Front zdobi szereg przezroczystych cyrkonii. W g\u00f3rnej cz\u0119\u015bci znajduje si\u0119 kwiatek wysadzany delikatnie r\u00f3\u017cowymi cyrkoniami. Zapi\u0119cie na zatrzask z mechanizmem otwierania na zawiasie. Te urocze kolczyki s\u0105 idealnym wyborem dla dziewczynki.<\/p>","protected":false},"excerpt":{"rendered":"<p>\u00da\u017easn\u00e9 n\u00e1u\u0161nice ze \u017elut\u00e9ho zlata 0,333, kter\u00e9 vyza\u0159uj\u00ed jemn\u00fd p\u016fvab. Zdob\u00ed je t\u0159pytiv\u00e9 zirkony ve dvou barv\u00e1ch - klasick\u00e9 pr\u016fhledn\u00e9 a romantick\u00e9 r\u016f\u017eov\u00e9 - a jsou uspo\u0159\u00e1d\u00e1ny do jemn\u00e9ho kv\u011btinov\u00e9ho motivu. Jejich elegantn\u00ed tvar a pohodln\u00e9 zap\u00edn\u00e1n\u00ed anglick\u00e9ho typu z nich \u010din\u00ed dokonal\u00fd dopln\u011bk pro mladou d\u00e1mu pro zvl\u00e1\u0161tn\u00ed p\u0159\u00edle\u017eitosti i ka\u017edodenn\u00ed no\u0161en\u00ed. Jedn\u00e1 se o \u0161perky, kter\u00e9 zd\u016fraz\u0148uj\u00ed d\u00edv\u010d\u00ed p\u016fvab a jemnost.<\/p>","protected":false},"featured_media":14342,"comment_status":"closed","ping_status":"closed","template":"","meta":{"om_disable_all_campaigns":false},"product_brand":[2284,2350],"product_cat":[199,2044,1930],"product_tag":[3430,3505,3286,2953,3506,3504,3491,2683],"class_list":{"0":"post-14341","1":"product","2":"type-product","3":"status-publish","4":"has-post-thumbnail","6":"product_brand-staviori","7":"product_brand-verona","8":"product_cat-kolczyki","9":"product_cat-zlote-kolczyki","10":"product_cat-zloto-2","11":"product_tag-bizuteria-dla-dziewczynki","12":"product_tag-hg12715","13":"product_tag-kolczyki-dzieciece","14":"product_tag-kolczyki-z-cyrkoniami","15":"product_tag-kolczyki-z-kwiatkiem","16":"product_tag-kxc6636","17":"product_tag-prezent-dla-dziecka","18":"product_tag-zlote-kolczyki","19":"pa_dlugosc-10mm","20":"pa_kamien-cyrkonia","21":"pa_kolor-zolte","22":"pa_kruszec-zloto","23":"pa_motyw-kwiatek","24":"pa_proba-0-333","25":"pa_szerokosc-2-7mm","26":"pa_waga-120g","27":"pa_zapiecie-angielskie","29":"first","30":"instock","31":"purchasable","32":"product-type-simple"},"aioseo_notices":[],"_links":{"self":[{"href":"https:\/\/staviori.com.pl\/cs\/wp-json\/wp\/v2\/product\/14341","targetHints":{"allow":["GET"]}}],"collection":[{"href":"https:\/\/staviori.com.pl\/cs\/wp-json\/wp\/v2\/product"}],"about":[{"href":"https:\/\/staviori.com.pl\/cs\/wp-json\/wp\/v2\/types\/product"}],"replies":[{"embeddable":true,"href":"https:\/\/staviori.com.pl\/cs\/wp-json\/wp\/v2\/comments?post=14341"}],"wp:featuredmedia":[{"embeddable":true,"href":"https:\/\/staviori.com.pl\/cs\/wp-json\/wp\/v2\/media\/14342"}],"wp:attachment":[{"href":"https:\/\/staviori.com.pl\/cs\/wp-json\/wp\/v2\/media?parent=14341"}],"wp:term":[{"taxonomy":"product_brand","embeddable":true,"href":"https:\/\/staviori.com.pl\/cs\/wp-json\/wp\/v2\/product_brand?post=14341"},{"taxonomy":"product_cat","embeddable":true,"href":"https:\/\/staviori.com.pl\/cs\/wp-json\/wp\/v2\/product_cat?post=14341"},{"taxonomy":"product_tag","embeddable":true,"href":"https:\/\/staviori.com.pl\/cs\/wp-json\/wp\/v2\/product_tag?post=14341"}],"curies":[{"name":"wp","href":"https:\/\/api.w.org\/{rel}","templated":true}]}}