{"id":14331,"date":"2025-02-24T22:46:18","date_gmt":"2025-02-24T21:46:18","guid":{"rendered":"https:\/\/staviori.com.pl\/product\/zlote-kolczyki-kxc6558\/"},"modified":"2026-02-11T00:08:45","modified_gmt":"2026-02-10T23:08:45","slug":"zlote-kolczyki-kxc6558","status":"publish","type":"product","link":"https:\/\/staviori.com.pl\/cs\/product\/zlote-kolczyki-kxc6558\/","title":{"rendered":"Zlat\u00e9 24mm n\u00e1u\u0161nice ve tvaru kroucen\u00e9ho kruhu - KXC6558"},"content":{"rendered":"<p>Model: KXC6558<br \/>\nWaga ok. 1,70g<\/p>\n<p>N\u00e1u\u0161nice.<br \/>\n\u017dlut\u00e9 zlato 0,333.<\/p>","protected":false},"excerpt":{"rendered":"<p>Stylowe kolczyki ko\u0142a wykonane z \u017c\u00f3\u0142tego z\u0142ota pr\u00f3by 0,333 zachwycaj\u0105 wyj\u0105tkow\u0105 faktur\u0105 i subtelnym po\u0142yskiem. Ich skr\u0119cana forma dodaje lekko\u015bci i elegancji, tworz\u0105c ponadczasowy dodatek do ka\u017cdej stylizacji. Idealne zar\u00f3wno na co dzie\u0144, jak i na wyj\u0105tkowe okazje \u2013 klasyka z nowoczesnym twistem.<\/p>","protected":false},"featured_media":18162,"comment_status":"closed","ping_status":"closed","template":"","meta":{"om_disable_all_campaigns":false},"product_brand":[2284,2350],"product_cat":[199,2044,1930],"product_tag":[2317,3473,2603,2682,2674,3476,3474,3475,2683],"class_list":{"0":"post-14331","1":"product","2":"type-product","3":"status-publish","4":"has-post-thumbnail","6":"product_brand-staviori","7":"product_brand-verona","8":"product_cat-kolczyki","9":"product_cat-zlote-kolczyki","10":"product_cat-zloto-2","11":"product_tag-elegancka-bizuteria","12":"product_tag-jx19747","13":"product_tag-klasyczna-bizuteria","14":"product_tag-kolczyki-kola","15":"product_tag-kolczyki-na-co-dzien","16":"product_tag-kolczyki-zloto-333","17":"product_tag-kxc6558","18":"product_tag-skrecane-kolczyki","19":"product_tag-zlote-kolczyki","20":"pa_kolor-zolte","21":"pa_kruszec-zloto","22":"pa_proba-0-333","23":"pa_waga-170g","24":"pa_zapiecie-szarnir","26":"first","27":"instock","28":"purchasable","29":"product-type-simple"},"aioseo_notices":[],"_links":{"self":[{"href":"https:\/\/staviori.com.pl\/cs\/wp-json\/wp\/v2\/product\/14331","targetHints":{"allow":["GET"]}}],"collection":[{"href":"https:\/\/staviori.com.pl\/cs\/wp-json\/wp\/v2\/product"}],"about":[{"href":"https:\/\/staviori.com.pl\/cs\/wp-json\/wp\/v2\/types\/product"}],"replies":[{"embeddable":true,"href":"https:\/\/staviori.com.pl\/cs\/wp-json\/wp\/v2\/comments?post=14331"}],"wp:featuredmedia":[{"embeddable":true,"href":"https:\/\/staviori.com.pl\/cs\/wp-json\/wp\/v2\/media\/18162"}],"wp:attachment":[{"href":"https:\/\/staviori.com.pl\/cs\/wp-json\/wp\/v2\/media?parent=14331"}],"wp:term":[{"taxonomy":"product_brand","embeddable":true,"href":"https:\/\/staviori.com.pl\/cs\/wp-json\/wp\/v2\/product_brand?post=14331"},{"taxonomy":"product_cat","embeddable":true,"href":"https:\/\/staviori.com.pl\/cs\/wp-json\/wp\/v2\/product_cat?post=14331"},{"taxonomy":"product_tag","embeddable":true,"href":"https:\/\/staviori.com.pl\/cs\/wp-json\/wp\/v2\/product_tag?post=14331"}],"curies":[{"name":"wp","href":"https:\/\/api.w.org\/{rel}","templated":true}]}}