{"id":14323,"date":"2025-02-24T22:46:18","date_gmt":"2025-02-24T21:46:18","guid":{"rendered":"https:\/\/staviori.com.pl\/product\/zlote-kolczyki-kxc6536\/"},"modified":"2026-02-11T00:08:45","modified_gmt":"2026-02-10T23:08:45","slug":"zlote-kolczyki-kxc6536","status":"publish","type":"product","link":"https:\/\/staviori.com.pl\/cs\/product\/zlote-kolczyki-kxc6536\/","title":{"rendered":"Zlat\u00e9 a\u017eurov\u00e9 n\u00e1u\u0161nice se zirkony - 333 - KXC6536"},"content":{"rendered":"<p>Model: KXC6536<br \/>\nWaga ok. 0,79g<\/p>\n<p>N\u00e1u\u0161nice.<br \/>\n\u017dlut\u00e9 zlato 0,333.<br \/>\nZirkonie.<br \/>\nWymiary 7&#215;9 mm.<\/p>","protected":false},"excerpt":{"rendered":"<p>Staviori Kolczyki. Cyrkonia. \u017b\u00f3\u0142te Z\u0142oto 0,333. Wymiary 7&#215;9 mm.<br \/>\nUrocze kolczyki w kszta\u0142cie serca wykonane z \u017c\u00f3\u0142tego z\u0142ota pr\u00f3by 0,333 to doskona\u0142y wyb\u00f3r dla kobiet ceni\u0105cych romantyczne detale. A\u017curowa forma z delikatnym napisem \u201eLOVE\u201d i l\u015bni\u0105c\u0105 cyrkoni\u0105 tworzy wyj\u0105tkow\u0105 kompozycj\u0119, kt\u00f3ra przyci\u0105ga wzrok. Idealne na prezent \u2013 symboliczne i pe\u0142ne wdzi\u0119ku.<\/p>","protected":false},"featured_media":18137,"comment_status":"closed","ping_status":"closed","template":"","meta":{"om_disable_all_campaigns":false},"product_brand":[2284,2350],"product_cat":[199,2044,1930],"product_tag":[3461,3459,3462,2964,3460,2708,3458,2291,2579],"class_list":{"0":"post-14323","1":"product","2":"type-product","3":"status-publish","4":"has-post-thumbnail","6":"product_brand-staviori","7":"product_brand-verona","8":"product_cat-kolczyki","9":"product_cat-zlote-kolczyki","10":"product_cat-zloto-2","11":"product_tag-bizuteria-love","12":"product_tag-fb16859","13":"product_tag-kolczyki-serduszka","14":"product_tag-kolczyki-z-cyrkonia","15":"product_tag-kolczyki-z-sercem","16":"product_tag-kolczyki-zlote","17":"product_tag-kxc6536","18":"product_tag-prezent-dla-niej","19":"product_tag-romantyczna-bizuteria","20":"pa_kamien-cyrkonia","21":"pa_kolor-zolte","22":"pa_kruszec-zloto","23":"pa_motyw-serce","24":"pa_proba-0-333","25":"pa_waga-079g","26":"pa_wymiary-7x9mm","27":"pa_zapiecie-sztyft","29":"first","30":"instock","31":"purchasable","32":"product-type-simple"},"aioseo_notices":[],"_links":{"self":[{"href":"https:\/\/staviori.com.pl\/cs\/wp-json\/wp\/v2\/product\/14323","targetHints":{"allow":["GET"]}}],"collection":[{"href":"https:\/\/staviori.com.pl\/cs\/wp-json\/wp\/v2\/product"}],"about":[{"href":"https:\/\/staviori.com.pl\/cs\/wp-json\/wp\/v2\/types\/product"}],"replies":[{"embeddable":true,"href":"https:\/\/staviori.com.pl\/cs\/wp-json\/wp\/v2\/comments?post=14323"}],"wp:featuredmedia":[{"embeddable":true,"href":"https:\/\/staviori.com.pl\/cs\/wp-json\/wp\/v2\/media\/18137"}],"wp:attachment":[{"href":"https:\/\/staviori.com.pl\/cs\/wp-json\/wp\/v2\/media?parent=14323"}],"wp:term":[{"taxonomy":"product_brand","embeddable":true,"href":"https:\/\/staviori.com.pl\/cs\/wp-json\/wp\/v2\/product_brand?post=14323"},{"taxonomy":"product_cat","embeddable":true,"href":"https:\/\/staviori.com.pl\/cs\/wp-json\/wp\/v2\/product_cat?post=14323"},{"taxonomy":"product_tag","embeddable":true,"href":"https:\/\/staviori.com.pl\/cs\/wp-json\/wp\/v2\/product_tag?post=14323"}],"curies":[{"name":"wp","href":"https:\/\/api.w.org\/{rel}","templated":true}]}}