{"id":14319,"date":"2025-02-24T22:46:18","date_gmt":"2025-02-24T21:46:18","guid":{"rendered":"https:\/\/staviori.com.pl\/product\/zlote-kolczyki-kxc6493\/"},"modified":"2026-02-11T00:08:45","modified_gmt":"2026-02-10T23:08:45","slug":"zlote-kolczyki-kxc6493","status":"publish","type":"product","link":"https:\/\/staviori.com.pl\/cs\/product\/zlote-kolczyki-kxc6493\/","title":{"rendered":"Zlat\u00e9 n\u00e1u\u0161nice KXC6493"},"content":{"rendered":"<p>Model: KXC6493<br \/>\nWaga ok. 1,45g<\/p>\n<p>N\u00e1u\u0161nice.<br \/>\n\u017dlut\u00e9 zlato 0,333.<\/p>","protected":false},"excerpt":{"rendered":"<p>Nowoczesne kolczyki z \u017c\u00f3\u0142tego z\u0142ota pr\u00f3by 0,333 o intryguj\u0105cej formie trzech po\u0142\u0105czonych k\u00f3\u0142 to wyrazisty dodatek dla kobiet lubi\u0105cych odwa\u017cne akcenty. Geometryczny design i po\u0142yskliwa powierzchnia tworz\u0105 harmonijn\u0105 ca\u0142o\u015b\u0107, kt\u00f3ra przyci\u0105ga spojrzenia. Idealne do stylizacji z charakterem \u2013 zar\u00f3wno na dzie\u0144, jak i na wiecz\u00f3r.<\/p>","protected":false},"featured_media":14320,"comment_status":"closed","ping_status":"closed","template":"","meta":{"om_disable_all_campaigns":false},"product_brand":[2284,2350],"product_cat":[199,2044,1930],"product_tag":[2978,2682,3479,2708,3478,3477,3480,2569,2518],"class_list":{"0":"post-14319","1":"product","2":"type-product","3":"status-publish","4":"has-post-thumbnail","6":"product_brand-staviori","7":"product_brand-verona","8":"product_cat-kolczyki","9":"product_cat-zlote-kolczyki","10":"product_cat-zloto-2","11":"product_tag-geometryczne-kolczyki","12":"product_tag-kolczyki-kola","13":"product_tag-kolczyki-z-charakterem","14":"product_tag-kolczyki-zlote","15":"product_tag-kx19620","16":"product_tag-kxc6493","17":"product_tag-minimalistyczna-elegancja","18":"product_tag-nowoczesna-bizuteria","19":"product_tag-zloto-333","20":"pa_kolor-zolte","21":"pa_kruszec-zloto","22":"pa_proba-0-333","23":"pa_waga-145g","24":"pa_zapiecie-sztyft","26":"first","27":"instock","28":"purchasable","29":"product-type-simple"},"aioseo_notices":[],"_links":{"self":[{"href":"https:\/\/staviori.com.pl\/cs\/wp-json\/wp\/v2\/product\/14319","targetHints":{"allow":["GET"]}}],"collection":[{"href":"https:\/\/staviori.com.pl\/cs\/wp-json\/wp\/v2\/product"}],"about":[{"href":"https:\/\/staviori.com.pl\/cs\/wp-json\/wp\/v2\/types\/product"}],"replies":[{"embeddable":true,"href":"https:\/\/staviori.com.pl\/cs\/wp-json\/wp\/v2\/comments?post=14319"}],"wp:featuredmedia":[{"embeddable":true,"href":"https:\/\/staviori.com.pl\/cs\/wp-json\/wp\/v2\/media\/14320"}],"wp:attachment":[{"href":"https:\/\/staviori.com.pl\/cs\/wp-json\/wp\/v2\/media?parent=14319"}],"wp:term":[{"taxonomy":"product_brand","embeddable":true,"href":"https:\/\/staviori.com.pl\/cs\/wp-json\/wp\/v2\/product_brand?post=14319"},{"taxonomy":"product_cat","embeddable":true,"href":"https:\/\/staviori.com.pl\/cs\/wp-json\/wp\/v2\/product_cat?post=14319"},{"taxonomy":"product_tag","embeddable":true,"href":"https:\/\/staviori.com.pl\/cs\/wp-json\/wp\/v2\/product_tag?post=14319"}],"curies":[{"name":"wp","href":"https:\/\/api.w.org\/{rel}","templated":true}]}}