{"id":14313,"date":"2025-02-24T22:46:18","date_gmt":"2025-02-24T21:46:18","guid":{"rendered":"https:\/\/staviori.com.pl\/product\/zlote-kolczyki-kxc6492\/"},"modified":"2026-02-11T00:08:45","modified_gmt":"2026-02-10T23:08:45","slug":"zlote-kolczyki-kxc6492","status":"publish","type":"product","link":"https:\/\/staviori.com.pl\/cs\/product\/zlote-kolczyki-kxc6492\/","title":{"rendered":"Zlat\u00e9 dlouh\u00e9 n\u00e1u\u0161nice se zirkony - 333 - KXC6492"},"content":{"rendered":"<p>Model: KXC6492<br \/>\nHmotnost p\u0159ibli\u017en\u011b 1,95 g<\/p>\n<p>N\u00e1u\u0161nice.<br \/>\n\u017dlut\u00e9 zlato 0,333.<br \/>\nZirkonie.<\/p>\n<p>D\u00e9lka 45 mm.<\/p>","protected":false},"excerpt":{"rendered":"<p>Fenomen\u00e1ln\u00ed n\u00e1u\u0161nice v podob\u011b zlat\u00fdch \u010dl\u00e1nk\u016f pot\u011b\u0161\u00ed svou modern\u00ed lini\u00ed a v\u00fdjime\u010dn\u00fdm leskem. Jsou vyrobeny ze \u017elut\u00e9ho zlata o ryzosti 0,333 a obohaceny o prvek zirkonu, kter\u00fd celku dod\u00e1v\u00e1 luxusn\u00ed charakter. Dlouh\u00e9 a p\u016fsobiv\u00e9 n\u00e1u\u0161nice jsou ide\u00e1ln\u00ed pro ve\u010dern\u00ed no\u0161en\u00ed, ale tak\u00e9 jako v\u00fdrazn\u00fd akcent ka\u017edodenn\u00edho vzhledu.<\/p>","protected":false},"featured_media":14314,"comment_status":"closed","ping_status":"closed","template":"","meta":{"om_disable_all_campaigns":false},"product_brand":[2284,2350],"product_cat":[199,2044,1930],"product_tag":[2891,2317,3482,2953,3484,2708,3483,2924,2518],"class_list":{"0":"post-14313","1":"product","2":"type-product","3":"status-publish","4":"has-post-thumbnail","6":"product_brand-staviori","7":"product_brand-verona","8":"product_cat-kolczyki","9":"product_cat-zlote-kolczyki","10":"product_cat-zloto-2","11":"product_tag-dlugie-kolczyki","12":"product_tag-elegancka-bizuteria","13":"product_tag-fb18762","14":"product_tag-kolczyki-z-cyrkoniami","15":"product_tag-kolczyki-z-ogniw","16":"product_tag-kolczyki-zlote","17":"product_tag-kxc6492","18":"product_tag-wieczorowa-bizuteria","19":"product_tag-zloto-333","20":"pa_dlugosc-45mm","21":"pa_kamien-cyrkonia","22":"pa_kolor-zolte","23":"pa_kruszec-zloto","24":"pa_proba-0-333","25":"pa_waga-195g","26":"pa_zapiecie-sztyft","28":"first","29":"instock","30":"purchasable","31":"product-type-simple"},"aioseo_notices":[],"_links":{"self":[{"href":"https:\/\/staviori.com.pl\/cs\/wp-json\/wp\/v2\/product\/14313","targetHints":{"allow":["GET"]}}],"collection":[{"href":"https:\/\/staviori.com.pl\/cs\/wp-json\/wp\/v2\/product"}],"about":[{"href":"https:\/\/staviori.com.pl\/cs\/wp-json\/wp\/v2\/types\/product"}],"replies":[{"embeddable":true,"href":"https:\/\/staviori.com.pl\/cs\/wp-json\/wp\/v2\/comments?post=14313"}],"wp:featuredmedia":[{"embeddable":true,"href":"https:\/\/staviori.com.pl\/cs\/wp-json\/wp\/v2\/media\/14314"}],"wp:attachment":[{"href":"https:\/\/staviori.com.pl\/cs\/wp-json\/wp\/v2\/media?parent=14313"}],"wp:term":[{"taxonomy":"product_brand","embeddable":true,"href":"https:\/\/staviori.com.pl\/cs\/wp-json\/wp\/v2\/product_brand?post=14313"},{"taxonomy":"product_cat","embeddable":true,"href":"https:\/\/staviori.com.pl\/cs\/wp-json\/wp\/v2\/product_cat?post=14313"},{"taxonomy":"product_tag","embeddable":true,"href":"https:\/\/staviori.com.pl\/cs\/wp-json\/wp\/v2\/product_tag?post=14313"}],"curies":[{"name":"wp","href":"https:\/\/api.w.org\/{rel}","templated":true}]}}