{"id":14305,"date":"2025-02-24T22:46:18","date_gmt":"2025-02-24T21:46:18","guid":{"rendered":"https:\/\/staviori.com.pl\/product\/zlote-kolczyki-kxc6448\/"},"modified":"2026-02-11T00:08:44","modified_gmt":"2026-02-10T23:08:44","slug":"zlote-kolczyki-kxc6448","status":"publish","type":"product","link":"https:\/\/staviori.com.pl\/cs\/product\/zlote-kolczyki-kxc6448\/","title":{"rendered":"D\u011btsk\u00e9 zlat\u00e9 n\u00e1u\u0161nice s m\u00e1tov\u00fdm smaltem a mot\u00fdlem"},"content":{"rendered":"<p>Model: KXC6448<br \/>\nWaga ok. 0,33g<\/p>\n<p>N\u00e1u\u0161nice.<br \/>\n\u017dlut\u00e9 zlato 0,333.<br \/>\nEmalia.<\/p>\n<p>D\u00e9lka 7 mm.<br \/>\n\u0160\u00ed\u0159ka 5 mm.<\/p>\n<p>Pi\u0119kne dzieci\u0119ce kolczyki w kszta\u0142cie motylk\u00f3w, z\u0142ote z turkusowo-mi\u0119tow\u0105 emali\u0105.<\/p>","protected":false},"excerpt":{"rendered":"<p>Urocze dzieci\u0119ce kolczyki w kszta\u0142cie motylk\u00f3w wykonane z \u017c\u00f3\u0142tego z\u0142ota pr\u00f3by 0,333, ozdobione turkusow\u0105 emali\u0105, to idealny wyb\u00f3r dla ma\u0142ej damy. Ich delikatna forma i kolorowe wyko\u0144czenie dodaj\u0105 lekko\u015bci i rado\u015bci ka\u017cdej stylizacji. Bezpieczne zapi\u0119cie sztyftowe sprawia, \u017ce s\u0105 wygodne w noszeniu ka\u017cdego dnia.<\/p>","protected":false},"featured_media":18170,"comment_status":"closed","ping_status":"closed","template":"","meta":{"om_disable_all_campaigns":false},"product_brand":[2284,2350],"product_cat":[199,2044,1930],"product_tag":[3430,2858,3492,3341,3178,3491,3490,3489],"class_list":{"0":"post-14305","1":"product","2":"type-product","3":"status-publish","4":"has-post-thumbnail","6":"product_brand-staviori","7":"product_brand-verona","8":"product_cat-kolczyki","9":"product_cat-zlote-kolczyki","10":"product_cat-zloto-2","11":"product_tag-bizuteria-dla-dziewczynki","12":"product_tag-delikatne-kolczyki","13":"product_tag-fl18800","14":"product_tag-kolczyki-dla-dzieci","15":"product_tag-kolczyki-motylki","16":"product_tag-prezent-dla-dziecka","17":"product_tag-turkusowa-emalia","18":"product_tag-zlote-kolczyki-dzieciece","19":"pa_dlugosc-7mm","20":"pa_kamien-emalia","21":"pa_kolor-zolte","22":"pa_kruszec-zloto","23":"pa_motyw-motylek","24":"pa_proba-0-333","25":"pa_szerokosc-5mm","26":"pa_waga-033g","27":"pa_zapiecie-sztyft","29":"first","30":"instock","31":"purchasable","32":"product-type-simple"},"aioseo_notices":[],"_links":{"self":[{"href":"https:\/\/staviori.com.pl\/cs\/wp-json\/wp\/v2\/product\/14305","targetHints":{"allow":["GET"]}}],"collection":[{"href":"https:\/\/staviori.com.pl\/cs\/wp-json\/wp\/v2\/product"}],"about":[{"href":"https:\/\/staviori.com.pl\/cs\/wp-json\/wp\/v2\/types\/product"}],"replies":[{"embeddable":true,"href":"https:\/\/staviori.com.pl\/cs\/wp-json\/wp\/v2\/comments?post=14305"}],"wp:featuredmedia":[{"embeddable":true,"href":"https:\/\/staviori.com.pl\/cs\/wp-json\/wp\/v2\/media\/18170"}],"wp:attachment":[{"href":"https:\/\/staviori.com.pl\/cs\/wp-json\/wp\/v2\/media?parent=14305"}],"wp:term":[{"taxonomy":"product_brand","embeddable":true,"href":"https:\/\/staviori.com.pl\/cs\/wp-json\/wp\/v2\/product_brand?post=14305"},{"taxonomy":"product_cat","embeddable":true,"href":"https:\/\/staviori.com.pl\/cs\/wp-json\/wp\/v2\/product_cat?post=14305"},{"taxonomy":"product_tag","embeddable":true,"href":"https:\/\/staviori.com.pl\/cs\/wp-json\/wp\/v2\/product_tag?post=14305"}],"curies":[{"name":"wp","href":"https:\/\/api.w.org\/{rel}","templated":true}]}}